{"id":2961,"date":"2024-10-23T14:40:11","date_gmt":"2024-10-23T12:40:11","guid":{"rendered":"http:\/\/billigtrikots.com\/?post_type=product&#038;p=2961"},"modified":"2024-10-23T14:42:16","modified_gmt":"2024-10-23T12:42:16","slug":"manchester-united-cup-heimtrikot-2022-fuer-kinder-rot-mit-aufdruck-shaw-23","status":"publish","type":"product","link":"https:\/\/www.billigtrikotde.com\/sk\/manchester-united-cup-heimtrikot-2022-fuer-kinder-rot-mit-aufdruck-shaw-23\/","title":{"rendered":"Manchester United Cup dom\u00e1ce tri\u010dko 2022 pre deti \u010derven\u00e9 s potla\u010dou SHAW 23"},"content":{"rendered":"<p>Mlad\u00e9 talenty, odhodlanie a potrebn\u00e1 d\u00e1vka amb\u00edcie. Tieto tri piliere prin\u00e1\u0161aj\u00fa Manchester United u\u017e viac ako storo\u010die b\u00farliv\u00e9 \u00faspechy. Tento dres adidas Manchester United pre deti a t\u00edned\u017eerov je in\u0161pirovan\u00fd svoj\u00edm \u010dist\u00fdm \u010derven\u00fdm dizajnom a bielym, rebrovan\u00fdm okr\u00fahlym v\u00fdstrihom z legend\u00e1rneho vybavenia, s ktor\u00fdm t\u00edm dosiahol niektor\u00e9 zo svojich nezabudnute\u013en\u00fdch triumfov. Dizajn pre fan\u00fa\u0161ikov je vyroben\u00fd z m\u00e4kk\u00e9ho materi\u00e1lu s technol\u00f3giou absorpcie vlhkosti AEROREADY a zaru\u010duje pr\u00edjemn\u00fd such\u00fd a pohodln\u00fd pocit pri nosen\u00ed. Detail na zadnej strane tie\u017e ukazuje, \u017ee ste skuto\u010dn\u00fd fan\u00fa\u0161ik. Tento produkt je Primegreen: vyroben\u00fd z r\u00f4znych funk\u010dn\u00fdch recyklovan\u00fdch materi\u00e1lov.<\/p>\n<p>Tipy na tla\u010d: Ak s\u00fa meno a \u010d\u00edslo na obr\u00e1zku presne tak\u00e9, ak\u00e9 chcete, nemus\u00edte ich zad\u00e1va\u0165 znova. Ak nie, mali by ste zada\u0165 po\u017eadovan\u00e9 meno a \u010d\u00edslo.<\/p>\n<p>Tipy na pranie: Odpor\u00fa\u010dame pra\u0165 futbalov\u00e9 tri\u010dk\u00e1 v ruke. Ak chcete pou\u017ei\u0165 pr\u00e1\u010dku, nezabudnite futbalov\u00e9 tri\u010dk\u00e1 oto\u010di\u0165 naruby a potom ich vypra\u0165. Napl\u0148te pr\u00e1\u010dku studenou vodou a pou\u017eite jemn\u00fd cyklus, aby ste lep\u0161ie ochr\u00e1nili farby.<\/p>","protected":false},"excerpt":{"rendered":"<p>Junge Talente, Biss und die n\u00f6tige Portion Ehrgeiz. Diese drei S\u00e4ulen bescheren Manchester United schon mehr als ein Jahrhundert lang rauschende Erfolge. Dieses adidas Manchester United Trikot f\u00fcr Kinder und Teens ist mit seinem cleanen roten Design und dem wei\u00dfen, gerippten Rundhalsausschnitt von der legend\u00e4ren Ausr\u00fcstung inspiriert, mit der die Mannschaft einige ihrer unvergesslichsten Triumphe [&hellip;]<\/p>","protected":false},"featured_media":3002,"comment_status":"open","ping_status":"closed","template":"","meta":[],"product_brand":[],"product_cat":[140],"product_tag":[20,94,141,52,142],"class_list":{"0":"post-2961","1":"product","2":"type-product","3":"status-publish","4":"has-post-thumbnail","6":"product_cat-manchester-united-kindertrikot","7":"product_tag-coole-fussballtrikots","8":"product_tag-kinder-fussball-trikotsatz","9":"product_tag-manchester-united-heimtrikot","10":"product_tag-manchester-united-trikots","11":"product_tag-manchester-united-trikotsatz-fuer-kinder","13":"first","14":"instock","15":"shipping-taxable","16":"purchasable","17":"product-type-variable"},"_links":{"self":[{"href":"https:\/\/www.billigtrikotde.com\/sk\/wp-json\/wp\/v2\/product\/2961","targetHints":{"allow":["GET"]}}],"collection":[{"href":"https:\/\/www.billigtrikotde.com\/sk\/wp-json\/wp\/v2\/product"}],"about":[{"href":"https:\/\/www.billigtrikotde.com\/sk\/wp-json\/wp\/v2\/types\/product"}],"replies":[{"embeddable":true,"href":"https:\/\/www.billigtrikotde.com\/sk\/wp-json\/wp\/v2\/comments?post=2961"}],"wp:featuredmedia":[{"embeddable":true,"href":"https:\/\/www.billigtrikotde.com\/sk\/wp-json\/wp\/v2\/media\/3002"}],"wp:attachment":[{"href":"https:\/\/www.billigtrikotde.com\/sk\/wp-json\/wp\/v2\/media?parent=2961"}],"wp:term":[{"taxonomy":"product_brand","embeddable":true,"href":"https:\/\/www.billigtrikotde.com\/sk\/wp-json\/wp\/v2\/product_brand?post=2961"},{"taxonomy":"product_cat","embeddable":true,"href":"https:\/\/www.billigtrikotde.com\/sk\/wp-json\/wp\/v2\/product_cat?post=2961"},{"taxonomy":"product_tag","embeddable":true,"href":"https:\/\/www.billigtrikotde.com\/sk\/wp-json\/wp\/v2\/product_tag?post=2961"}],"curies":[{"name":"wp","href":"https:\/\/api.w.org\/{rel}","templated":true}]}}