{"id":2886,"date":"2024-10-23T14:36:56","date_gmt":"2024-10-23T12:36:56","guid":{"rendered":"http:\/\/billigtrikots.com\/?post_type=product&#038;p=2886"},"modified":"2024-10-23T14:38:57","modified_gmt":"2024-10-23T12:38:57","slug":"fc-bayern-muenchen-trikot-3rd-in-weiss-2022-fuer-kinder-mit-aufdruck-hernandez-21","status":"publish","type":"product","link":"https:\/\/www.billigtrikotde.com\/sk\/fc-bayern-muenchen-trikot-3rd-in-weiss-2022-fuer-kinder-mit-aufdruck-hernandez-21\/","title":{"rendered":"FC Bayern Mn\u00edchov Jersey 3. v bielej farbe 2022 pre deti s potla\u010dou Hernandez 21"},"content":{"rendered":"<p>M\u00f4\u017eete najlep\u0161ie vyjadri\u0165 svoju l\u00e1sku a spojenie so svoj\u00edm klubom pomocou detsk\u00e9ho tri\u010dka adidas v bielej farbe. Milujte svoj t\u00edm \u2013 s n\u00e1hradn\u00fdm tri\u010dkom FC Bayern Mn\u00edchov, ktor\u00e9 dokonca nosia aj hr\u00e1\u010di v 1. bundeslige, ukazujete, za koho va\u0161e srdce bije. D\u00fdchate\u013en\u00fd, \u013eahk\u00fd, odv\u00e1dzaj\u00faci pot a pohodln\u00fd model v\u00e1s presved\u010d\u00ed na celej \u010diare. Bez oh\u013eadu na to, ako tvrd\u00fd je tr\u00e9ning alebo z\u00e1pas, s t\u00fdmto modelom ste v\u017edy dobre oble\u010den\u00ed. Skvel\u00fd vzh\u013ead tohto \u0161portov\u00e9ho topu pod\u010diarkuje klubov\u00e1 erb na hrudi.<\/p>\n<p>Tipy na tla\u010d: Ak s\u00fa meno a \u010d\u00edslo na obr\u00e1zku presne tak\u00e9, ak\u00e9 chcete, nemus\u00edte ich zad\u00e1va\u0165 znova. Ak nie, mali by ste zada\u0165 po\u017eadovan\u00e9 meno a \u010d\u00edslo.<\/p>\n<p>Tipy na pranie: Odpor\u00fa\u010dame pra\u0165 futbalov\u00e9 tri\u010dk\u00e1 v ruke. Ak chcete pou\u017ei\u0165 pr\u00e1\u010dku, nezabudnite futbalov\u00e9 tri\u010dk\u00e1 oto\u010di\u0165 naruby a potom ich vypra\u0165. Napl\u0148te pr\u00e1\u010dku studenou vodou a pou\u017eite jemn\u00fd cyklus, aby ste lep\u0161ie ochr\u00e1nili farby.<\/p>","protected":false},"excerpt":{"rendered":"<p>Du kannst deine Liebe und Verbundenheit zu deinem Verein am besten mit dem adidas Kinder-Shirt in Wei\u00df zeigen. Liebe deine Mannschaft \u2013 mit dem Ausweich-Shirt des FC Bayern M\u00fcnchen, das sogar von den Spielern in der 1. Bundesliga getragen wird, zeigst du, f\u00fcr wen dein Herz schl\u00e4gt. Das atmungsaktive, leichte, schwei\u00dfableitende und bequeme Modell \u00fcberzeugt [&hellip;]<\/p>","protected":false},"featured_media":2930,"comment_status":"open","ping_status":"closed","template":"","meta":[],"product_brand":[],"product_cat":[135],"product_tag":[139,137,138,20,94],"class_list":{"0":"post-2886","1":"product","2":"type-product","3":"status-publish","4":"has-post-thumbnail","6":"product_cat-bayern-munich-kindertrikot","7":"product_tag-bayern-muenchen-ausweichtrikot","8":"product_tag-bayern-muenchen-trikots","9":"product_tag-bayern-munich-trikotsatz-fuer-kinder","10":"product_tag-coole-fussballtrikots","11":"product_tag-kinder-fussball-trikotsatz","13":"first","14":"instock","15":"shipping-taxable","16":"purchasable","17":"product-type-variable"},"_links":{"self":[{"href":"https:\/\/www.billigtrikotde.com\/sk\/wp-json\/wp\/v2\/product\/2886","targetHints":{"allow":["GET"]}}],"collection":[{"href":"https:\/\/www.billigtrikotde.com\/sk\/wp-json\/wp\/v2\/product"}],"about":[{"href":"https:\/\/www.billigtrikotde.com\/sk\/wp-json\/wp\/v2\/types\/product"}],"replies":[{"embeddable":true,"href":"https:\/\/www.billigtrikotde.com\/sk\/wp-json\/wp\/v2\/comments?post=2886"}],"wp:featuredmedia":[{"embeddable":true,"href":"https:\/\/www.billigtrikotde.com\/sk\/wp-json\/wp\/v2\/media\/2930"}],"wp:attachment":[{"href":"https:\/\/www.billigtrikotde.com\/sk\/wp-json\/wp\/v2\/media?parent=2886"}],"wp:term":[{"taxonomy":"product_brand","embeddable":true,"href":"https:\/\/www.billigtrikotde.com\/sk\/wp-json\/wp\/v2\/product_brand?post=2886"},{"taxonomy":"product_cat","embeddable":true,"href":"https:\/\/www.billigtrikotde.com\/sk\/wp-json\/wp\/v2\/product_cat?post=2886"},{"taxonomy":"product_tag","embeddable":true,"href":"https:\/\/www.billigtrikotde.com\/sk\/wp-json\/wp\/v2\/product_tag?post=2886"}],"curies":[{"name":"wp","href":"https:\/\/api.w.org\/{rel}","templated":true}]}}