{"id":2861,"date":"2024-10-23T14:35:53","date_gmt":"2024-10-23T12:35:53","guid":{"rendered":"http:\/\/billigtrikots.com\/?post_type=product&#038;p=2861"},"modified":"2024-10-23T14:37:54","modified_gmt":"2024-10-23T12:37:54","slug":"kinder-trikotsatz-fc-bayern-muenchen-heimtrikot-rot-2022-mit-aufdruck-mueller-25","status":"publish","type":"product","link":"https:\/\/www.billigtrikotde.com\/sk\/kinder-trikotsatz-fc-bayern-muenchen-heimtrikot-rot-2022-mit-aufdruck-mueller-25\/","title":{"rendered":"Detsk\u00fd dres FC Bayern Mn\u00edchov dom\u00e1ci dres \u010derven\u00fd 2022 s potla\u010dou M\u00fcller 25"},"content":{"rendered":"<p>Tu prich\u00e1dza adidas detsk\u00fd kit v \u010dervenej farbe, ktor\u00fd ti pom\u00e1ha podporova\u0165 tvoj ob\u013e\u00faben\u00fd klub v ka\u017edej situ\u00e1cii a uk\u00e1za\u0165, za \u010do ti srdce bije. Ako skuto\u010dn\u00fd fan\u00fa\u0161ik FC Bayern Mnichov potrebuje\u0161 tento dom\u00e1ci set, ktor\u00fd hr\u00e1\u010di nosia v 1. Bundeslige. Potu odv\u00e1dzaj\u00faci, pohodln\u00fd a priedu\u0161n\u00fd syst\u00e9m funk\u010dnosti \u0165a presved\u010d\u00ed. S t\u00fdmto setom m\u00f4\u017ee\u0161 by\u0165 e\u0161te v\u00fdkonnej\u0161\u00ed a pripravi\u0165 sa na \u010fal\u0161\u00ed z\u00e1pas. Dop\u013a\u0148a skvel\u00fd vzh\u013ead dresu klubov\u00fdm erbom na hrudi a erbom na nohaviciach.<\/p>\n<p>Tipy na tla\u010d: Ak s\u00fa meno a \u010d\u00edslo na obr\u00e1zku presne tak\u00e9, ak\u00e9 chcete, nemus\u00edte ich zad\u00e1va\u0165 znova. Ak nie, mali by ste zada\u0165 po\u017eadovan\u00e9 meno a \u010d\u00edslo.<\/p>\n<p>Tipy na pranie: Odpor\u00fa\u010dame pra\u0165 futbalov\u00e9 tri\u010dk\u00e1 v ruke. Ak chcete pou\u017ei\u0165 pr\u00e1\u010dku, nezabudnite futbalov\u00e9 tri\u010dk\u00e1 oto\u010di\u0165 naruby a potom ich vypra\u0165. Napl\u0148te pr\u00e1\u010dku studenou vodou a pou\u017eite jemn\u00fd cyklus, aby ste lep\u0161ie ochr\u00e1nili farby.<\/p>","protected":false},"excerpt":{"rendered":"<p>Hier kommt das adidas Kinder-Kit in Rot, das dir hilft, deinen Lieblingsverein in jeder Lage zu supporten und zu zeigen, wof\u00fcr dein Herz schl\u00e4gt. Als echter FC Bayern M\u00fcnchen-Fan brauchst du dieses Heim-Set, das die Spieler in der 1. Bundesliga tragen. Die schwei\u00dfableitende, bequeme und atmungsaktive Funktionsweise l\u00e4sst es \u00fcberzeugen. Mit diesem Set kannst du [&hellip;]<\/p>","protected":false},"featured_media":2906,"comment_status":"open","ping_status":"closed","template":"","meta":[],"product_brand":[],"product_cat":[135],"product_tag":[136,137,138,20,94],"class_list":{"0":"post-2861","1":"product","2":"type-product","3":"status-publish","4":"has-post-thumbnail","6":"product_cat-bayern-munich-kindertrikot","7":"product_tag-bayern-muenchen-heimtrikot","8":"product_tag-bayern-muenchen-trikots","9":"product_tag-bayern-munich-trikotsatz-fuer-kinder","10":"product_tag-coole-fussballtrikots","11":"product_tag-kinder-fussball-trikotsatz","13":"first","14":"instock","15":"shipping-taxable","16":"purchasable","17":"product-type-variable"},"_links":{"self":[{"href":"https:\/\/www.billigtrikotde.com\/sk\/wp-json\/wp\/v2\/product\/2861","targetHints":{"allow":["GET"]}}],"collection":[{"href":"https:\/\/www.billigtrikotde.com\/sk\/wp-json\/wp\/v2\/product"}],"about":[{"href":"https:\/\/www.billigtrikotde.com\/sk\/wp-json\/wp\/v2\/types\/product"}],"replies":[{"embeddable":true,"href":"https:\/\/www.billigtrikotde.com\/sk\/wp-json\/wp\/v2\/comments?post=2861"}],"wp:featuredmedia":[{"embeddable":true,"href":"https:\/\/www.billigtrikotde.com\/sk\/wp-json\/wp\/v2\/media\/2906"}],"wp:attachment":[{"href":"https:\/\/www.billigtrikotde.com\/sk\/wp-json\/wp\/v2\/media?parent=2861"}],"wp:term":[{"taxonomy":"product_brand","embeddable":true,"href":"https:\/\/www.billigtrikotde.com\/sk\/wp-json\/wp\/v2\/product_brand?post=2861"},{"taxonomy":"product_cat","embeddable":true,"href":"https:\/\/www.billigtrikotde.com\/sk\/wp-json\/wp\/v2\/product_cat?post=2861"},{"taxonomy":"product_tag","embeddable":true,"href":"https:\/\/www.billigtrikotde.com\/sk\/wp-json\/wp\/v2\/product_tag?post=2861"}],"curies":[{"name":"wp","href":"https:\/\/api.w.org\/{rel}","templated":true}]}}