{"id":2834,"date":"2024-10-23T14:34:45","date_gmt":"2024-10-23T12:34:45","guid":{"rendered":"http:\/\/billigtrikots.com\/?post_type=product&#038;p=2834"},"modified":"2024-10-23T14:36:49","modified_gmt":"2024-10-23T12:36:49","slug":"kindertrikot-as-roma-heim-trikot-2022-rot-fuer-kinder-abraham-9-trikotsatz","status":"publish","type":"product","link":"https:\/\/www.billigtrikotde.com\/sk\/kindertrikot-as-roma-heim-trikot-2022-rot-fuer-kinder-abraham-9-trikotsatz\/","title":{"rendered":"Detsk\u00fd dres AS Roma home kit 2022 red pre deti ABRAHAM 9 dresov"},"content":{"rendered":"<p>S nov\u00fdm domovsk\u00fdm dresom Roma v p\u00f4vodnom vzh\u013eade svojich hrdinov nielen\u017ee rozb\u00fari\u0161 \u0161tadi\u00f3n, ale tie\u017e sa m\u00f4\u017ee\u0161 uk\u00e1za\u0165 vo ve\u013ekom aj na vlastnom tr\u00e9ningu! Prich\u00e1dza v tradi\u010dn\u00fdch domovsk\u00fdch farb\u00e1ch, v \u010dervenej a \u017eltej a bude ozdoben\u00fd ofici\u00e1lnymi detailmi klubu a logami sponzorov. Po prv\u00fd raz bud\u00fa \u017elto-\u010derven\u00ed v nasleduj\u00facej sez\u00f3ne vybaven\u00ed spolo\u010dnos\u0165ou New Balance.<\/p>\n<p>Okrem dizajnu maj\u00fa na sebe k dispoz\u00edcii aj materi\u00e1l a strih. Dom\u00e1ci dres je vyroben\u00fd z najlep\u0161ej kvality a z 100% odoln\u00e9ho polyesteru. Navy\u0161e materi\u00e1l NB Dry odv\u00e1dza pot okam\u017eite z tela a zostane\u0161 v\u017edy such\u00fd a chladn\u00fd. Pohodln\u00fd, regul\u00e1rny strih ti poskytuje ve\u013ek\u00fa vo\u013enos\u0165 pohybu a m\u00e4kk\u00fd V-krk jemne prilieha k poko\u017eke.<\/p>\n<p>Tipy na tla\u010d: Ak s\u00fa meno a \u010d\u00edslo na obr\u00e1zku presne tak\u00e9, ak\u00e9 chcete, nemus\u00edte ich zad\u00e1va\u0165 znova. Ak nie, mali by ste zada\u0165 po\u017eadovan\u00e9 meno a \u010d\u00edslo.<\/p>\n<p>Tipy na pranie: Odpor\u00fa\u010dame pra\u0165 futbalov\u00e9 tri\u010dk\u00e1 v ruke. Ak chcete pou\u017ei\u0165 pr\u00e1\u010dku, nezabudnite futbalov\u00e9 tri\u010dk\u00e1 oto\u010di\u0165 naruby a potom ich vypra\u0165. Napl\u0148te pr\u00e1\u010dku studenou vodou a pou\u017eite jemn\u00fd cyklus, aby ste lep\u0161ie ochr\u00e1nili farby.<\/p>","protected":false},"excerpt":{"rendered":"<p>S nov\u00fdm domovsk\u00fdm dresom Roma v p\u00f4vodnom vzh\u013eade svojich hrdinov nielen\u017ee rozb\u00fari\u0161 \u0161tadi\u00f3n, ale tie\u017e sa m\u00f4\u017ee\u0161 uk\u00e1za\u0165 vo ve\u013ekom aj na vlastnom tr\u00e9ningu! Prich\u00e1dza v tradi\u010dn\u00fdch domovsk\u00fdch farb\u00e1ch, v \u010dervenej a \u017eltej a bude ozdoben\u00fd ofici\u00e1lnymi detailmi klubu a logami sponzorov. Po prv\u00fd raz bud\u00fa \u017elto-\u010derven\u00ed v nasleduj\u00facej sez\u00f3ne vybaven\u00ed spolo\u010dnos\u0165ou New Balance.<\/p>","protected":false},"featured_media":2869,"comment_status":"open","ping_status":"closed","template":"","meta":[],"product_brand":[],"product_cat":[133],"product_tag":[86,87,134,20,94],"class_list":{"0":"post-2834","1":"product","2":"type-product","3":"status-publish","4":"has-post-thumbnail","6":"product_cat-as-roma-kindertrikot","7":"product_tag-as-roma-heimtrikot","8":"product_tag-as-roma-trikots","9":"product_tag-as-roma-trikotsatz-fuer-kinder","10":"product_tag-coole-fussballtrikots","11":"product_tag-kinder-fussball-trikotsatz","13":"first","14":"instock","15":"shipping-taxable","16":"purchasable","17":"product-type-variable"},"_links":{"self":[{"href":"https:\/\/www.billigtrikotde.com\/sk\/wp-json\/wp\/v2\/product\/2834","targetHints":{"allow":["GET"]}}],"collection":[{"href":"https:\/\/www.billigtrikotde.com\/sk\/wp-json\/wp\/v2\/product"}],"about":[{"href":"https:\/\/www.billigtrikotde.com\/sk\/wp-json\/wp\/v2\/types\/product"}],"replies":[{"embeddable":true,"href":"https:\/\/www.billigtrikotde.com\/sk\/wp-json\/wp\/v2\/comments?post=2834"}],"wp:featuredmedia":[{"embeddable":true,"href":"https:\/\/www.billigtrikotde.com\/sk\/wp-json\/wp\/v2\/media\/2869"}],"wp:attachment":[{"href":"https:\/\/www.billigtrikotde.com\/sk\/wp-json\/wp\/v2\/media?parent=2834"}],"wp:term":[{"taxonomy":"product_brand","embeddable":true,"href":"https:\/\/www.billigtrikotde.com\/sk\/wp-json\/wp\/v2\/product_brand?post=2834"},{"taxonomy":"product_cat","embeddable":true,"href":"https:\/\/www.billigtrikotde.com\/sk\/wp-json\/wp\/v2\/product_cat?post=2834"},{"taxonomy":"product_tag","embeddable":true,"href":"https:\/\/www.billigtrikotde.com\/sk\/wp-json\/wp\/v2\/product_tag?post=2834"}],"curies":[{"name":"wp","href":"https:\/\/api.w.org\/{rel}","templated":true}]}}