{"id":2813,"date":"2024-10-23T14:33:43","date_gmt":"2024-10-23T12:33:43","guid":{"rendered":"http:\/\/billigtrikots.com\/?post_type=product&#038;p=2813"},"modified":"2024-10-23T14:35:46","modified_gmt":"2024-10-23T12:35:46","slug":"herren-spanien-em-2022-heimtrikot-rot-mit-aufdruck-jordi-alba-18","status":"publish","type":"product","link":"https:\/\/www.billigtrikotde.com\/sk\/herren-spanien-em-2022-heimtrikot-rot-mit-aufdruck-jordi-alba-18\/","title":{"rendered":"P\u00e1nsky dres \u0160panielsko ME 2022 Dom\u00e1ci \u010derven\u00fd s n\u00e1pisom JORDI ALBA 18"},"content":{"rendered":"<p>adidas bringt mit dem Trikot in Rot ein Produkt heraus, mit dem du deinen Lieblingsverein in guten wie in schlechten Zeiten mit Liebe und Hingabe unterst\u00fctzen kannst. Erweitere deine Kollektion mit dem Heim-Trikot, das auch die Spieler bei der Europameisterschaft tragen. Die atmungsaktive, bequeme, leichte und schwei\u00dfableitende Funktionsweise l\u00e4sst es \u00fcberzeugen. So bist du noch leistungsf\u00e4higer und kannst in jeder Einheit alles geben. Zum absoluten Highlight wird es durch das Verbandslogo auf der Brust.<\/p>\n<p>Tipy na tla\u010d: Ak s\u00fa meno a \u010d\u00edslo na obr\u00e1zku presne tak\u00e9, ak\u00e9 chcete, nemus\u00edte ich zad\u00e1va\u0165 znova. Ak nie, mali by ste zada\u0165 po\u017eadovan\u00e9 meno a \u010d\u00edslo.<\/p>\n<p>Tipy na pranie: Odpor\u00fa\u010dame pra\u0165 futbalov\u00e9 tri\u010dk\u00e1 v ruke. Ak chcete pou\u017ei\u0165 pr\u00e1\u010dku, nezabudnite futbalov\u00e9 tri\u010dk\u00e1 oto\u010di\u0165 naruby a potom ich vypra\u0165. Napl\u0148te pr\u00e1\u010dku studenou vodou a pou\u017eite jemn\u00fd cyklus, aby ste lep\u0161ie ochr\u00e1nili farby.<\/p>","protected":false},"excerpt":{"rendered":"<p>adidas prich\u00e1dza s \u010derven\u00fdm dresom, ktor\u00fd je produktom, s ktor\u00fdm m\u00f4\u017eete podporova\u0165 svoj ob\u013e\u00faben\u00fd klub v dobrom aj zlom s l\u00e1skou a oddanos\u0165ou. Roz\u0161\u00edrte svoju kolekciu o dom\u00e1ci dres, ktor\u00fd nosia aj hr\u00e1\u010di na majstrovstv\u00e1ch Eur\u00f3py. D\u00fdchate\u013en\u00fd, pohodln\u00fd, \u013eahk\u00fd a odv\u00e1dzaj\u00faci pot, ktor\u00fd v\u00e1s presved\u010d\u00ed. Takto budete e\u0161te [...]<\/p>","protected":false},"featured_media":2854,"comment_status":"open","ping_status":"closed","template":"","meta":[],"product_brand":[],"product_cat":[131],"product_tag":[20,21,22,23,24,132],"class_list":{"0":"post-2813","1":"product","2":"type-product","3":"status-publish","4":"has-post-thumbnail","6":"product_cat-spanien-trikots","7":"product_tag-coole-fussballtrikots","8":"product_tag-fussballtrikot-fuer-herren","9":"product_tag-fussballtrikot-guenstig-kaufen","10":"product_tag-fussballtrikot-kurzarm","11":"product_tag-guenstiges-fussballtrikot","12":"product_tag-spanien-heimtrikot","14":"first","15":"instock","16":"shipping-taxable","17":"purchasable","18":"product-type-variable"},"_links":{"self":[{"href":"https:\/\/www.billigtrikotde.com\/sk\/wp-json\/wp\/v2\/product\/2813","targetHints":{"allow":["GET"]}}],"collection":[{"href":"https:\/\/www.billigtrikotde.com\/sk\/wp-json\/wp\/v2\/product"}],"about":[{"href":"https:\/\/www.billigtrikotde.com\/sk\/wp-json\/wp\/v2\/types\/product"}],"replies":[{"embeddable":true,"href":"https:\/\/www.billigtrikotde.com\/sk\/wp-json\/wp\/v2\/comments?post=2813"}],"wp:featuredmedia":[{"embeddable":true,"href":"https:\/\/www.billigtrikotde.com\/sk\/wp-json\/wp\/v2\/media\/2854"}],"wp:attachment":[{"href":"https:\/\/www.billigtrikotde.com\/sk\/wp-json\/wp\/v2\/media?parent=2813"}],"wp:term":[{"taxonomy":"product_brand","embeddable":true,"href":"https:\/\/www.billigtrikotde.com\/sk\/wp-json\/wp\/v2\/product_brand?post=2813"},{"taxonomy":"product_cat","embeddable":true,"href":"https:\/\/www.billigtrikotde.com\/sk\/wp-json\/wp\/v2\/product_cat?post=2813"},{"taxonomy":"product_tag","embeddable":true,"href":"https:\/\/www.billigtrikotde.com\/sk\/wp-json\/wp\/v2\/product_tag?post=2813"}],"curies":[{"name":"wp","href":"https:\/\/api.w.org\/{rel}","templated":true}]}}