{"id":2788,"date":"2024-10-23T14:32:38","date_gmt":"2024-10-23T12:32:38","guid":{"rendered":"http:\/\/billigtrikots.com\/?post_type=product&#038;p=2788"},"modified":"2024-10-23T14:34:41","modified_gmt":"2024-10-23T12:34:41","slug":"uruguay-2022-heimtrikot-herren-trikotsatz-kurzarm-in-hellblau-kurze-hosen-schwarz","status":"publish","type":"product","link":"https:\/\/www.billigtrikotde.com\/sk\/uruguay-2022-heimtrikot-herren-trikotsatz-kurzarm-in-hellblau-kurze-hosen-schwarz\/","title":{"rendered":"Dom\u00e1ca s\u00faprava Uruguaj 2022 mu\u017ei s kr\u00e1tkym ruk\u00e1vom v svetlomodrej farbe (+ \u0161ortky \u010dierne)"},"content":{"rendered":"<p>Trikot Puma Uruguay 2022 kombinuje ikonick\u00e9 farby Uruguaja a je preva\u017ene svetlomodr\u00fd (\u201eSilver Lake Blue\u201c).<\/p>\n<p>\u010cist\u00e1 z\u00e1klad\u0148a je doplnen\u00e1 bielymi logami a bielymi p\u00e1smi po stran\u00e1ch. Logo AUF (Uruguaysk\u00e1 futbalov\u00e1 feder\u00e1cia) je umiestnen\u00e9 v novej bielej zlatej aplik\u00e1cii.<\/p>\n<p>Nohavice Puma Uruguay 2021 dom\u00e1ceho dresu s\u00fa \u010dierne.<\/p>\n<p>Tipy na tla\u010d: Ak s\u00fa meno a \u010d\u00edslo na obr\u00e1zku presne tak\u00e9, ak\u00e9 chcete, nemus\u00edte ich zad\u00e1va\u0165 znova. Ak nie, mali by ste zada\u0165 po\u017eadovan\u00e9 meno a \u010d\u00edslo.<\/p>\n<p>Tipy na pranie: Odpor\u00fa\u010dame pra\u0165 futbalov\u00e9 tri\u010dk\u00e1 v ruke. Ak chcete pou\u017ei\u0165 pr\u00e1\u010dku, nezabudnite futbalov\u00e9 tri\u010dk\u00e1 oto\u010di\u0165 naruby a potom ich vypra\u0165. Napl\u0148te pr\u00e1\u010dku studenou vodou a pou\u017eite jemn\u00fd cyklus, aby ste lep\u0161ie ochr\u00e1nili farby.<\/p>","protected":false},"excerpt":{"rendered":"<p>Das Puma Uruguay 2022 Trikot kombiniert die ikonischen Farben Uruguays und ist haupts\u00e4chlich hellblau (\u201eSilver Lake Blue\u201c). Die saubere Basis wird mit wei\u00dfen Logos sowie wei\u00dfen Streifen an den Seitenbahnen kombiniert. Das AUF (Uruguayan Football Federation) Logo ist in einer neuen wei\u00df-goldenen Applikation angebracht. Die Hosen des Puma Uruguay 2021 Heimtrikots sind schwarz. Tipps zum [&hellip;]<\/p>","protected":false},"featured_media":2829,"comment_status":"open","ping_status":"closed","template":"","meta":[],"product_brand":[],"product_cat":[128],"product_tag":[20,21,22,23,24,129,130],"class_list":{"0":"post-2788","1":"product","2":"type-product","3":"status-publish","4":"has-post-thumbnail","6":"product_cat-uruguay-trikots","7":"product_tag-coole-fussballtrikots","8":"product_tag-fussballtrikot-fuer-herren","9":"product_tag-fussballtrikot-guenstig-kaufen","10":"product_tag-fussballtrikot-kurzarm","11":"product_tag-guenstiges-fussballtrikot","12":"product_tag-uruguay-heimtrikot","13":"product_tag-uruguay-trikots","15":"first","16":"instock","17":"shipping-taxable","18":"purchasable","19":"product-type-variable"},"_links":{"self":[{"href":"https:\/\/www.billigtrikotde.com\/sk\/wp-json\/wp\/v2\/product\/2788","targetHints":{"allow":["GET"]}}],"collection":[{"href":"https:\/\/www.billigtrikotde.com\/sk\/wp-json\/wp\/v2\/product"}],"about":[{"href":"https:\/\/www.billigtrikotde.com\/sk\/wp-json\/wp\/v2\/types\/product"}],"replies":[{"embeddable":true,"href":"https:\/\/www.billigtrikotde.com\/sk\/wp-json\/wp\/v2\/comments?post=2788"}],"wp:featuredmedia":[{"embeddable":true,"href":"https:\/\/www.billigtrikotde.com\/sk\/wp-json\/wp\/v2\/media\/2829"}],"wp:attachment":[{"href":"https:\/\/www.billigtrikotde.com\/sk\/wp-json\/wp\/v2\/media?parent=2788"}],"wp:term":[{"taxonomy":"product_brand","embeddable":true,"href":"https:\/\/www.billigtrikotde.com\/sk\/wp-json\/wp\/v2\/product_brand?post=2788"},{"taxonomy":"product_cat","embeddable":true,"href":"https:\/\/www.billigtrikotde.com\/sk\/wp-json\/wp\/v2\/product_cat?post=2788"},{"taxonomy":"product_tag","embeddable":true,"href":"https:\/\/www.billigtrikotde.com\/sk\/wp-json\/wp\/v2\/product_tag?post=2788"}],"curies":[{"name":"wp","href":"https:\/\/api.w.org\/{rel}","templated":true}]}}