{"id":2784,"date":"2024-10-23T14:32:34","date_gmt":"2024-10-23T12:32:34","guid":{"rendered":"http:\/\/billigtrikots.com\/?post_type=product&#038;p=2784"},"modified":"2024-10-23T14:34:40","modified_gmt":"2024-10-23T12:34:40","slug":"herren-trikots-nationalteams-uruguay-heimtrikot-copa-america-2022-mit-aufdruck-bentancur-6","status":"publish","type":"product","link":"https:\/\/www.billigtrikotde.com\/sk\/herren-trikots-nationalteams-uruguay-heimtrikot-copa-america-2022-mit-aufdruck-bentancur-6\/","title":{"rendered":"P\u00e1nske tri\u010dk\u00e1 - N\u00e1rodn\u00e9 t\u00edmy Uruguaj Dom\u00e1ce tri\u010dko Copa America 2022 s potla\u010dou Bentancur 6"},"content":{"rendered":"<p>PUMA Uruguay dom\u00e1ce triko 2021\/22 v modrej farbe ukazuje va\u0161u neochvejn\u00fa vernos\u0165 a prip\u00fatanos\u0165 k va\u0161emu t\u00edmu. \u0160portov\u00e9 tielko vyvol\u00e1va u skuto\u010dn\u00fdch fan\u00fa\u0161ikov Uruguaja absol\u00fatnu pote\u0161enie. Je priedu\u0161n\u00e9, ve\u013emi pohodln\u00e9 a odv\u00e1dza pot. Takto budete e\u0161te v\u00fdkonnej\u0161\u00ed a v ka\u017edom tr\u00e9ningu d\u00e1te v\u0161etko. Opticky vynik\u00e1 s logom zv\u00e4zu na hrudi.<\/p>\n<p>Tipy na tla\u010d: Ak s\u00fa meno a \u010d\u00edslo na obr\u00e1zku presne tak\u00e9, ak\u00e9 chcete, nemus\u00edte ich zad\u00e1va\u0165 znova. Ak nie, mali by ste zada\u0165 po\u017eadovan\u00e9 meno a \u010d\u00edslo.<\/p>\n<p>Tipy na pranie: Odpor\u00fa\u010dame pra\u0165 futbalov\u00e9 tri\u010dk\u00e1 v ruke. Ak chcete pou\u017ei\u0165 pr\u00e1\u010dku, nezabudnite futbalov\u00e9 tri\u010dk\u00e1 oto\u010di\u0165 naruby a potom ich vypra\u0165. Napl\u0148te pr\u00e1\u010dku studenou vodou a pou\u017eite jemn\u00fd cyklus, aby ste lep\u0161ie ochr\u00e1nili farby.<\/p>","protected":false},"excerpt":{"rendered":"<p>PUMA Uruguay dom\u00e1ce triko 2021\/22 v modrej farbe ukazuje va\u0161u neochvejn\u00fa vernos\u0165 a prip\u00fatanos\u0165 k va\u0161emu t\u00edmu. \u0160portov\u00e9 tielko vyvol\u00e1va u skuto\u010dn\u00fdch fan\u00fa\u0161ikov Uruguaja absol\u00fatnu pote\u0161enie. Je priedu\u0161n\u00e9, ve\u013emi pohodln\u00e9 a odv\u00e1dza pot. Takto budete e\u0161te v\u00fdkonnej\u0161\u00ed a v ka\u017edom tr\u00e9ningu d\u00e1te v\u0161etko. Opticky vynik\u00e1 s logom zv\u00e4zu na hrudi.<\/p>","protected":false},"featured_media":2819,"comment_status":"open","ping_status":"closed","template":"","meta":[],"product_brand":[],"product_cat":[128],"product_tag":[20,21,22,23,24,129,130],"class_list":{"0":"post-2784","1":"product","2":"type-product","3":"status-publish","4":"has-post-thumbnail","6":"product_cat-uruguay-trikots","7":"product_tag-coole-fussballtrikots","8":"product_tag-fussballtrikot-fuer-herren","9":"product_tag-fussballtrikot-guenstig-kaufen","10":"product_tag-fussballtrikot-kurzarm","11":"product_tag-guenstiges-fussballtrikot","12":"product_tag-uruguay-heimtrikot","13":"product_tag-uruguay-trikots","15":"first","16":"instock","17":"shipping-taxable","18":"purchasable","19":"product-type-variable"},"_links":{"self":[{"href":"https:\/\/www.billigtrikotde.com\/sk\/wp-json\/wp\/v2\/product\/2784","targetHints":{"allow":["GET"]}}],"collection":[{"href":"https:\/\/www.billigtrikotde.com\/sk\/wp-json\/wp\/v2\/product"}],"about":[{"href":"https:\/\/www.billigtrikotde.com\/sk\/wp-json\/wp\/v2\/types\/product"}],"replies":[{"embeddable":true,"href":"https:\/\/www.billigtrikotde.com\/sk\/wp-json\/wp\/v2\/comments?post=2784"}],"wp:featuredmedia":[{"embeddable":true,"href":"https:\/\/www.billigtrikotde.com\/sk\/wp-json\/wp\/v2\/media\/2819"}],"wp:attachment":[{"href":"https:\/\/www.billigtrikotde.com\/sk\/wp-json\/wp\/v2\/media?parent=2784"}],"wp:term":[{"taxonomy":"product_brand","embeddable":true,"href":"https:\/\/www.billigtrikotde.com\/sk\/wp-json\/wp\/v2\/product_brand?post=2784"},{"taxonomy":"product_cat","embeddable":true,"href":"https:\/\/www.billigtrikotde.com\/sk\/wp-json\/wp\/v2\/product_cat?post=2784"},{"taxonomy":"product_tag","embeddable":true,"href":"https:\/\/www.billigtrikotde.com\/sk\/wp-json\/wp\/v2\/product_tag?post=2784"}],"curies":[{"name":"wp","href":"https:\/\/api.w.org\/{rel}","templated":true}]}}