{"id":2764,"date":"2024-10-23T14:31:31","date_gmt":"2024-10-23T12:31:31","guid":{"rendered":"http:\/\/billigtrikots.com\/?post_type=product&#038;p=2764"},"modified":"2024-10-23T14:33:36","modified_gmt":"2024-10-23T12:33:36","slug":"herren-trikotsatz-uruguay-2022-heimtrikot-hellblau-mit-aufdruck-valverde-15","status":"publish","type":"product","link":"https:\/\/www.billigtrikotde.com\/sk\/herren-trikotsatz-uruguay-2022-heimtrikot-hellblau-mit-aufdruck-valverde-15\/","title":{"rendered":"P\u00e1nska s\u00faprava dresov Uruguay 2022 Dom\u00e1ci dres svetlomodr\u00fd s n\u00e1pisom VALVERDE 15"},"content":{"rendered":"<p>Autentick\u00fd dizajn tohto dom\u00e1cieho dresu Puma vych\u00e1dza z hern\u00fdch dresov t\u00edmu Uruguay na Copa Am\u00e9rica 2022. S t\u00fdmto ofici\u00e1lnym replica dom\u00e1cim dresom pre mu\u017eov dostanete vzh\u013ead va\u0161ich ob\u013e\u00faben\u00fdch hr\u00e1\u010dov. Materi\u00e1l dryCELL odv\u00e1dza vlhkos\u0165 a zais\u0165uje such\u00fd a pohodln\u00fd pocit pri nosen\u00ed, \u010di u\u017e na tr\u00e9ningu alebo na \u0161tadi\u00f3ne. \u0160portov\u00fd strih podporuje v\u0161etky pohyby. Znak na hrudi nenech\u00e1 pochybnosti, za ktor\u00fdm t\u00edmom stoj\u00edte.<\/p>\n<p>Tipy na tla\u010d: Ak s\u00fa meno a \u010d\u00edslo na obr\u00e1zku presne tak\u00e9, ak\u00e9 chcete, nemus\u00edte ich zad\u00e1va\u0165 znova. Ak nie, mali by ste zada\u0165 po\u017eadovan\u00e9 meno a \u010d\u00edslo.<\/p>\n<p>Tipy na pranie: Odpor\u00fa\u010dame pra\u0165 futbalov\u00e9 tri\u010dk\u00e1 v ruke. Ak chcete pou\u017ei\u0165 pr\u00e1\u010dku, nezabudnite futbalov\u00e9 tri\u010dk\u00e1 oto\u010di\u0165 naruby a potom ich vypra\u0165. Napl\u0148te pr\u00e1\u010dku studenou vodou a pou\u017eite jemn\u00fd cyklus, aby ste lep\u0161ie ochr\u00e1nili farby.<\/p>","protected":false},"excerpt":{"rendered":"<p>Autentick\u00fd dizajn tohto dresu Puma Home je zalo\u017een\u00fd na z\u00e1pasov\u00fdch dresoch t\u00edmu Uruguay na Copa Am\u00e9rica 2022. S t\u00fdmto ofici\u00e1lnym replikov\u00fdm dom\u00e1cim dresom pre p\u00e1nov z\u00edskate vzh\u013ead svojich ob\u013e\u00faben\u00fdch hr\u00e1\u010dov. Materi\u00e1l dryCELL odv\u00e1dza vlhkos\u0165 a zabezpe\u010duje such\u00fd a pohodln\u00fd pocit pri nosen\u00ed, \u010di u\u017e pri tr\u00e9ningu alebo na \u0161tadi\u00f3ne. \u0160portov\u00fd strih v\u00e1s podpor\u00ed pri v\u0161etk\u00fdch pohyboch. [\u2026]<\/p>","protected":false},"featured_media":2806,"comment_status":"open","ping_status":"closed","template":"","meta":[],"product_brand":[],"product_cat":[128],"product_tag":[20,21,22,23,24,129,130],"class_list":{"0":"post-2764","1":"product","2":"type-product","3":"status-publish","4":"has-post-thumbnail","6":"product_cat-uruguay-trikots","7":"product_tag-coole-fussballtrikots","8":"product_tag-fussballtrikot-fuer-herren","9":"product_tag-fussballtrikot-guenstig-kaufen","10":"product_tag-fussballtrikot-kurzarm","11":"product_tag-guenstiges-fussballtrikot","12":"product_tag-uruguay-heimtrikot","13":"product_tag-uruguay-trikots","15":"first","16":"instock","17":"shipping-taxable","18":"purchasable","19":"product-type-variable"},"_links":{"self":[{"href":"https:\/\/www.billigtrikotde.com\/sk\/wp-json\/wp\/v2\/product\/2764","targetHints":{"allow":["GET"]}}],"collection":[{"href":"https:\/\/www.billigtrikotde.com\/sk\/wp-json\/wp\/v2\/product"}],"about":[{"href":"https:\/\/www.billigtrikotde.com\/sk\/wp-json\/wp\/v2\/types\/product"}],"replies":[{"embeddable":true,"href":"https:\/\/www.billigtrikotde.com\/sk\/wp-json\/wp\/v2\/comments?post=2764"}],"wp:featuredmedia":[{"embeddable":true,"href":"https:\/\/www.billigtrikotde.com\/sk\/wp-json\/wp\/v2\/media\/2806"}],"wp:attachment":[{"href":"https:\/\/www.billigtrikotde.com\/sk\/wp-json\/wp\/v2\/media?parent=2764"}],"wp:term":[{"taxonomy":"product_brand","embeddable":true,"href":"https:\/\/www.billigtrikotde.com\/sk\/wp-json\/wp\/v2\/product_brand?post=2764"},{"taxonomy":"product_cat","embeddable":true,"href":"https:\/\/www.billigtrikotde.com\/sk\/wp-json\/wp\/v2\/product_cat?post=2764"},{"taxonomy":"product_tag","embeddable":true,"href":"https:\/\/www.billigtrikotde.com\/sk\/wp-json\/wp\/v2\/product_tag?post=2764"}],"curies":[{"name":"wp","href":"https:\/\/api.w.org\/{rel}","templated":true}]}}