{"id":2734,"date":"2024-10-23T14:30:20","date_gmt":"2024-10-23T12:30:20","guid":{"rendered":"http:\/\/billigtrikots.com\/?post_type=product&#038;p=2734"},"modified":"2024-10-23T14:32:29","modified_gmt":"2024-10-23T12:32:29","slug":"tschechien-heimtrikot-em-2022-herren-kurzarm-set-in-rot-mit-aufdruck-coufal-5","status":"publish","type":"product","link":"https:\/\/www.billigtrikotde.com\/sk\/tschechien-heimtrikot-em-2022-herren-kurzarm-set-in-rot-mit-aufdruck-coufal-5\/","title":{"rendered":"Dom\u00e1ci dres \u010ceskej republiky EM 2022 p\u00e1nsky s kr\u00e1tkym ruk\u00e1vom v \u010dervenej farbe s potla\u010dou COUFAL 5"},"content":{"rendered":"<p>Uk\u00e1\u017e svoju pr\u00edslu\u0161nos\u0165 k svojmu t\u00edmu prostredn\u00edctvom modelu v \u010dervenej farbe. Zna\u010dka PUMA uv\u00e1dza na trh skvel\u00fd produkt s n\u00e1zvom \u0161portov\u00e9 tri\u010dko. Miluj svoj t\u00edm \u2013 s dom\u00e1cim \u0161portov\u00fdm tri\u010dkom, ktor\u00e9 nosia aj hr\u00e1\u010di na majstrovstv\u00e1ch Eur\u00f3py, ukazuje\u0161, za koho ti srdce bije. Je priedu\u0161n\u00e9, pohodln\u00e9 a \u013eahk\u00e9. Okrem toho ti pon\u00faka vysok\u00fa odolnos\u0165. S t\u00fdmto \u0161portov\u00fdm tri\u010dkom m\u00f4\u017ee\u0161 by\u0165 e\u0161te v\u00fdkonnej\u0161\u00ed a pripravi\u0165 sa na \u010fal\u0161\u00ed z\u00e1pas.<\/p>\n<p>Tipy na tla\u010d: Ak s\u00fa meno a \u010d\u00edslo na obr\u00e1zku presne tak\u00e9, ak\u00e9 chcete, nemus\u00edte ich zad\u00e1va\u0165 znova. Ak nie, mali by ste zada\u0165 po\u017eadovan\u00e9 meno a \u010d\u00edslo.<\/p>\n<p>Tipy na pranie: Odpor\u00fa\u010dame pra\u0165 futbalov\u00e9 tri\u010dk\u00e1 v ruke. Ak chcete pou\u017ei\u0165 pr\u00e1\u010dku, nezabudnite futbalov\u00e9 tri\u010dk\u00e1 oto\u010di\u0165 naruby a potom ich vypra\u0165. Napl\u0148te pr\u00e1\u010dku studenou vodou a pou\u017eite jemn\u00fd cyklus, aby ste lep\u0161ie ochr\u00e1nili farby.<\/p>","protected":false},"excerpt":{"rendered":"<p>Zeige deine Zugeh\u00f6rigkeit zu deinem Team durch das Modell in Rot. Die Marke PUMA bringt mit dem Sportshirt ein wunderbares Produkt auf den Markt. Liebe deine Mannschaft \u2013 mit dem Heim-Sportshirt, das sogar von den Spielern bei der Europameisterschaft getragen wird, zeigst du, f\u00fcr wen dein Herz schl\u00e4gt. Es ist atmungsaktiv, bequem und leicht. Au\u00dferdem [&hellip;]<\/p>","protected":false},"featured_media":2770,"comment_status":"open","ping_status":"closed","template":"","meta":[],"product_brand":[],"product_cat":[122],"product_tag":[20,21,22,23,24,123,124],"class_list":{"0":"post-2734","1":"product","2":"type-product","3":"status-publish","4":"has-post-thumbnail","6":"product_cat-tschechien-trikots","7":"product_tag-coole-fussballtrikots","8":"product_tag-fussballtrikot-fuer-herren","9":"product_tag-fussballtrikot-guenstig-kaufen","10":"product_tag-fussballtrikot-kurzarm","11":"product_tag-guenstiges-fussballtrikot","12":"product_tag-tschechien-heimtrikot","13":"product_tag-tschechien-trikots","15":"first","16":"instock","17":"shipping-taxable","18":"purchasable","19":"product-type-variable"},"_links":{"self":[{"href":"https:\/\/www.billigtrikotde.com\/sk\/wp-json\/wp\/v2\/product\/2734","targetHints":{"allow":["GET"]}}],"collection":[{"href":"https:\/\/www.billigtrikotde.com\/sk\/wp-json\/wp\/v2\/product"}],"about":[{"href":"https:\/\/www.billigtrikotde.com\/sk\/wp-json\/wp\/v2\/types\/product"}],"replies":[{"embeddable":true,"href":"https:\/\/www.billigtrikotde.com\/sk\/wp-json\/wp\/v2\/comments?post=2734"}],"wp:featuredmedia":[{"embeddable":true,"href":"https:\/\/www.billigtrikotde.com\/sk\/wp-json\/wp\/v2\/media\/2770"}],"wp:attachment":[{"href":"https:\/\/www.billigtrikotde.com\/sk\/wp-json\/wp\/v2\/media?parent=2734"}],"wp:term":[{"taxonomy":"product_brand","embeddable":true,"href":"https:\/\/www.billigtrikotde.com\/sk\/wp-json\/wp\/v2\/product_brand?post=2734"},{"taxonomy":"product_cat","embeddable":true,"href":"https:\/\/www.billigtrikotde.com\/sk\/wp-json\/wp\/v2\/product_cat?post=2734"},{"taxonomy":"product_tag","embeddable":true,"href":"https:\/\/www.billigtrikotde.com\/sk\/wp-json\/wp\/v2\/product_tag?post=2734"}],"curies":[{"name":"wp","href":"https:\/\/api.w.org\/{rel}","templated":true}]}}