{"id":2724,"date":"2024-10-23T14:29:49","date_gmt":"2024-10-23T12:29:49","guid":{"rendered":"http:\/\/billigtrikots.com\/?post_type=product&#038;p=2724"},"modified":"2024-10-23T14:31:57","modified_gmt":"2024-10-23T12:31:57","slug":"personalisierbar-trikots-nationalteams-frankreich-trikot-away-em-2022-weiss-dunkelblau","status":"publish","type":"product","link":"https:\/\/www.billigtrikotde.com\/sk\/personalisierbar-trikots-nationalteams-frankreich-trikot-away-em-2022-weiss-dunkelblau\/","title":{"rendered":"Prisp\u00f4sobite\u013en\u00e9 dresy n\u00e1rodn\u00e9ho t\u00edmu France away shirt Euro 2022 white \/ dark blue"},"content":{"rendered":"<p>S ofici\u00e1lnym v\u00fdjazdn\u00fdm dresom Franc\u00fazsko pre mu\u017eov vyzn\u00e1va\u0161 farbu a podporuje\u0161 svoj t\u00edm na ME 2021. Materi\u00e1l Nike Breathe s technol\u00f3giou Dri-FIT poskytuje pr\u00edjemn\u00fd such\u00fd pocit na nosenie, \u010di u\u017e na ihrisku alebo pri v\u00fdkriku zo st\u00e1nku. Autentick\u00e9 detaily ako vy\u0161it\u00e1 vlajkov\u00e1 erb na hrudi nenechaj\u00fa \u017eiadne pochybnosti, koho povzbudzuje\u0161 na eur\u00f3pskej majstrovstve.<\/p>\n<p>Tipy na tla\u010d: Ak s\u00fa meno a \u010d\u00edslo na obr\u00e1zku presne tak\u00e9, ak\u00e9 chcete, nemus\u00edte ich zad\u00e1va\u0165 znova. Ak nie, mali by ste zada\u0165 po\u017eadovan\u00e9 meno a \u010d\u00edslo.<\/p>\n<p>Tipy na pranie: Odpor\u00fa\u010dame pra\u0165 futbalov\u00e9 tri\u010dk\u00e1 v ruke. Ak chcete pou\u017ei\u0165 pr\u00e1\u010dku, nezabudnite futbalov\u00e9 tri\u010dk\u00e1 oto\u010di\u0165 naruby a potom ich vypra\u0165. Napl\u0148te pr\u00e1\u010dku studenou vodou a pou\u017eite jemn\u00fd cyklus, aby ste lep\u0161ie ochr\u00e1nili farby.<\/p>","protected":false},"excerpt":{"rendered":"<p>Mit dem offiziellen Frankreich Ausw\u00e4rtstrikot f\u00fcr Herren bekennst du Farbe und unterst\u00fctzt dein Team bei der EM 2021. Das Nike Breathe-Material mit Dri-FIT-Technologie bietet ein angenehm trockenes Tragegef\u00fchl, ganz egal ob auf dem Platz oder beim Jubeln von der Trib\u00fcne aus. Authentische Details wie das aufgestickte Verbandswappen auf der Brust lassen keine Zweifel offen, wen [&hellip;]<\/p>","protected":false},"featured_media":2765,"comment_status":"open","ping_status":"closed","template":"","meta":[],"product_brand":[],"product_cat":[117],"product_tag":[20,118,119,21,22,23,24],"class_list":{"0":"post-2724","1":"product","2":"type-product","3":"status-publish","4":"has-post-thumbnail","6":"product_cat-frankreich-trikots","7":"product_tag-coole-fussballtrikots","8":"product_tag-frankreich-auswaertstrikot","9":"product_tag-frankreich-trikots","10":"product_tag-fussballtrikot-fuer-herren","11":"product_tag-fussballtrikot-guenstig-kaufen","12":"product_tag-fussballtrikot-kurzarm","13":"product_tag-guenstiges-fussballtrikot","15":"first","16":"instock","17":"shipping-taxable","18":"purchasable","19":"product-type-variable"},"_links":{"self":[{"href":"https:\/\/www.billigtrikotde.com\/sk\/wp-json\/wp\/v2\/product\/2724","targetHints":{"allow":["GET"]}}],"collection":[{"href":"https:\/\/www.billigtrikotde.com\/sk\/wp-json\/wp\/v2\/product"}],"about":[{"href":"https:\/\/www.billigtrikotde.com\/sk\/wp-json\/wp\/v2\/types\/product"}],"replies":[{"embeddable":true,"href":"https:\/\/www.billigtrikotde.com\/sk\/wp-json\/wp\/v2\/comments?post=2724"}],"wp:featuredmedia":[{"embeddable":true,"href":"https:\/\/www.billigtrikotde.com\/sk\/wp-json\/wp\/v2\/media\/2765"}],"wp:attachment":[{"href":"https:\/\/www.billigtrikotde.com\/sk\/wp-json\/wp\/v2\/media?parent=2724"}],"wp:term":[{"taxonomy":"product_brand","embeddable":true,"href":"https:\/\/www.billigtrikotde.com\/sk\/wp-json\/wp\/v2\/product_brand?post=2724"},{"taxonomy":"product_cat","embeddable":true,"href":"https:\/\/www.billigtrikotde.com\/sk\/wp-json\/wp\/v2\/product_cat?post=2724"},{"taxonomy":"product_tag","embeddable":true,"href":"https:\/\/www.billigtrikotde.com\/sk\/wp-json\/wp\/v2\/product_tag?post=2724"}],"curies":[{"name":"wp","href":"https:\/\/api.w.org\/{rel}","templated":true}]}}