{"id":2686,"date":"2024-10-23T14:28:11","date_gmt":"2024-10-23T12:28:11","guid":{"rendered":"http:\/\/billigtrikots.com\/?post_type=product&#038;p=2686"},"modified":"2024-10-23T14:30:15","modified_gmt":"2024-10-23T12:30:15","slug":"frankreich-auswaertstrikot-em-2022-weiss-dunkelblau-mit-aufdruck-pavard-2","status":"publish","type":"product","link":"https:\/\/www.billigtrikotde.com\/sk\/frankreich-auswaertstrikot-em-2022-weiss-dunkelblau-mit-aufdruck-pavard-2\/","title":{"rendered":"Franc\u00fazska s\u00faprava EM 2022 biela tmavomodr\u00e1 s potla\u010dou Pavard 2"},"content":{"rendered":"<p>Reprezentuj svoj t\u00edm v vonkaj\u0161om dresu NIKE France Breathe Stadium. Extr\u00e9mne priedu\u0161n\u00fd materi\u00e1l odv\u00e1dza pot od poko\u017eky a zabezpe\u010duje tak chladiv\u00fd komfort pri nosen\u00ed na ihrisku alebo na trib\u00fane. Materi\u00e1l NIKE Breathe zabezpe\u010duje such\u00fd a pr\u00edjemne chladiv\u00fd pocit pri nosen\u00ed. S autentick\u00fdm dizajnom z\u00edska\u0161 vzh\u013ead, ktor\u00fd maj\u00fa aj profesion\u00e1li na ihrisku.<\/p>\n<p>Tipy na tla\u010d: Ak s\u00fa meno a \u010d\u00edslo na obr\u00e1zku presne tak\u00e9, ak\u00e9 chcete, nemus\u00edte ich zad\u00e1va\u0165 znova. Ak nie, mali by ste zada\u0165 po\u017eadovan\u00e9 meno a \u010d\u00edslo.<\/p>\n<p>Tipy na pranie: Odpor\u00fa\u010dame pra\u0165 futbalov\u00e9 tri\u010dk\u00e1 v ruke. Ak chcete pou\u017ei\u0165 pr\u00e1\u010dku, nezabudnite futbalov\u00e9 tri\u010dk\u00e1 oto\u010di\u0165 naruby a potom ich vypra\u0165. Napl\u0148te pr\u00e1\u010dku studenou vodou a pou\u017eite jemn\u00fd cyklus, aby ste lep\u0161ie ochr\u00e1nili farby.<\/p>","protected":false},"excerpt":{"rendered":"<p>Reprezentuj svoj t\u00edm v vonkaj\u0161om dresu NIKE France Breathe Stadium. Extr\u00e9mne priedu\u0161n\u00fd materi\u00e1l odv\u00e1dza pot od poko\u017eky a zabezpe\u010duje tak chladiv\u00fd komfort pri nosen\u00ed na ihrisku alebo na trib\u00fane. Materi\u00e1l NIKE Breathe zabezpe\u010duje such\u00fd a pr\u00edjemne chladiv\u00fd pocit pri nosen\u00ed. S autentick\u00fdm dizajnom z\u00edska\u0161 vzh\u013ead, ktor\u00fd maj\u00fa aj profesion\u00e1li na ihrisku.<\/p>","protected":false},"featured_media":2721,"comment_status":"open","ping_status":"closed","template":"","meta":[],"product_brand":[],"product_cat":[117],"product_tag":[20,118,119,21,22,23,24],"class_list":{"0":"post-2686","1":"product","2":"type-product","3":"status-publish","4":"has-post-thumbnail","6":"product_cat-frankreich-trikots","7":"product_tag-coole-fussballtrikots","8":"product_tag-frankreich-auswaertstrikot","9":"product_tag-frankreich-trikots","10":"product_tag-fussballtrikot-fuer-herren","11":"product_tag-fussballtrikot-guenstig-kaufen","12":"product_tag-fussballtrikot-kurzarm","13":"product_tag-guenstiges-fussballtrikot","15":"first","16":"instock","17":"shipping-taxable","18":"purchasable","19":"product-type-variable"},"_links":{"self":[{"href":"https:\/\/www.billigtrikotde.com\/sk\/wp-json\/wp\/v2\/product\/2686","targetHints":{"allow":["GET"]}}],"collection":[{"href":"https:\/\/www.billigtrikotde.com\/sk\/wp-json\/wp\/v2\/product"}],"about":[{"href":"https:\/\/www.billigtrikotde.com\/sk\/wp-json\/wp\/v2\/types\/product"}],"replies":[{"embeddable":true,"href":"https:\/\/www.billigtrikotde.com\/sk\/wp-json\/wp\/v2\/comments?post=2686"}],"wp:featuredmedia":[{"embeddable":true,"href":"https:\/\/www.billigtrikotde.com\/sk\/wp-json\/wp\/v2\/media\/2721"}],"wp:attachment":[{"href":"https:\/\/www.billigtrikotde.com\/sk\/wp-json\/wp\/v2\/media?parent=2686"}],"wp:term":[{"taxonomy":"product_brand","embeddable":true,"href":"https:\/\/www.billigtrikotde.com\/sk\/wp-json\/wp\/v2\/product_brand?post=2686"},{"taxonomy":"product_cat","embeddable":true,"href":"https:\/\/www.billigtrikotde.com\/sk\/wp-json\/wp\/v2\/product_cat?post=2686"},{"taxonomy":"product_tag","embeddable":true,"href":"https:\/\/www.billigtrikotde.com\/sk\/wp-json\/wp\/v2\/product_tag?post=2686"}],"curies":[{"name":"wp","href":"https:\/\/api.w.org\/{rel}","templated":true}]}}