{"id":2578,"date":"2024-10-23T14:23:17","date_gmt":"2024-10-23T12:23:17","guid":{"rendered":"http:\/\/billigtrikots.com\/?post_type=product&#038;p=2578"},"modified":"2024-10-23T14:25:23","modified_gmt":"2024-10-23T12:25:23","slug":"herren-trikotsatz-brasilien-2022-heimtrikot-gelb-mit-aufdruck-ronaldo-9","status":"publish","type":"product","link":"https:\/\/www.billigtrikotde.com\/sk\/herren-trikotsatz-brasilien-2022-heimtrikot-gelb-mit-aufdruck-ronaldo-9\/","title":{"rendered":"Dom\u00e1ca s\u00faprava Braz\u00edlia 2022 \u017elt\u00e1 s potla\u010dou Ronaldo 9"},"content":{"rendered":"<p>Dres trikot pre Braz\u00edliu 2020 s\u00fa prv\u00e9 s \u00faplne nov\u00fdm zna\u010dkov\u00fdm logom, ktor\u00e9 bolo odhalen\u00e9 v apr\u00edli 2019.<\/p>\n<p>Dom\u00e1ce futbalov\u00e9 dresy Braz\u00edlie na Copa America 2020 s\u00fa preva\u017ene \u017elt\u00e9, kombinovan\u00e9 so zelenou pre poloko\u017eku a man\u017eety. Pri pr\u00edle\u017eitosti 50. v\u00fdro\u010dia v\u00ed\u0165azstva na majstrovstv\u00e1ch sveta 1970 je dizajn dom\u00e1ceho dresu Nike Braz\u00edlia 2020 in\u0161pirovan\u00fd t\u00fdm, \u010do bolo po\u010das majstrovstiev sveta pred pol storo\u010d\u00edm nosen\u00e9.<\/p>\n<p>Tipy na tla\u010d: Ak s\u00fa meno a \u010d\u00edslo na obr\u00e1zku presne tak\u00e9, ak\u00e9 chcete, nemus\u00edte ich zad\u00e1va\u0165 znova. Ak nie, mali by ste zada\u0165 po\u017eadovan\u00e9 meno a \u010d\u00edslo.<\/p>\n<p>Tipy na pranie: Odpor\u00fa\u010dame pra\u0165 futbalov\u00e9 tri\u010dk\u00e1 v ruke. Ak chcete pou\u017ei\u0165 pr\u00e1\u010dku, nezabudnite futbalov\u00e9 tri\u010dk\u00e1 oto\u010di\u0165 naruby a potom ich vypra\u0165. Napl\u0148te pr\u00e1\u010dku studenou vodou a pou\u017eite jemn\u00fd cyklus, aby ste lep\u0161ie ochr\u00e1nili farby.<\/p>","protected":false},"excerpt":{"rendered":"<p>Die Trikots f\u00fcr Brasilien 2020 sind die ersten mit dem brandneuen Verbandslogo, das im April 2019 enth\u00fcllt wurde. Das brasilianische Copa America 2020-Heimfu\u00dfballtrikot ist \u00fcberwiegend gelb, kombiniert mit gr\u00fcn f\u00fcr Kragen und Manschetten. Zur Feier des 50. Jahrestages des Sieges bei der Weltmeisterschaft 1970 ist das Design des Nike Brasilien 2020 Heimtrikots von demjenigen inspiriert, [&hellip;]<\/p>","protected":false},"featured_media":2613,"comment_status":"open","ping_status":"closed","template":"","meta":[],"product_brand":[],"product_cat":[112],"product_tag":[20,113,114,21,22,23,24],"class_list":{"0":"post-2578","1":"product","2":"type-product","3":"status-publish","4":"has-post-thumbnail","6":"product_cat-brasilien-trikots","7":"product_tag-coole-fussballtrikots","8":"product_tag-brasilien-heimtrikot","9":"product_tag-brasilien-trikots","10":"product_tag-fussballtrikot-fuer-herren","11":"product_tag-fussballtrikot-guenstig-kaufen","12":"product_tag-fussballtrikot-kurzarm","13":"product_tag-guenstiges-fussballtrikot","15":"first","16":"instock","17":"shipping-taxable","18":"purchasable","19":"product-type-variable"},"_links":{"self":[{"href":"https:\/\/www.billigtrikotde.com\/sk\/wp-json\/wp\/v2\/product\/2578","targetHints":{"allow":["GET"]}}],"collection":[{"href":"https:\/\/www.billigtrikotde.com\/sk\/wp-json\/wp\/v2\/product"}],"about":[{"href":"https:\/\/www.billigtrikotde.com\/sk\/wp-json\/wp\/v2\/types\/product"}],"replies":[{"embeddable":true,"href":"https:\/\/www.billigtrikotde.com\/sk\/wp-json\/wp\/v2\/comments?post=2578"}],"wp:featuredmedia":[{"embeddable":true,"href":"https:\/\/www.billigtrikotde.com\/sk\/wp-json\/wp\/v2\/media\/2613"}],"wp:attachment":[{"href":"https:\/\/www.billigtrikotde.com\/sk\/wp-json\/wp\/v2\/media?parent=2578"}],"wp:term":[{"taxonomy":"product_brand","embeddable":true,"href":"https:\/\/www.billigtrikotde.com\/sk\/wp-json\/wp\/v2\/product_brand?post=2578"},{"taxonomy":"product_cat","embeddable":true,"href":"https:\/\/www.billigtrikotde.com\/sk\/wp-json\/wp\/v2\/product_cat?post=2578"},{"taxonomy":"product_tag","embeddable":true,"href":"https:\/\/www.billigtrikotde.com\/sk\/wp-json\/wp\/v2\/product_tag?post=2578"}],"curies":[{"name":"wp","href":"https:\/\/api.w.org\/{rel}","templated":true}]}}