{"id":2544,"date":"2024-10-23T14:21:33","date_gmt":"2024-10-23T12:21:33","guid":{"rendered":"http:\/\/billigtrikots.com\/?post_type=product&#038;p=2544"},"modified":"2024-10-23T14:23:45","modified_gmt":"2024-10-23T12:23:45","slug":"bvb-borussia-dortmund-heimtrikot-in-gelb-2022-fuer-kinder-mit-aufdruck-hazard-10","status":"publish","type":"product","link":"https:\/\/www.billigtrikotde.com\/sk\/bvb-borussia-dortmund-heimtrikot-in-gelb-2022-fuer-kinder-mit-aufdruck-hazard-10\/","title":{"rendered":"Dom\u00e1ci dres BVB Borussia Dortmund v \u017eltej farbe 2022 pre deti s potla\u010dou Hazard 10"},"content":{"rendered":"<p>Toto detsk\u00e9 triko d\u00e1va tvojmu mlad\u00e9mu futbalistovi vyzera\u0165 ako profesion\u00e1l. Toto tielko s gu\u013eat\u00fdm v\u00fdstrihom, ragl\u00e1nov\u00fdmi ruk\u00e1vmi so sie\u0165ovan\u00fdm panelom na pleciach a integrovan\u00fdm elastick\u00fdm p\u00e1som je rovnako pevn\u00e9 ako pohodln\u00e9. A v\u010faka svojej technol\u00f3gii dryCELL zost\u00e1vaj\u00fa mali\u010dk\u00ed su\u0161\u00ed a pohodln\u00ed, bez toho aby pot zhor\u0161oval n\u00e1ladu. Ofici\u00e1lny erb klubu Borussia Dortmund je vyobrazen\u00fd na vrchnom diele a \u0161ortk\u00e1ch.<\/p>\n<p>Tipy na tla\u010d: Ak s\u00fa meno a \u010d\u00edslo na obr\u00e1zku presne tak\u00e9, ak\u00e9 chcete, nemus\u00edte ich zad\u00e1va\u0165 znova. Ak nie, mali by ste zada\u0165 po\u017eadovan\u00e9 meno a \u010d\u00edslo.<\/p>\n<p>Tipy na pranie: Odpor\u00fa\u010dame pra\u0165 futbalov\u00e9 tri\u010dk\u00e1 v ruke. Ak chcete pou\u017ei\u0165 pr\u00e1\u010dku, nezabudnite futbalov\u00e9 tri\u010dk\u00e1 oto\u010di\u0165 naruby a potom ich vypra\u0165. Napl\u0148te pr\u00e1\u010dku studenou vodou a pou\u017eite jemn\u00fd cyklus, aby ste lep\u0161ie ochr\u00e1nili farby.<\/p>","protected":false},"excerpt":{"rendered":"<p>Toto detsk\u00e9 triko d\u00e1va tvojmu mlad\u00e9mu futbalistovi vyzera\u0165 ako profesion\u00e1l. Toto tielko s gu\u013eat\u00fdm v\u00fdstrihom, ragl\u00e1nov\u00fdmi ruk\u00e1vmi so sie\u0165ovan\u00fdm panelom na pleciach a integrovan\u00fdm elastick\u00fdm p\u00e1som je rovnako pevn\u00e9 ako pohodln\u00e9. A v\u010faka svojej technol\u00f3gii dryCELL zost\u00e1vaj\u00fa mali\u010dk\u00ed su\u0161\u00ed a pohodln\u00ed, bez toho aby pot zhor\u0161oval n\u00e1ladu. Ofici\u00e1lny erb klubu Borussia Dortmund je vyobrazen\u00fd na vrchnom diele a \u0161ortk\u00e1ch.<\/p>","protected":false},"featured_media":2586,"comment_status":"open","ping_status":"closed","template":"","meta":[],"product_brand":[],"product_cat":[108],"product_tag":[20,110,65,109,66,94],"class_list":{"0":"post-2544","1":"product","2":"type-product","3":"status-publish","4":"has-post-thumbnail","6":"product_cat-borussia-dortmund-kindertrikot","7":"product_tag-coole-fussballtrikots","8":"product_tag-borussia-dortmund-heimtrikot","9":"product_tag-borussia-dortmund-trikots","10":"product_tag-borussia-dortmund-trikotsatz-fuer-kinder","11":"product_tag-bvb-trikots","12":"product_tag-kinder-fussball-trikotsatz","14":"first","15":"instock","16":"shipping-taxable","17":"purchasable","18":"product-type-variable"},"_links":{"self":[{"href":"https:\/\/www.billigtrikotde.com\/sk\/wp-json\/wp\/v2\/product\/2544","targetHints":{"allow":["GET"]}}],"collection":[{"href":"https:\/\/www.billigtrikotde.com\/sk\/wp-json\/wp\/v2\/product"}],"about":[{"href":"https:\/\/www.billigtrikotde.com\/sk\/wp-json\/wp\/v2\/types\/product"}],"replies":[{"embeddable":true,"href":"https:\/\/www.billigtrikotde.com\/sk\/wp-json\/wp\/v2\/comments?post=2544"}],"wp:featuredmedia":[{"embeddable":true,"href":"https:\/\/www.billigtrikotde.com\/sk\/wp-json\/wp\/v2\/media\/2586"}],"wp:attachment":[{"href":"https:\/\/www.billigtrikotde.com\/sk\/wp-json\/wp\/v2\/media?parent=2544"}],"wp:term":[{"taxonomy":"product_brand","embeddable":true,"href":"https:\/\/www.billigtrikotde.com\/sk\/wp-json\/wp\/v2\/product_brand?post=2544"},{"taxonomy":"product_cat","embeddable":true,"href":"https:\/\/www.billigtrikotde.com\/sk\/wp-json\/wp\/v2\/product_cat?post=2544"},{"taxonomy":"product_tag","embeddable":true,"href":"https:\/\/www.billigtrikotde.com\/sk\/wp-json\/wp\/v2\/product_tag?post=2544"}],"curies":[{"name":"wp","href":"https:\/\/api.w.org\/{rel}","templated":true}]}}