{"id":2538,"date":"2024-10-23T14:21:28","date_gmt":"2024-10-23T12:21:28","guid":{"rendered":"http:\/\/billigtrikots.com\/?post_type=product&#038;p=2538"},"modified":"2024-10-23T14:23:12","modified_gmt":"2024-10-23T12:23:12","slug":"personalisierbar-borussia-dortmund-bvb-auswaertstrikot-saison-2022-fuer-kinder","status":"publish","type":"product","link":"https:\/\/www.billigtrikotde.com\/sk\/personalisierbar-borussia-dortmund-bvb-auswaertstrikot-saison-2022-fuer-kinder\/","title":{"rendered":"Prisp\u00f4sobite\u013en\u00e1 s\u00faprava Borussia Dortmund BVB pre deti na sez\u00f3nu 2022"},"content":{"rendered":"<p>Uk\u00e1\u017e svetu, za ktor\u00fd t\u00edm fand\u00ed\u0161 t\u00fdmto ofici\u00e1lnym out-of-home dresom BVB Borussia Dortmund pre mu\u017eov 21\/22 z vonkaj\u0161ej str\u00e1nky. S kultov\u00fdm logom BVB 09 na hrudi a rovnako kultov\u00fdm logom PUMA Cat sa tento dres c\u00edti rovnako dobre, ako vyzer\u00e1. Je vyroben\u00fd z 100 % recyklovan\u00e9ho polyesteru a m\u00e1 V-ov\u00fdstrih s ryb\u00edm usporiadan\u00edm na chrbte a shell materi\u00e1l na prednej strane, Raglanov\u00e9 ruk\u00e1vy s sie\u0165ovinov\u00fdmi v\u00fdstuhami na pleciach a v\u00fdrazn\u00e9 man\u017eety v kontrastn\u00fdch farb\u00e1ch s lepen\u00fdmi \u0161vami na oboch ruk\u00e1och.<\/p>\n<p>Tipy na tla\u010d: Ak s\u00fa meno a \u010d\u00edslo na obr\u00e1zku presne tak\u00e9, ak\u00e9 chcete, nemus\u00edte ich zad\u00e1va\u0165 znova. Ak nie, mali by ste zada\u0165 po\u017eadovan\u00e9 meno a \u010d\u00edslo.<\/p>\n<p>Tipy na pranie: Odpor\u00fa\u010dame pra\u0165 futbalov\u00e9 tri\u010dk\u00e1 v ruke. Ak chcete pou\u017ei\u0165 pr\u00e1\u010dku, nezabudnite futbalov\u00e9 tri\u010dk\u00e1 oto\u010di\u0165 naruby a potom ich vypra\u0165. Napl\u0148te pr\u00e1\u010dku studenou vodou a pou\u017eite jemn\u00fd cyklus, aby ste lep\u0161ie ochr\u00e1nili farby.<\/p>","protected":false},"excerpt":{"rendered":"<p>Zeige der Welt, f\u00fcr welche Mannschaft du jubelst mit diesem offiziellen Borussia Dortmund Replica Trikot. Mit dem kultigen BVB 09 Logo auf der Brust und dem ebenso kultigen PUMA Cat Logo f\u00fchlt sich dieses Trikot genauso gut an, wie es aussieht. Es besteht aus 100 % recyceltem Polyester und hat einen V-Ausschnitt mit gerippter Konstruktion [&hellip;]<\/p>","protected":false},"featured_media":2574,"comment_status":"open","ping_status":"closed","template":"","meta":[],"product_brand":[],"product_cat":[108],"product_tag":[20,68,65,109,66,94],"class_list":{"0":"post-2538","1":"product","2":"type-product","3":"status-publish","4":"has-post-thumbnail","6":"product_cat-borussia-dortmund-kindertrikot","7":"product_tag-coole-fussballtrikots","8":"product_tag-borussia-dortmund-auswaertstrikot","9":"product_tag-borussia-dortmund-trikots","10":"product_tag-borussia-dortmund-trikotsatz-fuer-kinder","11":"product_tag-bvb-trikots","12":"product_tag-kinder-fussball-trikotsatz","14":"first","15":"instock","16":"shipping-taxable","17":"purchasable","18":"product-type-variable"},"_links":{"self":[{"href":"https:\/\/www.billigtrikotde.com\/sk\/wp-json\/wp\/v2\/product\/2538","targetHints":{"allow":["GET"]}}],"collection":[{"href":"https:\/\/www.billigtrikotde.com\/sk\/wp-json\/wp\/v2\/product"}],"about":[{"href":"https:\/\/www.billigtrikotde.com\/sk\/wp-json\/wp\/v2\/types\/product"}],"replies":[{"embeddable":true,"href":"https:\/\/www.billigtrikotde.com\/sk\/wp-json\/wp\/v2\/comments?post=2538"}],"wp:featuredmedia":[{"embeddable":true,"href":"https:\/\/www.billigtrikotde.com\/sk\/wp-json\/wp\/v2\/media\/2574"}],"wp:attachment":[{"href":"https:\/\/www.billigtrikotde.com\/sk\/wp-json\/wp\/v2\/media?parent=2538"}],"wp:term":[{"taxonomy":"product_brand","embeddable":true,"href":"https:\/\/www.billigtrikotde.com\/sk\/wp-json\/wp\/v2\/product_brand?post=2538"},{"taxonomy":"product_cat","embeddable":true,"href":"https:\/\/www.billigtrikotde.com\/sk\/wp-json\/wp\/v2\/product_cat?post=2538"},{"taxonomy":"product_tag","embeddable":true,"href":"https:\/\/www.billigtrikotde.com\/sk\/wp-json\/wp\/v2\/product_tag?post=2538"}],"curies":[{"name":"wp","href":"https:\/\/api.w.org\/{rel}","templated":true}]}}