{"id":2494,"date":"2024-10-23T14:19:17","date_gmt":"2024-10-23T12:19:17","guid":{"rendered":"http:\/\/billigtrikots.com\/?post_type=product&#038;p=2494"},"modified":"2024-10-23T14:21:26","modified_gmt":"2024-10-23T12:21:26","slug":"tottenham-hotspur-2022-heimtrikot-in-weiss-fuer-kinder-mit-aufdruck-lo-celso-18","status":"publish","type":"product","link":"https:\/\/www.billigtrikotde.com\/sk\/tottenham-hotspur-2022-heimtrikot-in-weiss-fuer-kinder-mit-aufdruck-lo-celso-18\/","title":{"rendered":"Dom\u00e1ci dres Tottenham Hotspur 2022 v bielej farbe pre deti s potla\u010dou LO CELSO 18"},"content":{"rendered":"<p>Podporte Tottenham Hotspur v sez\u00f3ne 2021\/2022 a uk\u00e1\u017ete svoju hrdos\u0165 na ofici\u00e1lnom Nike Replica dom\u00e1com drese. Autentick\u00fd dizajn dom\u00e1ceho dresu pre deti je zalo\u017een\u00fd na z\u00e1pasov\u00fdch dresoch profesion\u00e1lov. \u013dahk\u00fd funk\u010dn\u00fd materi\u00e1l s technol\u00f3giou Dri-FIT je obzvl\u00e1\u0161\u0165 priedu\u0161n\u00fd a zabezpe\u010duje chladiv\u00fd pocit pri nosen\u00ed. \u0160tandardn\u00e9 t\u00edmov\u00e9 detaily, ako je erb na hrudi, nenech\u00e1vaj\u00fa \u017eiadne pochybnosti, \u017ee stoj\u00ed\u0161 za Spurs.<\/p>\n<p>Tipy na tla\u010d: Ak s\u00fa meno a \u010d\u00edslo na obr\u00e1zku presne tak\u00e9, ak\u00e9 chcete, nemus\u00edte ich zad\u00e1va\u0165 znova. Ak nie, mali by ste zada\u0165 po\u017eadovan\u00e9 meno a \u010d\u00edslo.<\/p>\n<p>Tipy na pranie: Odpor\u00fa\u010dame pra\u0165 futbalov\u00e9 tri\u010dk\u00e1 v ruke. Ak chcete pou\u017ei\u0165 pr\u00e1\u010dku, nezabudnite futbalov\u00e9 tri\u010dk\u00e1 oto\u010di\u0165 naruby a potom ich vypra\u0165. Napl\u0148te pr\u00e1\u010dku studenou vodou a pou\u017eite jemn\u00fd cyklus, aby ste lep\u0161ie ochr\u00e1nili farby.<\/p>","protected":false},"excerpt":{"rendered":"<p>Podporte Tottenham Hotspur v sez\u00f3ne 2021\/2022 a uk\u00e1\u017ete svoju hrdos\u0165 na ofici\u00e1lnom Nike Replica dom\u00e1com drese. Autentick\u00fd dizajn dom\u00e1ceho dresu pre deti je zalo\u017een\u00fd na z\u00e1pasov\u00fdch dresoch profesion\u00e1lov. \u013dahk\u00fd funk\u010dn\u00fd materi\u00e1l s technol\u00f3giou Dri-FIT je obzvl\u00e1\u0161\u0165 priedu\u0161n\u00fd a zabezpe\u010duje chladiv\u00fd pocit pri nosen\u00ed. \u0160tandardn\u00e9 t\u00edmov\u00e9 detaily, ako je erb na hrudi, nenech\u00e1vaj\u00fa \u017eiadne pochybnosti, \u017ee stoj\u00ed\u0161 za Spurs.<\/p>","protected":false},"featured_media":2536,"comment_status":"open","ping_status":"closed","template":"","meta":[],"product_brand":[],"product_cat":[102],"product_tag":[20,21,22,23,24,94,106,104,105],"class_list":{"0":"post-2494","1":"product","2":"type-product","3":"status-publish","4":"has-post-thumbnail","6":"product_cat-tottenham-hotspur-kindertrikot","7":"product_tag-coole-fussballtrikots","8":"product_tag-fussballtrikot-fuer-herren","9":"product_tag-fussballtrikot-guenstig-kaufen","10":"product_tag-fussballtrikot-kurzarm","11":"product_tag-guenstiges-fussballtrikot","12":"product_tag-kinder-fussball-trikotsatz","13":"product_tag-tottenham-hotspur-heimtrikot","14":"product_tag-tottenham-hotspur-trikots","15":"product_tag-tottenham-hotspur-trikotsatz-fuer-kinder","17":"first","18":"instock","19":"shipping-taxable","20":"purchasable","21":"product-type-variable"},"_links":{"self":[{"href":"https:\/\/www.billigtrikotde.com\/sk\/wp-json\/wp\/v2\/product\/2494","targetHints":{"allow":["GET"]}}],"collection":[{"href":"https:\/\/www.billigtrikotde.com\/sk\/wp-json\/wp\/v2\/product"}],"about":[{"href":"https:\/\/www.billigtrikotde.com\/sk\/wp-json\/wp\/v2\/types\/product"}],"replies":[{"embeddable":true,"href":"https:\/\/www.billigtrikotde.com\/sk\/wp-json\/wp\/v2\/comments?post=2494"}],"wp:featuredmedia":[{"embeddable":true,"href":"https:\/\/www.billigtrikotde.com\/sk\/wp-json\/wp\/v2\/media\/2536"}],"wp:attachment":[{"href":"https:\/\/www.billigtrikotde.com\/sk\/wp-json\/wp\/v2\/media?parent=2494"}],"wp:term":[{"taxonomy":"product_brand","embeddable":true,"href":"https:\/\/www.billigtrikotde.com\/sk\/wp-json\/wp\/v2\/product_brand?post=2494"},{"taxonomy":"product_cat","embeddable":true,"href":"https:\/\/www.billigtrikotde.com\/sk\/wp-json\/wp\/v2\/product_cat?post=2494"},{"taxonomy":"product_tag","embeddable":true,"href":"https:\/\/www.billigtrikotde.com\/sk\/wp-json\/wp\/v2\/product_tag?post=2494"}],"curies":[{"name":"wp","href":"https:\/\/api.w.org\/{rel}","templated":true}]}}