{"id":2458,"date":"2024-10-23T14:17:39","date_gmt":"2024-10-23T12:17:39","guid":{"rendered":"http:\/\/billigtrikots.com\/?post_type=product&#038;p=2458"},"modified":"2024-10-23T14:19:44","modified_gmt":"2024-10-23T12:19:44","slug":"fussballtrikot-ac-milan-ismael-bennacer-4-kinder-heim-trikotsatz-kurzarm-kurze-hosen","status":"publish","type":"product","link":"https:\/\/www.billigtrikotde.com\/sk\/fussballtrikot-ac-milan-ismael-bennacer-4-kinder-heim-trikotsatz-kurzarm-kurze-hosen\/","title":{"rendered":"Futbalov\u00e9 tri\u010dko AC Milan Isma\u00ebl Bennacer #4 Detsk\u00e1 dom\u00e1ca s\u00faprava s kr\u00e1tkym ruk\u00e1vom + \u0161ortky"},"content":{"rendered":"<p>Tipy o pono\u017ek\u00e1ch: Tri\u010dko obsahuje \u0161tandardne \u017eiadne pono\u017eky. Ak chcete pono\u017eky, vyberte pros\u00edm mo\u017enosti pono\u017eiek, aby ste ich zaplatili.<\/p>\n<p>Tipy na tla\u010d: Ak s\u00fa meno a \u010d\u00edslo na obr\u00e1zku presne tak\u00e9, ak\u00e9 chcete, nemus\u00edte ich zad\u00e1va\u0165 znova. Ak nie, mali by ste zada\u0165 po\u017eadovan\u00e9 meno a \u010d\u00edslo.<\/p>\n<p>Tipy na pranie: Odpor\u00fa\u010dame pra\u0165 futbalov\u00e9 tri\u010dk\u00e1 v ruke. Ak chcete pou\u017ei\u0165 pr\u00e1\u010dku, nezabudnite futbalov\u00e9 tri\u010dk\u00e1 oto\u010di\u0165 naruby a potom ich vypra\u0165. Napl\u0148te pr\u00e1\u010dku studenou vodou a pou\u017eite jemn\u00fd cyklus, aby ste lep\u0161ie ochr\u00e1nili farby.<\/p>","protected":false},"excerpt":{"rendered":"<p>Tipps zu Socken: Das Shirt enth\u00e4lt standardm\u00e4\u00dfig keine Socken. Wenn Sie die Socken m\u00f6chten, w\u00e4hlen Sie bitte die Optionen der Socken, um sie zu bezahlen. Tipps zum Drucken: Wenn der Name und die Nummer auf dem Bild genau Ihren W\u00fcnschen entsprechen, m\u00fcssen Sie sie nicht erneut eingeben. Wenn nicht, sollten Sie Ihren gew\u00fcnschten Namen und [&hellip;]<\/p>","protected":false},"featured_media":2499,"comment_status":"open","ping_status":"closed","template":"","meta":[],"product_brand":[],"product_cat":[92],"product_tag":[25,93,20,23,24,94],"class_list":{"0":"post-2458","1":"product","2":"type-product","3":"status-publish","4":"has-post-thumbnail","6":"product_cat-ac-mailand-kindertrikot","7":"product_tag-ac-milan-heimtrikot","8":"product_tag-ac-milan-trikotsatz-fuer-kinder","9":"product_tag-coole-fussballtrikots","10":"product_tag-fussballtrikot-kurzarm","11":"product_tag-guenstiges-fussballtrikot","12":"product_tag-kinder-fussball-trikotsatz","14":"first","15":"instock","16":"shipping-taxable","17":"purchasable","18":"product-type-variable"},"_links":{"self":[{"href":"https:\/\/www.billigtrikotde.com\/sk\/wp-json\/wp\/v2\/product\/2458","targetHints":{"allow":["GET"]}}],"collection":[{"href":"https:\/\/www.billigtrikotde.com\/sk\/wp-json\/wp\/v2\/product"}],"about":[{"href":"https:\/\/www.billigtrikotde.com\/sk\/wp-json\/wp\/v2\/types\/product"}],"replies":[{"embeddable":true,"href":"https:\/\/www.billigtrikotde.com\/sk\/wp-json\/wp\/v2\/comments?post=2458"}],"wp:featuredmedia":[{"embeddable":true,"href":"https:\/\/www.billigtrikotde.com\/sk\/wp-json\/wp\/v2\/media\/2499"}],"wp:attachment":[{"href":"https:\/\/www.billigtrikotde.com\/sk\/wp-json\/wp\/v2\/media?parent=2458"}],"wp:term":[{"taxonomy":"product_brand","embeddable":true,"href":"https:\/\/www.billigtrikotde.com\/sk\/wp-json\/wp\/v2\/product_brand?post=2458"},{"taxonomy":"product_cat","embeddable":true,"href":"https:\/\/www.billigtrikotde.com\/sk\/wp-json\/wp\/v2\/product_cat?post=2458"},{"taxonomy":"product_tag","embeddable":true,"href":"https:\/\/www.billigtrikotde.com\/sk\/wp-json\/wp\/v2\/product_tag?post=2458"}],"curies":[{"name":"wp","href":"https:\/\/api.w.org\/{rel}","templated":true}]}}