{"id":2442,"date":"2024-10-23T14:17:04","date_gmt":"2024-10-23T12:17:04","guid":{"rendered":"http:\/\/billigtrikots.com\/?post_type=product&#038;p=2442"},"modified":"2024-10-23T14:19:08","modified_gmt":"2024-10-23T12:19:08","slug":"ac-mailand-auswaertstrikot-2022-beige-rot-fuer-kinder-mit-aufdruck-r-leao-17","status":"publish","type":"product","link":"https:\/\/www.billigtrikotde.com\/sk\/ac-mailand-auswaertstrikot-2022-beige-rot-fuer-kinder-mit-aufdruck-r-leao-17\/","title":{"rendered":"AC Milan Away Jersey 2022 Beige Red pre deti s potla\u010dou R.Le\u00e3o 17"},"content":{"rendered":"<p>Detsk\u00e9 \u0161portov\u00e9 tri\u010dko od PUMA v b\u00e9\u017eovej farbe ti umo\u017en\u00ed nosi\u0165 farby svojho ob\u013e\u00faben\u00e9ho klubu a v\u0161etk\u00fdm uk\u00e1za\u0165, za \u010do tvoj srdce bije. Pre prav\u00fdch fan\u00fa\u0161ikov AC Mil\u00e1no je nevyhnutnos\u0165ou: vonkaj\u0161ie \u0161portov\u00e9 tri\u010dko v origin\u00e1lnom dizajne, ak\u00e9 nosia hr\u00e1\u010di v Serie A. Je priedu\u0161n\u00e9, ve\u013emi pohodln\u00e9 a \u013eahk\u00e9. Opticky vynik\u00e1 s klubovou erbou na hrudi. S t\u00fdmto tri\u010dkom si pripraven\u00fd na ka\u017ed\u00fa tr\u00e9ningov\u00fa jednotku.<\/p>\n<p>Tipy na tla\u010d: Ak s\u00fa meno a \u010d\u00edslo na obr\u00e1zku presne tak\u00e9, ak\u00e9 chcete, nemus\u00edte ich zad\u00e1va\u0165 znova. Ak nie, mali by ste zada\u0165 po\u017eadovan\u00e9 meno a \u010d\u00edslo.<\/p>\n<p>Tipy na pranie: Odpor\u00fa\u010dame pra\u0165 futbalov\u00e9 tri\u010dk\u00e1 v ruke. Ak chcete pou\u017ei\u0165 pr\u00e1\u010dku, nezabudnite futbalov\u00e9 tri\u010dk\u00e1 oto\u010di\u0165 naruby a potom ich vypra\u0165. Napl\u0148te pr\u00e1\u010dku studenou vodou a pou\u017eite jemn\u00fd cyklus, aby ste lep\u0161ie ochr\u00e1nili farby.<\/p>","protected":false},"excerpt":{"rendered":"<p>Das Kinder-Sportshirt von PUMA in Beige l\u00e4sst dich die Farben deines Lieblingsclubs tragen und allen zeigen, wof\u00fcr dein Herz schl\u00e4gt. F\u00fcr wahre AC Mailand-Fans ein Must-Have: das Ausw\u00e4rts-Sportshirt im Originaldesign, wie es die Spieler in der Serie A tragen. Es ist atmungsaktiv, super bequem und leicht. Es besticht optisch mit einem Vereinswappen auf der Brust. [&hellip;]<\/p>","protected":false},"featured_media":2483,"comment_status":"open","ping_status":"closed","template":"","meta":[],"product_brand":[],"product_cat":[92],"product_tag":[19,93,20,94],"class_list":{"0":"post-2442","1":"product","2":"type-product","3":"status-publish","4":"has-post-thumbnail","6":"product_cat-ac-mailand-kindertrikot","7":"product_tag-ac-milan-auswaertstrikot","8":"product_tag-ac-milan-trikotsatz-fuer-kinder","9":"product_tag-coole-fussballtrikots","10":"product_tag-kinder-fussball-trikotsatz","12":"first","13":"instock","14":"shipping-taxable","15":"purchasable","16":"product-type-variable"},"_links":{"self":[{"href":"https:\/\/www.billigtrikotde.com\/sk\/wp-json\/wp\/v2\/product\/2442","targetHints":{"allow":["GET"]}}],"collection":[{"href":"https:\/\/www.billigtrikotde.com\/sk\/wp-json\/wp\/v2\/product"}],"about":[{"href":"https:\/\/www.billigtrikotde.com\/sk\/wp-json\/wp\/v2\/types\/product"}],"replies":[{"embeddable":true,"href":"https:\/\/www.billigtrikotde.com\/sk\/wp-json\/wp\/v2\/comments?post=2442"}],"wp:featuredmedia":[{"embeddable":true,"href":"https:\/\/www.billigtrikotde.com\/sk\/wp-json\/wp\/v2\/media\/2483"}],"wp:attachment":[{"href":"https:\/\/www.billigtrikotde.com\/sk\/wp-json\/wp\/v2\/media?parent=2442"}],"wp:term":[{"taxonomy":"product_brand","embeddable":true,"href":"https:\/\/www.billigtrikotde.com\/sk\/wp-json\/wp\/v2\/product_brand?post=2442"},{"taxonomy":"product_cat","embeddable":true,"href":"https:\/\/www.billigtrikotde.com\/sk\/wp-json\/wp\/v2\/product_cat?post=2442"},{"taxonomy":"product_tag","embeddable":true,"href":"https:\/\/www.billigtrikotde.com\/sk\/wp-json\/wp\/v2\/product_tag?post=2442"}],"curies":[{"name":"wp","href":"https:\/\/api.w.org\/{rel}","templated":true}]}}