{"id":24088,"date":"2026-01-18T08:34:35","date_gmt":"2026-01-18T07:34:35","guid":{"rendered":"https:\/\/www.billigtrikotde.com\/?post_type=product&#038;p=24088"},"modified":"2026-01-18T08:35:36","modified_gmt":"2026-01-18T07:35:36","slug":"manchester-united-guenstige-matheus-cunha-10-3rd-trikot-kinder-2025-26-fussballtrikots-set","status":"publish","type":"product","link":"https:\/\/www.billigtrikotde.com\/sk\/manchester-united-guenstige-matheus-cunha-10-3rd-trikot-kinder-2025-26-fussballtrikots-set\/","title":{"rendered":"Manchester United V\u00fdhodn\u00e9 Matheus Cunha #10 3. dres Die\u0165a 2025-26 Futbalov\u00e9 dresy Sada"},"content":{"rendered":"<p>Manchester United futbalov\u00fd set dresov pre deti Tipy na tla\u010d: Ak meno a \u010d\u00edslo na obr\u00e1zku presne zodpovedaj\u00fa va\u0161im po\u017eiadavk\u00e1m, nemusia sa zada\u0165 nanovo. Ak nie, mali by ste zada\u0165 po\u017eadovan\u00e9 meno a \u010d\u00edslo.<\/p>\n<p>Tipy na pranie: Odpor\u00fa\u010dame pra\u0165 futbalov\u00e9 tri\u010dk\u00e1 v ruke. Ak chcete pou\u017ei\u0165 pr\u00e1\u010dku, nezabudnite futbalov\u00e9 tri\u010dk\u00e1 oto\u010di\u0165 naruby a potom ich vypra\u0165. Napl\u0148te pr\u00e1\u010dku studenou vodou a pou\u017eite jemn\u00fd cyklus, aby ste lep\u0161ie ochr\u00e1nili farby.<\/p>","protected":false},"excerpt":{"rendered":"<p>Manchester United Futbalov\u00fd dresov\u00fd set pre deti tipy na tla\u010d: Ak meno a \u010d\u00edslo na obr\u00e1zku presne zodpovedaj\u00fa va\u0161im po\u017eiadavk\u00e1m, nemus\u00edte ich znovu zad\u00e1va\u0165. Ak nie, mali by ste zada\u0165 \u017eelan\u00e9 meno a \u010d\u00edslo. Tipy na pranie: Odpor\u00fa\u010da sa ru\u010dn\u00e9 pranie futbalov\u00fdch dresov. Ak chcete pou\u017ei\u0165 pr\u00e1\u010dku, [\u2026]<\/p>","protected":false},"featured_media":24090,"comment_status":"open","ping_status":"closed","template":"","meta":[],"product_brand":[],"product_cat":[140],"product_tag":[1736,1735],"class_list":{"0":"post-24088","1":"product","2":"type-product","3":"status-publish","4":"has-post-thumbnail","6":"product_cat-manchester-united-kindertrikot","7":"product_tag-guenstige-matheus-cunha-trikot-kinder","8":"product_tag-matheus-cunha-trikot-kinder-kaufen","10":"first","11":"instock","12":"shipping-taxable","13":"purchasable","14":"product-type-variable"},"_links":{"self":[{"href":"https:\/\/www.billigtrikotde.com\/sk\/wp-json\/wp\/v2\/product\/24088","targetHints":{"allow":["GET"]}}],"collection":[{"href":"https:\/\/www.billigtrikotde.com\/sk\/wp-json\/wp\/v2\/product"}],"about":[{"href":"https:\/\/www.billigtrikotde.com\/sk\/wp-json\/wp\/v2\/types\/product"}],"replies":[{"embeddable":true,"href":"https:\/\/www.billigtrikotde.com\/sk\/wp-json\/wp\/v2\/comments?post=24088"}],"wp:featuredmedia":[{"embeddable":true,"href":"https:\/\/www.billigtrikotde.com\/sk\/wp-json\/wp\/v2\/media\/24090"}],"wp:attachment":[{"href":"https:\/\/www.billigtrikotde.com\/sk\/wp-json\/wp\/v2\/media?parent=24088"}],"wp:term":[{"taxonomy":"product_brand","embeddable":true,"href":"https:\/\/www.billigtrikotde.com\/sk\/wp-json\/wp\/v2\/product_brand?post=24088"},{"taxonomy":"product_cat","embeddable":true,"href":"https:\/\/www.billigtrikotde.com\/sk\/wp-json\/wp\/v2\/product_cat?post=24088"},{"taxonomy":"product_tag","embeddable":true,"href":"https:\/\/www.billigtrikotde.com\/sk\/wp-json\/wp\/v2\/product_tag?post=24088"}],"curies":[{"name":"wp","href":"https:\/\/api.w.org\/{rel}","templated":true}]}}