{"id":2378,"date":"2024-10-23T14:14:16","date_gmt":"2024-10-23T12:14:16","guid":{"rendered":"http:\/\/billigtrikots.com\/?post_type=product&#038;p=2378"},"modified":"2024-10-23T14:16:23","modified_gmt":"2024-10-23T12:16:23","slug":"as-roma-2022-heimtrikot-rot-trikotsatz-kurzarm-kurze-hosen-mancini-23","status":"publish","type":"product","link":"https:\/\/www.billigtrikotde.com\/sk\/as-roma-2022-heimtrikot-rot-trikotsatz-kurzarm-kurze-hosen-mancini-23\/","title":{"rendered":"AS Roma 2022 dom\u00e1ce tri\u010dko \u010derven\u00e9 dres s kr\u00e1tkym ruk\u00e1vom + \u0161ortky MANCINI 23"},"content":{"rendered":"<p>Ka\u017ed\u00fd skuto\u010dn\u00fd fan\u00fa\u0161ik AS R\u00edm potrebuje tento dom\u00e1ci \u0161portov\u00fd tri\u010dko, preto\u017ee ho nosia aj hr\u00e1\u010di v Serie A. D\u00fdchate\u013en\u00e1, pohodln\u00e1, \u013eahk\u00e1 a potu odv\u00e1dzaj\u00faca funk\u010dnos\u0165 ho rob\u00ed presved\u010div\u00fdm. Pri tomto tri\u010dku m\u00f4\u017eete vizu\u00e1lne spo\u013eahn\u00fa\u0165 na klubov\u00fa erb na hrudi. Bez oh\u013eadu na to, ako tvrd\u00fd je tr\u00e9ning alebo z\u00e1pas, s t\u00fdmto modelom ste v\u017edy najlep\u0161ie oble\u010den\u00fd.<\/p>\n<p>Tipy na tla\u010d: Ak s\u00fa meno a \u010d\u00edslo na obr\u00e1zku presne tak\u00e9, ak\u00e9 chcete, nemus\u00edte ich zad\u00e1va\u0165 znova. Ak nie, mali by ste zada\u0165 po\u017eadovan\u00e9 meno a \u010d\u00edslo.<\/p>\n<p>Tipy na pranie: Odpor\u00fa\u010dame pra\u0165 futbalov\u00e9 tri\u010dk\u00e1 v ruke. Ak chcete pou\u017ei\u0165 pr\u00e1\u010dku, nezabudnite futbalov\u00e9 tri\u010dk\u00e1 oto\u010di\u0165 naruby a potom ich vypra\u0165. Napl\u0148te pr\u00e1\u010dku studenou vodou a pou\u017eite jemn\u00fd cyklus, aby ste lep\u0161ie ochr\u00e1nili farby.<\/p>","protected":false},"excerpt":{"rendered":"<p>Ka\u017ed\u00fd skuto\u010dn\u00fd fan\u00fa\u0161ik AS R\u00edm potrebuje tento dom\u00e1ci \u0161portov\u00fd tri\u010dko, preto\u017ee ho nosia aj hr\u00e1\u010di v Serie A. D\u00fdchate\u013en\u00e1, pohodln\u00e1, \u013eahk\u00e1 a potu odv\u00e1dzaj\u00faca funk\u010dnos\u0165 ho rob\u00ed presved\u010div\u00fdm. Pri tomto tri\u010dku m\u00f4\u017eete vizu\u00e1lne spo\u013eahn\u00fa\u0165 na klubov\u00fa erb na hrudi. Bez oh\u013eadu na to, ako tvrd\u00fd je tr\u00e9ning alebo z\u00e1pas, s t\u00fdmto modelom ste v\u017edy najlep\u0161ie oble\u010den\u00fd.<\/p>","protected":false},"featured_media":2413,"comment_status":"open","ping_status":"closed","template":"","meta":[],"product_brand":[],"product_cat":[85],"product_tag":[86,87,20,21,22,23,24],"class_list":{"0":"post-2378","1":"product","2":"type-product","3":"status-publish","4":"has-post-thumbnail","6":"product_cat-as-roma","7":"product_tag-as-roma-heimtrikot","8":"product_tag-as-roma-trikots","9":"product_tag-coole-fussballtrikots","10":"product_tag-fussballtrikot-fuer-herren","11":"product_tag-fussballtrikot-guenstig-kaufen","12":"product_tag-fussballtrikot-kurzarm","13":"product_tag-guenstiges-fussballtrikot","15":"first","16":"instock","17":"shipping-taxable","18":"purchasable","19":"product-type-variable"},"_links":{"self":[{"href":"https:\/\/www.billigtrikotde.com\/sk\/wp-json\/wp\/v2\/product\/2378","targetHints":{"allow":["GET"]}}],"collection":[{"href":"https:\/\/www.billigtrikotde.com\/sk\/wp-json\/wp\/v2\/product"}],"about":[{"href":"https:\/\/www.billigtrikotde.com\/sk\/wp-json\/wp\/v2\/types\/product"}],"replies":[{"embeddable":true,"href":"https:\/\/www.billigtrikotde.com\/sk\/wp-json\/wp\/v2\/comments?post=2378"}],"wp:featuredmedia":[{"embeddable":true,"href":"https:\/\/www.billigtrikotde.com\/sk\/wp-json\/wp\/v2\/media\/2413"}],"wp:attachment":[{"href":"https:\/\/www.billigtrikotde.com\/sk\/wp-json\/wp\/v2\/media?parent=2378"}],"wp:term":[{"taxonomy":"product_brand","embeddable":true,"href":"https:\/\/www.billigtrikotde.com\/sk\/wp-json\/wp\/v2\/product_brand?post=2378"},{"taxonomy":"product_cat","embeddable":true,"href":"https:\/\/www.billigtrikotde.com\/sk\/wp-json\/wp\/v2\/product_cat?post=2378"},{"taxonomy":"product_tag","embeddable":true,"href":"https:\/\/www.billigtrikotde.com\/sk\/wp-json\/wp\/v2\/product_tag?post=2378"}],"curies":[{"name":"wp","href":"https:\/\/api.w.org\/{rel}","templated":true}]}}