{"id":2320,"date":"2024-10-23T14:11:58","date_gmt":"2024-10-23T12:11:58","guid":{"rendered":"http:\/\/billigtrikots.com\/?post_type=product&#038;p=2320"},"modified":"2024-10-23T14:13:06","modified_gmt":"2024-10-23T12:13:06","slug":"manchester-city-auswaertstrikot-2022-weiss-hellblau-mit-aufdruck-guendogan-8","status":"publish","type":"product","link":"https:\/\/www.billigtrikotde.com\/sk\/manchester-city-auswaertstrikot-2022-weiss-hellblau-mit-aufdruck-guendogan-8\/","title":{"rendered":"S\u00faprava Manchester City 2022 biela\/svetlomodr\u00e1 s potla\u010dou G\u00fcndogan 8"},"content":{"rendered":"<p>Najnov\u0161\u00ed p\u00e1nsky dres Puma MCFC je v nezvy\u010dajne svetlej farbe, a preto je skuto\u010dne jedine\u010dn\u00fd! Samozrejme, zdob\u00ed ho hrd\u00e9 klubov\u00e9 logo, \u00fadaje o ofici\u00e1lnom sponzorovi a legend\u00e1rna ma\u010dka Puma. Nenechajte si ujs\u0165 tento jedine\u010dn\u00fd dizajn!<\/p>\n<p>Je vyroben\u00e1 z recyklovan\u00e9ho polyesteru 100% a v\u010faka technol\u00f3gii dryCELL zabezpe\u010duje dobr\u00fd odvod tepla a vlhkosti. V\u010faka tomu zostane va\u0161e telo such\u00e9 a svie\u017ee a vy si m\u00f4\u017eete by\u0165 ist\u00ed udr\u017eate\u013enou kvalitou. \u0160peci\u00e1lny strih repliky sa mierne l\u00ed\u0161i od priliehavej\u0161\u00edch hr\u00e1\u010dskych dresov a zais\u0165uje maxim\u00e1lnu vo\u013enos\u0165 pohybu vo v\u0161etk\u00fdch smeroch.<\/p>\n<p>Prejavte svoju vernos\u0165 a lojalitu bez oh\u013eadu na to, kedy a kde s\u00fa Citizens na ihrisku! K\u00fapte si ofici\u00e1lny p\u00e1nsky dres Puma Manchester City 2021\/22 a osl\u00e1vte mimoriadne \u00faspe\u0161n\u00fd t\u00edm!<\/p>\n<p>Tipy na tla\u010d: Ak s\u00fa meno a \u010d\u00edslo na obr\u00e1zku presne tak\u00e9, ak\u00e9 chcete, nemus\u00edte ich zad\u00e1va\u0165 znova. Ak nie, mali by ste zada\u0165 po\u017eadovan\u00e9 meno a \u010d\u00edslo.<\/p>\n<p>Tipy na pranie: Odpor\u00fa\u010dame pra\u0165 futbalov\u00e9 tri\u010dk\u00e1 v ruke. Ak chcete pou\u017ei\u0165 pr\u00e1\u010dku, nezabudnite futbalov\u00e9 tri\u010dk\u00e1 oto\u010di\u0165 naruby a potom ich vypra\u0165. Napl\u0148te pr\u00e1\u010dku studenou vodou a pou\u017eite jemn\u00fd cyklus, aby ste lep\u0161ie ochr\u00e1nili farby.<\/p>","protected":false},"excerpt":{"rendered":"<p>Das aktuelle Puma MCFC Herren Ausw\u00e4rts Trikot zeigt sich in einer ungew\u00f6hnlich hellen Farbe und ist somit ein echtes Unikat! Es ist nat\u00fcrlich mit dem stolzen Vereinslogo, offiziellen Sponsorendetails und der legend\u00e4ren Puma Cat geschm\u00fcckt. Dieses einzigartige Design darfst du dir nicht entgehen lassen! Gefertigt wird es aus 100% recyceltem Polyester und dank der dryCELL [&hellip;]<\/p>","protected":false},"featured_media":2351,"comment_status":"open","ping_status":"closed","template":"","meta":[],"product_brand":[],"product_cat":[82],"product_tag":[20,21,22,23,24,83,84],"class_list":{"0":"post-2320","1":"product","2":"type-product","3":"status-publish","4":"has-post-thumbnail","6":"product_cat-manchester-city","7":"product_tag-coole-fussballtrikots","8":"product_tag-fussballtrikot-fuer-herren","9":"product_tag-fussballtrikot-guenstig-kaufen","10":"product_tag-fussballtrikot-kurzarm","11":"product_tag-guenstiges-fussballtrikot","12":"product_tag-manchester-city-auswaertstrikot","13":"product_tag-manchester-city-trikots","15":"first","16":"instock","17":"shipping-taxable","18":"purchasable","19":"product-type-variable"},"_links":{"self":[{"href":"https:\/\/www.billigtrikotde.com\/sk\/wp-json\/wp\/v2\/product\/2320","targetHints":{"allow":["GET"]}}],"collection":[{"href":"https:\/\/www.billigtrikotde.com\/sk\/wp-json\/wp\/v2\/product"}],"about":[{"href":"https:\/\/www.billigtrikotde.com\/sk\/wp-json\/wp\/v2\/types\/product"}],"replies":[{"embeddable":true,"href":"https:\/\/www.billigtrikotde.com\/sk\/wp-json\/wp\/v2\/comments?post=2320"}],"wp:featuredmedia":[{"embeddable":true,"href":"https:\/\/www.billigtrikotde.com\/sk\/wp-json\/wp\/v2\/media\/2351"}],"wp:attachment":[{"href":"https:\/\/www.billigtrikotde.com\/sk\/wp-json\/wp\/v2\/media?parent=2320"}],"wp:term":[{"taxonomy":"product_brand","embeddable":true,"href":"https:\/\/www.billigtrikotde.com\/sk\/wp-json\/wp\/v2\/product_brand?post=2320"},{"taxonomy":"product_cat","embeddable":true,"href":"https:\/\/www.billigtrikotde.com\/sk\/wp-json\/wp\/v2\/product_cat?post=2320"},{"taxonomy":"product_tag","embeddable":true,"href":"https:\/\/www.billigtrikotde.com\/sk\/wp-json\/wp\/v2\/product_tag?post=2320"}],"curies":[{"name":"wp","href":"https:\/\/api.w.org\/{rel}","templated":true}]}}