{"id":2290,"date":"2024-10-23T14:10:50","date_gmt":"2024-10-23T12:10:50","guid":{"rendered":"http:\/\/billigtrikots.com\/?post_type=product&#038;p=2290"},"modified":"2024-10-23T14:11:16","modified_gmt":"2024-10-23T12:11:16","slug":"leicester-city-jonny-evans-6-heim-trikot-home-2022-kurzarm-kurze-hosen","status":"publish","type":"product","link":"https:\/\/www.billigtrikotde.com\/sk\/leicester-city-jonny-evans-6-heim-trikot-home-2022-kurzarm-kurze-hosen\/","title":{"rendered":"Leicester City Jonny Evans 6 Dom\u00e1ce tri\u010dko Home 2022 kr\u00e1tky ruk\u00e1v + \u0161ortky"},"content":{"rendered":"<p>Toto dom\u00e1ce tri\u010dko Leicester City FC 2022 pre mu\u017eov od adidas je tento rok medzi top \u0161tvrt\u00fdmi. Tento \u0161tandardn\u00fd strih v modrej maskovacej farbe je vyroben\u00fd z \u013eahk\u00e9ho polyetyl\u00e9nov\u00e9ho textilu, ktor\u00fd v\u010faka technol\u00f3gii AEROREADY odv\u00e1dza pot a zabezpe\u010duje chladn\u00fd komfort. M\u00e1 V-\u010dko a kr\u00e1tke ruk\u00e1vy s kontrastn\u00fdmi bielymi lemovaniami a 3-stripe na pleciach. Sponzori klubu na prednej strane tohto topu s\u00fa vybaven\u00e9 \u0161portov\u00fdm pr\u00edveskom a ikonick\u00fdm erbom Foxes na hrudi.<\/p>\n<p>Tipy na tla\u010d: Ak s\u00fa meno a \u010d\u00edslo na obr\u00e1zku presne tak\u00e9, ak\u00e9 chcete, nemus\u00edte ich zad\u00e1va\u0165 znova. Ak nie, mali by ste zada\u0165 po\u017eadovan\u00e9 meno a \u010d\u00edslo.<\/p>\n<p>Tipy na pranie: Odpor\u00fa\u010dame pra\u0165 futbalov\u00e9 tri\u010dk\u00e1 v ruke. Ak chcete pou\u017ei\u0165 pr\u00e1\u010dku, nezabudnite futbalov\u00e9 tri\u010dk\u00e1 oto\u010di\u0165 naruby a potom ich vypra\u0165. Napl\u0148te pr\u00e1\u010dku studenou vodou a pou\u017eite jemn\u00fd cyklus, aby ste lep\u0161ie ochr\u00e1nili farby.<\/p>","protected":false},"excerpt":{"rendered":"<p>Mit diesem Leicester City FC 2022 Heimtrikot f\u00fcr Herren von adidas sind die Jungs in dieser Saison unter den Top 4. Dieses Standard-Fit-Shirt in blauer Tarnfarbe besteht aus leichtem Polygewebe, das mit AEROREADY-Technologie Schwei\u00df ableitet und f\u00fcr k\u00fchlen Komfort sorgt. Es hat einen V-Ausschnitt und kurze \u00c4rmel mit kontrastierenden wei\u00dfen Bes\u00e4tzen und 3-Streifen an den [&hellip;]<\/p>","protected":false},"featured_media":2295,"comment_status":"open","ping_status":"closed","template":"","meta":[],"product_brand":[],"product_cat":[80],"product_tag":[20,21,22,23,54,24,81],"class_list":{"0":"post-2290","1":"product","2":"type-product","3":"status-publish","4":"has-post-thumbnail","6":"product_cat-leicester-city","7":"product_tag-coole-fussballtrikots","8":"product_tag-fussballtrikot-fuer-herren","9":"product_tag-fussballtrikot-guenstig-kaufen","10":"product_tag-fussballtrikot-kurzarm","11":"product_tag-fussballtrikot-set","12":"product_tag-guenstiges-fussballtrikot","13":"product_tag-leicester-city-f-c-trikots","15":"first","16":"instock","17":"shipping-taxable","18":"purchasable","19":"product-type-variable"},"_links":{"self":[{"href":"https:\/\/www.billigtrikotde.com\/sk\/wp-json\/wp\/v2\/product\/2290","targetHints":{"allow":["GET"]}}],"collection":[{"href":"https:\/\/www.billigtrikotde.com\/sk\/wp-json\/wp\/v2\/product"}],"about":[{"href":"https:\/\/www.billigtrikotde.com\/sk\/wp-json\/wp\/v2\/types\/product"}],"replies":[{"embeddable":true,"href":"https:\/\/www.billigtrikotde.com\/sk\/wp-json\/wp\/v2\/comments?post=2290"}],"wp:featuredmedia":[{"embeddable":true,"href":"https:\/\/www.billigtrikotde.com\/sk\/wp-json\/wp\/v2\/media\/2295"}],"wp:attachment":[{"href":"https:\/\/www.billigtrikotde.com\/sk\/wp-json\/wp\/v2\/media?parent=2290"}],"wp:term":[{"taxonomy":"product_brand","embeddable":true,"href":"https:\/\/www.billigtrikotde.com\/sk\/wp-json\/wp\/v2\/product_brand?post=2290"},{"taxonomy":"product_cat","embeddable":true,"href":"https:\/\/www.billigtrikotde.com\/sk\/wp-json\/wp\/v2\/product_cat?post=2290"},{"taxonomy":"product_tag","embeddable":true,"href":"https:\/\/www.billigtrikotde.com\/sk\/wp-json\/wp\/v2\/product_tag?post=2290"}],"curies":[{"name":"wp","href":"https:\/\/api.w.org\/{rel}","templated":true}]}}