{"id":22729,"date":"2025-11-04T15:44:25","date_gmt":"2025-11-04T14:44:25","guid":{"rendered":"https:\/\/www.billigtrikotde.com\/?post_type=product&#038;p=22729"},"modified":"2025-11-04T15:44:27","modified_gmt":"2025-11-04T14:44:27","slug":"everton-iliman-ndiaye-10-heimtrikot-2025-26-kurzarm","status":"publish","type":"product","link":"https:\/\/www.billigtrikotde.com\/sk\/everton-iliman-ndiaye-10-heimtrikot-2025-26-kurzarm\/","title":{"rendered":"Everton Iliman Ndiaye #10 Dom\u00e1ci dres 2025-26 kr\u00e1tke ruk\u00e1vy"},"content":{"rendered":"<p>Evertonov\u00e9 futbalov\u00e9 dresy tipy na tla\u010d: Ak meno a \u010d\u00edslo na obr\u00e1zku presne vyhovuj\u00fa va\u0161im predstav\u00e1m, nemusia ste ich zad\u00e1va\u0165 znovu. Ak nie, mali by ste zada\u0165 po\u017eadovan\u00e9 meno a \u010d\u00edslo.<\/p>\n<p>Tipy na pranie: Odpor\u00fa\u010dame pra\u0165 futbalov\u00e9 tri\u010dk\u00e1 v ruke. Ak chcete pou\u017ei\u0165 pr\u00e1\u010dku, nezabudnite futbalov\u00e9 tri\u010dk\u00e1 oto\u010di\u0165 naruby a potom ich vypra\u0165. Napl\u0148te pr\u00e1\u010dku studenou vodou a pou\u017eite jemn\u00fd cyklus, aby ste lep\u0161ie ochr\u00e1nili farby.<\/p>","protected":false},"excerpt":{"rendered":"<p>Tipy na tla\u010d futbalov\u00fdch dresov Chelsea: Ak n\u00e1zov a \u010d\u00edslo na obr\u00e1zku presne zodpovedaj\u00fa va\u0161im po\u017eiadavk\u00e1m, nemus\u00edte ich zad\u00e1va\u0165 znova. Ak nie, zadajte po\u017eadovan\u00fd n\u00e1zov a \u010d\u00edslo. Tipy na pranie futbalov\u00fdch dresov Chelsea: Odpor\u00fa\u010da sa pra\u0165 futbalov\u00e9 dresy ru\u010dne. Ak chcete pou\u017ei\u0165 pr\u00e1\u010dku, nezabudnite obr\u00e1ti\u0165 futbalov\u00e9 dresy naruby [...]<\/p>","protected":false},"featured_media":22731,"comment_status":"open","ping_status":"closed","template":"","meta":[],"product_brand":[],"product_cat":[1049],"product_tag":[],"class_list":{"0":"post-22729","1":"product","2":"type-product","3":"status-publish","4":"has-post-thumbnail","6":"product_cat-everton","8":"first","9":"instock","10":"shipping-taxable","11":"purchasable","12":"product-type-variable"},"_links":{"self":[{"href":"https:\/\/www.billigtrikotde.com\/sk\/wp-json\/wp\/v2\/product\/22729","targetHints":{"allow":["GET"]}}],"collection":[{"href":"https:\/\/www.billigtrikotde.com\/sk\/wp-json\/wp\/v2\/product"}],"about":[{"href":"https:\/\/www.billigtrikotde.com\/sk\/wp-json\/wp\/v2\/types\/product"}],"replies":[{"embeddable":true,"href":"https:\/\/www.billigtrikotde.com\/sk\/wp-json\/wp\/v2\/comments?post=22729"}],"wp:featuredmedia":[{"embeddable":true,"href":"https:\/\/www.billigtrikotde.com\/sk\/wp-json\/wp\/v2\/media\/22731"}],"wp:attachment":[{"href":"https:\/\/www.billigtrikotde.com\/sk\/wp-json\/wp\/v2\/media?parent=22729"}],"wp:term":[{"taxonomy":"product_brand","embeddable":true,"href":"https:\/\/www.billigtrikotde.com\/sk\/wp-json\/wp\/v2\/product_brand?post=22729"},{"taxonomy":"product_cat","embeddable":true,"href":"https:\/\/www.billigtrikotde.com\/sk\/wp-json\/wp\/v2\/product_cat?post=22729"},{"taxonomy":"product_tag","embeddable":true,"href":"https:\/\/www.billigtrikotde.com\/sk\/wp-json\/wp\/v2\/product_tag?post=22729"}],"curies":[{"name":"wp","href":"https:\/\/api.w.org\/{rel}","templated":true}]}}