{"id":22402,"date":"2025-08-08T15:00:20","date_gmt":"2025-08-08T13:00:20","guid":{"rendered":"https:\/\/www.billigtrikotde.com\/?post_type=product&#038;p=22402"},"modified":"2025-08-08T15:15:40","modified_gmt":"2025-08-08T13:15:40","slug":"benfica-heimtrikot-kinder-2025-26-fussball-trikotsatz","status":"publish","type":"product","link":"https:\/\/www.billigtrikotde.com\/sk\/benfica-heimtrikot-kinder-2025-26-fussball-trikotsatz\/","title":{"rendered":"Benfica dom\u00e1ci dres pre deti 2025-26 futbalov\u00e1 s\u00faprava dresov"},"content":{"rendered":"<h2>Benfica dom\u00e1ci dres pre deti 2025-26 futbalov\u00e1 s\u00faprava dresov<\/h2>","protected":false},"excerpt":{"rendered":"<p>Benfica dom\u00e1ci dres pre deti 2025-26 futbalov\u00e1 s\u00faprava dresov<\/p>","protected":false},"featured_media":22404,"comment_status":"open","ping_status":"closed","template":"","meta":[],"product_brand":[],"product_cat":[726],"product_tag":[1575],"class_list":{"0":"post-22402","1":"product","2":"type-product","3":"status-publish","4":"has-post-thumbnail","6":"product_cat-benfica-kindertrikot","7":"product_tag-guenstige-benfica-trikot-kinder","9":"first","10":"instock","11":"shipping-taxable","12":"purchasable","13":"product-type-variable"},"_links":{"self":[{"href":"https:\/\/www.billigtrikotde.com\/sk\/wp-json\/wp\/v2\/product\/22402","targetHints":{"allow":["GET"]}}],"collection":[{"href":"https:\/\/www.billigtrikotde.com\/sk\/wp-json\/wp\/v2\/product"}],"about":[{"href":"https:\/\/www.billigtrikotde.com\/sk\/wp-json\/wp\/v2\/types\/product"}],"replies":[{"embeddable":true,"href":"https:\/\/www.billigtrikotde.com\/sk\/wp-json\/wp\/v2\/comments?post=22402"}],"wp:featuredmedia":[{"embeddable":true,"href":"https:\/\/www.billigtrikotde.com\/sk\/wp-json\/wp\/v2\/media\/22404"}],"wp:attachment":[{"href":"https:\/\/www.billigtrikotde.com\/sk\/wp-json\/wp\/v2\/media?parent=22402"}],"wp:term":[{"taxonomy":"product_brand","embeddable":true,"href":"https:\/\/www.billigtrikotde.com\/sk\/wp-json\/wp\/v2\/product_brand?post=22402"},{"taxonomy":"product_cat","embeddable":true,"href":"https:\/\/www.billigtrikotde.com\/sk\/wp-json\/wp\/v2\/product_cat?post=22402"},{"taxonomy":"product_tag","embeddable":true,"href":"https:\/\/www.billigtrikotde.com\/sk\/wp-json\/wp\/v2\/product_tag?post=22402"}],"curies":[{"name":"wp","href":"https:\/\/api.w.org\/{rel}","templated":true}]}}