{"id":22056,"date":"2025-05-30T15:24:43","date_gmt":"2025-05-30T13:24:43","guid":{"rendered":"https:\/\/www.billigtrikotde.com\/?post_type=product&#038;p=22056"},"modified":"2025-05-30T16:01:01","modified_gmt":"2025-05-30T14:01:01","slug":"chelsea-enzo-fernandez-8-3rd-trikot-kinder-2024-25-fussball-trikotsatz","status":"publish","type":"product","link":"https:\/\/www.billigtrikotde.com\/sk\/chelsea-enzo-fernandez-8-3rd-trikot-kinder-2024-25-fussball-trikotsatz\/","title":{"rendered":"Chelsea Enzo Fernandez #8 3rd dres pre deti 2024-25 futbalov\u00e1 sada dresov"},"content":{"rendered":"<h3>Chelsea Enzo Fernandez #8 3rd dres pre deti 2024-25 futbalov\u00e1 sada dresov<\/h3>\n<p>Tipy na tla\u010d: Ak s\u00fa meno a \u010d\u00edslo na obr\u00e1zku presne tak\u00e9, ak\u00e9 chcete, nemus\u00edte ich zad\u00e1va\u0165 znova. Ak nie, mali by ste zada\u0165 po\u017eadovan\u00e9 meno a \u010d\u00edslo.<\/p>\n<p>Tipy na pranie: Odpor\u00fa\u010dame pra\u0165 futbalov\u00e9 tri\u010dk\u00e1 v ruke. Ak chcete pou\u017ei\u0165 pr\u00e1\u010dku, nezabudnite futbalov\u00e9 tri\u010dk\u00e1 oto\u010di\u0165 naruby a potom ich vypra\u0165. Napl\u0148te pr\u00e1\u010dku studenou vodou a pou\u017eite jemn\u00fd cyklus, aby ste lep\u0161ie ochr\u00e1nili farby.<\/p>","protected":false},"excerpt":{"rendered":"<p>Chelsea Enzo Fernandez #8 3rd dres pre deti 2024-25 s\u00faprava futbalov\u00fdch dresov Tipy na tla\u010d: Ak sa meno a \u010d\u00edslo na obr\u00e1zku presne zhoduj\u00fa s va\u0161imi \u017eelaniami, nemus\u00edte ich zad\u00e1va\u0165 nanovo. Ak nie, mali by ste zada\u0165 po\u017eadovan\u00e9 meno a \u010d\u00edslo. Tipy na pranie: Odpor\u00fa\u010da sa pra\u0165 futbalov\u00e9 dresy ru\u010dne. Ak [\u2026]<\/p>","protected":false},"featured_media":22058,"comment_status":"open","ping_status":"closed","template":"","meta":[],"product_brand":[],"product_cat":[162],"product_tag":[20,831,832,163,1283,1516,1284,24,94],"class_list":{"0":"post-22056","1":"product","2":"type-product","3":"status-publish","4":"has-post-thumbnail","6":"product_cat-chelsea-kindertrikot","7":"product_tag-coole-fussballtrikots","8":"product_tag-chelsea-fussballtrikots-kinder","9":"product_tag-chelsea-trikot-fuer-kinder","10":"product_tag-chelsea-trikotsatz-fuer-kinder","11":"product_tag-enzo-fernandez-trikot-kinder-kaufen","12":"product_tag-enzo-fernandez-trikots","13":"product_tag-guenstige-enzo-fernandez-trikot-kinder","14":"product_tag-guenstiges-fussballtrikot","15":"product_tag-kinder-fussball-trikotsatz","17":"first","18":"instock","19":"shipping-taxable","20":"purchasable","21":"product-type-variable"},"_links":{"self":[{"href":"https:\/\/www.billigtrikotde.com\/sk\/wp-json\/wp\/v2\/product\/22056","targetHints":{"allow":["GET"]}}],"collection":[{"href":"https:\/\/www.billigtrikotde.com\/sk\/wp-json\/wp\/v2\/product"}],"about":[{"href":"https:\/\/www.billigtrikotde.com\/sk\/wp-json\/wp\/v2\/types\/product"}],"replies":[{"embeddable":true,"href":"https:\/\/www.billigtrikotde.com\/sk\/wp-json\/wp\/v2\/comments?post=22056"}],"wp:featuredmedia":[{"embeddable":true,"href":"https:\/\/www.billigtrikotde.com\/sk\/wp-json\/wp\/v2\/media\/22058"}],"wp:attachment":[{"href":"https:\/\/www.billigtrikotde.com\/sk\/wp-json\/wp\/v2\/media?parent=22056"}],"wp:term":[{"taxonomy":"product_brand","embeddable":true,"href":"https:\/\/www.billigtrikotde.com\/sk\/wp-json\/wp\/v2\/product_brand?post=22056"},{"taxonomy":"product_cat","embeddable":true,"href":"https:\/\/www.billigtrikotde.com\/sk\/wp-json\/wp\/v2\/product_cat?post=22056"},{"taxonomy":"product_tag","embeddable":true,"href":"https:\/\/www.billigtrikotde.com\/sk\/wp-json\/wp\/v2\/product_tag?post=22056"}],"curies":[{"name":"wp","href":"https:\/\/api.w.org\/{rel}","templated":true}]}}