{"id":21682,"date":"2025-05-06T14:46:48","date_gmt":"2025-05-06T12:46:48","guid":{"rendered":"https:\/\/www.billigtrikotde.com\/?post_type=product&#038;p=21682"},"modified":"2025-05-07T11:43:47","modified_gmt":"2025-05-07T09:43:47","slug":"kaufen-online-juventus-torwart-3rd-trikot-kinder-2024-25-fussballtrikots-set","status":"publish","type":"product","link":"https:\/\/www.billigtrikotde.com\/sk\/kaufen-online-juventus-torwart-3rd-trikot-kinder-2024-25-fussballtrikots-set\/","title":{"rendered":"Nov\u00fd Juventus Brank\u00e1r 3. dres hr\u00e1\u010da 2024-25 Kr\u00e1tke ruk\u00e1vy (+ kr\u00e1tke nohavice)"},"content":{"rendered":"<h3>K\u00fapte online Juventus brank\u00e1r 3rd dres deti 2024-25 futbalov\u00e9 dresy set<\/h3>\n<p>Tipy k tla\u010di: Ak meno a \u010d\u00edslo na obr\u00e1zku zodpovedaj\u00fa presne tomu, \u010do si \u017eel\u00e1te, nie je potrebn\u00e9 ich znovu zad\u00e1va\u0165. Ak to nie je tak, mus\u00edte zada\u0165 meno a \u010d\u00edslo, ktor\u00e9 si \u017eel\u00e1te.<\/p>\n<p>Tipy k praniu: Odpor\u00fa\u010da sa ru\u010dne pra\u0165 futbalov\u00e9 dresy. Ak chcete pou\u017ei\u0165 pr\u00e1\u010dku, zv\u00e1\u017ete prevr\u00e1tenie futbalov\u00fdch dresov pred pran\u00edm. Napl\u0148te pr\u00e1\u010dku studenou vodou a pou\u017e\u00edvajte jemn\u00fd cyklus prania, aby sa farby lep\u0161ie chr\u00e1nili.<\/p>","protected":false},"excerpt":{"rendered":"<p>K\u00fapi\u0165 online Juventus brank\u00e1r 3rd dres deti 2024-25 futbalov\u00e9 dresy set Poradenstvo k tla\u010di: Ak meno a \u010d\u00edslo zobrazen\u00e9 na obr\u00e1zku zodpovedaj\u00fa presne tomu, \u010do si \u017eel\u00e1te, nem\u00e1te ich zad\u00e1va\u0165 znova. Ak nie, mus\u00edte zada\u0165 meno a \u010d\u00edslo, ktor\u00e9 si \u017eel\u00e1te. [\u2026]<\/p>","protected":false},"featured_media":21684,"comment_status":"open","ping_status":"closed","template":"","meta":[],"product_brand":[],"product_cat":[148],"product_tag":[20,574,24,855,856,61,149,94],"class_list":{"0":"post-21682","1":"product","2":"type-product","3":"status-publish","4":"has-post-thumbnail","6":"product_cat-juventus-kindertrikot","7":"product_tag-coole-fussballtrikots","8":"product_tag-fussballtrikot-deutschland","9":"product_tag-guenstiges-fussballtrikot","10":"product_tag-juventus-fussballtrikots-kinder","11":"product_tag-juventus-trikot-fuer-kinder","12":"product_tag-juventus-trikots","13":"product_tag-juventus-trikotsatz-fuer-kinder","14":"product_tag-kinder-fussball-trikotsatz","16":"first","17":"instock","18":"shipping-taxable","19":"purchasable","20":"product-type-variable"},"_links":{"self":[{"href":"https:\/\/www.billigtrikotde.com\/sk\/wp-json\/wp\/v2\/product\/21682","targetHints":{"allow":["GET"]}}],"collection":[{"href":"https:\/\/www.billigtrikotde.com\/sk\/wp-json\/wp\/v2\/product"}],"about":[{"href":"https:\/\/www.billigtrikotde.com\/sk\/wp-json\/wp\/v2\/types\/product"}],"replies":[{"embeddable":true,"href":"https:\/\/www.billigtrikotde.com\/sk\/wp-json\/wp\/v2\/comments?post=21682"}],"wp:featuredmedia":[{"embeddable":true,"href":"https:\/\/www.billigtrikotde.com\/sk\/wp-json\/wp\/v2\/media\/21684"}],"wp:attachment":[{"href":"https:\/\/www.billigtrikotde.com\/sk\/wp-json\/wp\/v2\/media?parent=21682"}],"wp:term":[{"taxonomy":"product_brand","embeddable":true,"href":"https:\/\/www.billigtrikotde.com\/sk\/wp-json\/wp\/v2\/product_brand?post=21682"},{"taxonomy":"product_cat","embeddable":true,"href":"https:\/\/www.billigtrikotde.com\/sk\/wp-json\/wp\/v2\/product_cat?post=21682"},{"taxonomy":"product_tag","embeddable":true,"href":"https:\/\/www.billigtrikotde.com\/sk\/wp-json\/wp\/v2\/product_tag?post=21682"}],"curies":[{"name":"wp","href":"https:\/\/api.w.org\/{rel}","templated":true}]}}