{"id":2149,"date":"2024-10-23T14:02:04","date_gmt":"2024-10-23T12:02:04","guid":{"rendered":"http:\/\/billigtrikots.com\/?post_type=product&#038;p=2149"},"modified":"2024-10-23T14:04:00","modified_gmt":"2024-10-23T12:04:00","slug":"inter-mailand-stefan-de-vrij-6-fussballtrikots-offizielles-set-2022-heim-trikot","status":"publish","type":"product","link":"https:\/\/www.billigtrikotde.com\/sk\/inter-mailand-stefan-de-vrij-6-fussballtrikots-offizielles-set-2022-heim-trikot\/","title":{"rendered":"Inter Mil\u00e1no Stefan de Vrij #6 Futbalov\u00e9 dresy Ofici\u00e1lna sada 2022 dom\u00e1ce tri\u010dko"},"content":{"rendered":"<p>Unterst\u00fctze dein Team als 12. Mann mit dem super bequemen Modell in Blau. Nike hat mit dem Trikot ein wirklich hervorragendes Produkt erschaffen. Mehr Fantum geht kaum! Mit diesem Inter Mailand-Heim-Trikot erweiterst du deine Fan-Sammlung um einen Artikel, wie ihn die Spieler in der Serie A tragen. Wir empfehlen dieses bequeme, schwei\u00dfableitende und atmungsaktive Modell mit dem angenehmen Tragegef\u00fchl. Es besticht optisch mit einem Vereinswappen auf der Brust. So bist du noch leistungsf\u00e4higer und kannst in jeder Einheit alles geben.<\/p>","protected":false},"excerpt":{"rendered":"<p>Podpor svoj t\u00edm ako 12. hr\u00e1\u010d s ve\u013emi pohodln\u00fdm modelom v modrej farbe. Nike vytvoril s t\u00fdmto dresom naozaj vynikaj\u00faci produkt. Viac fan\u00fa\u0161ikovstva u\u017e niet! S t\u00fdmto dom\u00e1cim dresom Inter Mil\u00e1no roz\u0161\u00edri\u0161 svoju fan\u00fa\u0161ikovsk\u00fa zbierku o k\u00fasok, ak\u00fd nosia hr\u00e1\u010di v Serie A. Odpor\u00fa\u010dame tento pohodln\u00fd, odv\u00e1dzaj\u00faci pot a priedu\u0161n\u00fd model [\u2026]<\/p>","protected":false},"featured_media":2187,"comment_status":"open","ping_status":"closed","template":"","meta":[],"product_brand":[],"product_cat":[77],"product_tag":[20,21,22,23,54,24,78],"class_list":{"0":"post-2149","1":"product","2":"type-product","3":"status-publish","4":"has-post-thumbnail","6":"product_cat-inter-milan","7":"product_tag-coole-fussballtrikots","8":"product_tag-fussballtrikot-fuer-herren","9":"product_tag-fussballtrikot-guenstig-kaufen","10":"product_tag-fussballtrikot-kurzarm","11":"product_tag-fussballtrikot-set","12":"product_tag-guenstiges-fussballtrikot","13":"product_tag-inter-milan-trikots","15":"first","16":"instock","17":"shipping-taxable","18":"purchasable","19":"product-type-variable"},"_links":{"self":[{"href":"https:\/\/www.billigtrikotde.com\/sk\/wp-json\/wp\/v2\/product\/2149","targetHints":{"allow":["GET"]}}],"collection":[{"href":"https:\/\/www.billigtrikotde.com\/sk\/wp-json\/wp\/v2\/product"}],"about":[{"href":"https:\/\/www.billigtrikotde.com\/sk\/wp-json\/wp\/v2\/types\/product"}],"replies":[{"embeddable":true,"href":"https:\/\/www.billigtrikotde.com\/sk\/wp-json\/wp\/v2\/comments?post=2149"}],"wp:featuredmedia":[{"embeddable":true,"href":"https:\/\/www.billigtrikotde.com\/sk\/wp-json\/wp\/v2\/media\/2187"}],"wp:attachment":[{"href":"https:\/\/www.billigtrikotde.com\/sk\/wp-json\/wp\/v2\/media?parent=2149"}],"wp:term":[{"taxonomy":"product_brand","embeddable":true,"href":"https:\/\/www.billigtrikotde.com\/sk\/wp-json\/wp\/v2\/product_brand?post=2149"},{"taxonomy":"product_cat","embeddable":true,"href":"https:\/\/www.billigtrikotde.com\/sk\/wp-json\/wp\/v2\/product_cat?post=2149"},{"taxonomy":"product_tag","embeddable":true,"href":"https:\/\/www.billigtrikotde.com\/sk\/wp-json\/wp\/v2\/product_tag?post=2149"}],"curies":[{"name":"wp","href":"https:\/\/api.w.org\/{rel}","templated":true}]}}