{"id":21465,"date":"2025-04-16T05:23:42","date_gmt":"2025-04-16T03:23:42","guid":{"rendered":"https:\/\/www.billigtrikotde.com\/?post_type=product&#038;p=21465"},"modified":"2025-04-16T09:49:38","modified_gmt":"2025-04-16T07:49:38","slug":"billige-fussballtrikots-real-madrid-heim-trikotsatz-2025-26-jude-bellingham","status":"publish","type":"product","link":"https:\/\/www.billigtrikotde.com\/sk\/billige-fussballtrikots-real-madrid-heim-trikotsatz-2025-26-jude-bellingham\/","title":{"rendered":"Lacn\u00e9 futbalov\u00e9 tri\u010dk\u00e1 Real Madrid Home Kit 2025-26 Jude Bellingham 5"},"content":{"rendered":"<h3>Popis lacn\u00e9ho futbalov\u00e9ho dresu Real Madrid dom\u00e1ci dres set 2025-26 Jude Bellingham:<\/h3>\n<ul>\n<li>N\u00e1\u0161 bal\u00edk obsahuje presne to, \u010do bolo na obr\u00e1zkoch produktu vidie\u0165 v \u010dase va\u0161ej objedn\u00e1vky.<\/li>\n<li>Ide o dom\u00e1ci dres Real Madrid pre deti na sez\u00f3nu 2025\/26 v ikonickom bielom klube dizajne.<\/li>\n<li>Dres m\u00e1 \u010dierne pruhy na ramen\u00e1ch a \u017elt\u00e9 lemovanie, ktor\u00e9 dod\u00e1va klasick\u00e9mu vzh\u013eadu modern\u00fd n\u00e1dych.<\/li>\n<li>Technol\u00f3gia AEROREADY zabezpe\u010duje odvod vlhkosti a priedu\u0161nos\u0165 pre mlad\u00fdch fan\u00fa\u0161ikov.<\/li>\n<li>Ide\u00e1lne pre mlad\u00fdch fan\u00fa\u0161ikov, ktor\u00ed chc\u00fa podpori\u0165 svoj t\u00edm ekologicky a \u0161t\u00fdlovo a pritom zosta\u0165 chladn\u00ed a pohodln\u00ed po\u010das hry.<\/li>\n<\/ul>\n<p>Tipy na tla\u010d: Ak s\u00fa meno a \u010d\u00edslo na obr\u00e1zku presne tak\u00e9, ak\u00e9 chcete, nemus\u00edte ich zad\u00e1va\u0165 znova. Ak nie, mali by ste zada\u0165 po\u017eadovan\u00e9 meno a \u010d\u00edslo.<\/p>\n<p>Tipy na pranie: Odpor\u00fa\u010dame pra\u0165 futbalov\u00e9 tri\u010dk\u00e1 v ruke. Ak chcete pou\u017ei\u0165 pr\u00e1\u010dku, nezabudnite futbalov\u00e9 tri\u010dk\u00e1 oto\u010di\u0165 naruby a potom ich vypra\u0165. Napl\u0148te pr\u00e1\u010dku studenou vodou a pou\u017eite jemn\u00fd cyklus, aby ste lep\u0161ie ochr\u00e1nili farby.<\/p>","protected":false},"excerpt":{"rendered":"<p>Popis mu\u017esk\u00e9ho dom\u00e1ceho dresu Real Madrid 2025\/26 Kylian Mbapp\u00e9: N\u00e1\u0161 bal\u00edk obsahuje presne to, \u010do bolo na produktov\u00fdch obr\u00e1zkoch zobrazen\u00e9 v \u010dase objedn\u00e1vky. Toto je dom\u00e1ci dres Real Madrid pre deti sez\u00f3ny 2025\/26 v ikonickom bielom klube dizajne. Dres m\u00e1 \u010dierne pruhy na ramen\u00e1ch a \u017elt\u00e9 lemovanie, ktor\u00e9 vyzdvihuje [\u2026]<\/p>","protected":false},"featured_media":21467,"comment_status":"open","ping_status":"closed","template":"","meta":[],"product_brand":[],"product_cat":[45],"product_tag":[574,21,228,24,1255,489,490],"class_list":{"0":"post-21465","1":"product","2":"type-product","3":"status-publish","4":"has-post-thumbnail","6":"product_cat-real-madrid","7":"product_tag-fussballtrikot-deutschland","8":"product_tag-fussballtrikot-fuer-herren","9":"product_tag-guenstige-fussballtrikot","10":"product_tag-guenstiges-fussballtrikot","11":"product_tag-jude-bellingham-trikots","12":"product_tag-real-madrid-fussballtrikot","13":"product_tag-real-madrid-trikot","15":"first","16":"instock","17":"shipping-taxable","18":"purchasable","19":"product-type-variable"},"_links":{"self":[{"href":"https:\/\/www.billigtrikotde.com\/sk\/wp-json\/wp\/v2\/product\/21465","targetHints":{"allow":["GET"]}}],"collection":[{"href":"https:\/\/www.billigtrikotde.com\/sk\/wp-json\/wp\/v2\/product"}],"about":[{"href":"https:\/\/www.billigtrikotde.com\/sk\/wp-json\/wp\/v2\/types\/product"}],"replies":[{"embeddable":true,"href":"https:\/\/www.billigtrikotde.com\/sk\/wp-json\/wp\/v2\/comments?post=21465"}],"wp:featuredmedia":[{"embeddable":true,"href":"https:\/\/www.billigtrikotde.com\/sk\/wp-json\/wp\/v2\/media\/21467"}],"wp:attachment":[{"href":"https:\/\/www.billigtrikotde.com\/sk\/wp-json\/wp\/v2\/media?parent=21465"}],"wp:term":[{"taxonomy":"product_brand","embeddable":true,"href":"https:\/\/www.billigtrikotde.com\/sk\/wp-json\/wp\/v2\/product_brand?post=21465"},{"taxonomy":"product_cat","embeddable":true,"href":"https:\/\/www.billigtrikotde.com\/sk\/wp-json\/wp\/v2\/product_cat?post=21465"},{"taxonomy":"product_tag","embeddable":true,"href":"https:\/\/www.billigtrikotde.com\/sk\/wp-json\/wp\/v2\/product_tag?post=21465"}],"curies":[{"name":"wp","href":"https:\/\/api.w.org\/{rel}","templated":true}]}}