{"id":21440,"date":"2025-04-10T10:03:07","date_gmt":"2025-04-10T08:03:07","guid":{"rendered":"https:\/\/www.billigtrikotde.com\/?post_type=product&#038;p=21440"},"modified":"2025-04-10T10:40:32","modified_gmt":"2025-04-10T08:40:32","slug":"kinder-real-madrid-heim-trikotsatz-2025-26-cristiano-ronaldo-7","status":"publish","type":"product","link":"https:\/\/www.billigtrikotde.com\/sk\/kinder-real-madrid-heim-trikotsatz-2025-26-cristiano-ronaldo-7\/","title":{"rendered":"Detsk\u00e1 s\u00faprava Real Madrid Home Kit 2025-26 Cristiano Ronaldo 7"},"content":{"rendered":"<h3>Opis detsk\u00e9ho dom\u00e1ceho dresu Real Madrid 2025-26 Cristiano Ronaldo 7:<\/h3>\n<ul>\n<li>N\u00e1\u0161 bal\u00edk obsahuje presne to, \u010do bolo na obr\u00e1zkoch produktu vidie\u0165 v \u010dase va\u0161ej objedn\u00e1vky.<\/li>\n<li>Ide o dom\u00e1ci dres Real Madrid pre deti na sez\u00f3nu 2025\/26 v ikonickom bielom klube dizajne.<\/li>\n<li>Dres m\u00e1 \u010dierne pruhy na ramen\u00e1ch a \u017elt\u00e9 lemovanie, ktor\u00e9 dod\u00e1va klasick\u00e9mu vzh\u013eadu modern\u00fd n\u00e1dych.<\/li>\n<li>Technol\u00f3gia AEROREADY zabezpe\u010duje odvod vlhkosti a priedu\u0161nos\u0165 pre mlad\u00fdch fan\u00fa\u0161ikov.<\/li>\n<li>Ide\u00e1lne pre mlad\u00fdch fan\u00fa\u0161ikov, ktor\u00ed chc\u00fa podpori\u0165 svoj t\u00edm ekologicky a \u0161t\u00fdlovo a pritom zosta\u0165 chladn\u00ed a pohodln\u00ed po\u010das hry.<\/li>\n<\/ul>\n<p>Tipy na tla\u010d: Ak s\u00fa meno a \u010d\u00edslo na obr\u00e1zku presne tak\u00e9, ak\u00e9 chcete, nemus\u00edte ich zad\u00e1va\u0165 znova. Ak nie, mali by ste zada\u0165 po\u017eadovan\u00e9 meno a \u010d\u00edslo.<\/p>\n<p>Tipy na pranie: Odpor\u00fa\u010dame pra\u0165 futbalov\u00e9 tri\u010dk\u00e1 v ruke. Ak chcete pou\u017ei\u0165 pr\u00e1\u010dku, nezabudnite futbalov\u00e9 tri\u010dk\u00e1 oto\u010di\u0165 naruby a potom ich vypra\u0165. Napl\u0148te pr\u00e1\u010dku studenou vodou a pou\u017eite jemn\u00fd cyklus, aby ste lep\u0161ie ochr\u00e1nili farby.<\/p>","protected":false},"excerpt":{"rendered":"<p>Popis mu\u017esk\u00e9ho dom\u00e1ceho dresu Real Madrid 2025\/26 Kylian Mbapp\u00e9: N\u00e1\u0161 bal\u00edk obsahuje presne to, \u010do bolo na produktov\u00fdch obr\u00e1zkoch zobrazen\u00e9 v \u010dase objedn\u00e1vky. Toto je dom\u00e1ci dres Real Madrid pre deti sez\u00f3ny 2025\/26 v ikonickom bielom klube dizajne. Dres m\u00e1 \u010dierne pruhy na ramen\u00e1ch a \u017elt\u00e9 lemovanie, ktor\u00e9 vyzdvihuje [\u2026]<\/p>","protected":false},"featured_media":21442,"comment_status":"open","ping_status":"closed","template":"","meta":[],"product_brand":[],"product_cat":[165],"product_tag":[20,1307,574,1453,24,879,880,1455,47,166],"class_list":{"0":"post-21440","1":"product","2":"type-product","3":"status-publish","4":"has-post-thumbnail","6":"product_cat-real-madrid-kindertrikot","7":"product_tag-coole-fussballtrikots","8":"product_tag-cristiano-ronaldo-trikots","9":"product_tag-fussballtrikot-deutschland","10":"product_tag-fussballtrikots-real-madrid","11":"product_tag-guenstiges-fussballtrikot","12":"product_tag-real-madrid-fussballtrikots-kinder","13":"product_tag-real-madrid-trikot-fuer-kinder","14":"product_tag-real-madrid-trikot-kaufen","15":"product_tag-real-madrid-trikots","16":"product_tag-real-madrid-trikotsatz-fuer-kinder","18":"first","19":"instock","20":"shipping-taxable","21":"purchasable","22":"product-type-variable"},"_links":{"self":[{"href":"https:\/\/www.billigtrikotde.com\/sk\/wp-json\/wp\/v2\/product\/21440","targetHints":{"allow":["GET"]}}],"collection":[{"href":"https:\/\/www.billigtrikotde.com\/sk\/wp-json\/wp\/v2\/product"}],"about":[{"href":"https:\/\/www.billigtrikotde.com\/sk\/wp-json\/wp\/v2\/types\/product"}],"replies":[{"embeddable":true,"href":"https:\/\/www.billigtrikotde.com\/sk\/wp-json\/wp\/v2\/comments?post=21440"}],"wp:featuredmedia":[{"embeddable":true,"href":"https:\/\/www.billigtrikotde.com\/sk\/wp-json\/wp\/v2\/media\/21442"}],"wp:attachment":[{"href":"https:\/\/www.billigtrikotde.com\/sk\/wp-json\/wp\/v2\/media?parent=21440"}],"wp:term":[{"taxonomy":"product_brand","embeddable":true,"href":"https:\/\/www.billigtrikotde.com\/sk\/wp-json\/wp\/v2\/product_brand?post=21440"},{"taxonomy":"product_cat","embeddable":true,"href":"https:\/\/www.billigtrikotde.com\/sk\/wp-json\/wp\/v2\/product_cat?post=21440"},{"taxonomy":"product_tag","embeddable":true,"href":"https:\/\/www.billigtrikotde.com\/sk\/wp-json\/wp\/v2\/product_tag?post=21440"}],"curies":[{"name":"wp","href":"https:\/\/api.w.org\/{rel}","templated":true}]}}