{"id":21357,"date":"2025-03-22T15:41:40","date_gmt":"2025-03-22T14:41:40","guid":{"rendered":"https:\/\/www.billigtrikotde.com\/?post_type=product&#038;p=21357"},"modified":"2025-04-16T09:50:56","modified_gmt":"2025-04-16T07:50:56","slug":"kaufen-kinder-real-madrid-heim-trikotsatz-2024-25-weiss-fussballtrikots","status":"publish","type":"product","link":"https:\/\/www.billigtrikotde.com\/sk\/kaufen-kinder-real-madrid-heim-trikotsatz-2024-25-weiss-fussballtrikots\/","title":{"rendered":"K\u00fapi\u0165 Detsk\u00e9 futbalov\u00e9 tri\u010dk\u00e1 Real Madrid Home Kit 2024-25 White"},"content":{"rendered":"<p>Dres Real Madrid Club de F\u00fatbol 2024-25 m\u00e1 tradi\u010dn\u00fa bielu farbu t\u00edmu v kombin\u00e1cii s \u010diernymi tromi pruhmi. Dres Real Madrid 2024-2025 v\u010faka klasickej farebnej kombin\u00e1cii a jednoduch\u00e9mu dizajnu evokuje spomienky na dresy zo za\u010diatku roka 2000 a cel\u00fd dres je vybaven\u00fd honosn\u00fdm vzorom, ktor\u00fd navodzuje m\u00f3dnu atmosf\u00e9ru. Dres je vybaven\u00fd sofistikovan\u00fdmi \u010diernymi detailmi a plnofarebn\u00fd odznak okam\u017eite up\u00fata pozornos\u0165 pri vstupe na ihrisko.<\/p>\n<p>Tipy na tla\u010d: Ak s\u00fa meno a \u010d\u00edslo na obr\u00e1zku presne tak\u00e9, ak\u00e9 chcete, nemus\u00edte ich zad\u00e1va\u0165 znova. Ak nie, mali by ste zada\u0165 po\u017eadovan\u00e9 meno a \u010d\u00edslo.<\/p>\n<p>Tipy na pranie: Odpor\u00fa\u010dame pra\u0165 futbalov\u00e9 tri\u010dk\u00e1 v ruke. Ak chcete pou\u017ei\u0165 pr\u00e1\u010dku, nezabudnite futbalov\u00e9 tri\u010dk\u00e1 oto\u010di\u0165 naruby a potom ich vypra\u0165. Napl\u0148te pr\u00e1\u010dku studenou vodou a pou\u017eite jemn\u00fd cyklus, aby ste lep\u0161ie ochr\u00e1nili farby.<\/p>","protected":false},"excerpt":{"rendered":"<p>Das Real Madrid Club de F\u00fatbol 2024-25 Trikot hat die traditionelle wei\u00dfe Farbe der Mannschaft kombiniert mit Schwarz f\u00fcr die Drei Streifen. Das Real Madrid 2024-2025 Trikot weckt dank der klassischen Farbkombination und des schlichten Designs Erinnerungen an die Trikots der fr\u00fchen 2000er Jahre.Das gesamte Trikot weist ein Hahnentrittmuster auf, das eine modische Atmosph\u00e4re vermittelt. [&hellip;]<\/p>","protected":false},"featured_media":21359,"comment_status":"open","ping_status":"closed","template":"","meta":[],"product_brand":[],"product_cat":[165],"product_tag":[20,574,1453,24,94,879,1454,880,1455,47,166],"class_list":{"0":"post-21357","1":"product","2":"type-product","3":"status-publish","4":"has-post-thumbnail","6":"product_cat-real-madrid-kindertrikot","7":"product_tag-coole-fussballtrikots","8":"product_tag-fussballtrikot-deutschland","9":"product_tag-fussballtrikots-real-madrid","10":"product_tag-guenstiges-fussballtrikot","11":"product_tag-kinder-fussball-trikotsatz","12":"product_tag-real-madrid-fussballtrikots-kinder","13":"product_tag-real-madrid-trikot-2024-25","14":"product_tag-real-madrid-trikot-fuer-kinder","15":"product_tag-real-madrid-trikot-kaufen","16":"product_tag-real-madrid-trikots","17":"product_tag-real-madrid-trikotsatz-fuer-kinder","19":"first","20":"instock","21":"shipping-taxable","22":"purchasable","23":"product-type-variable"},"_links":{"self":[{"href":"https:\/\/www.billigtrikotde.com\/sk\/wp-json\/wp\/v2\/product\/21357","targetHints":{"allow":["GET"]}}],"collection":[{"href":"https:\/\/www.billigtrikotde.com\/sk\/wp-json\/wp\/v2\/product"}],"about":[{"href":"https:\/\/www.billigtrikotde.com\/sk\/wp-json\/wp\/v2\/types\/product"}],"replies":[{"embeddable":true,"href":"https:\/\/www.billigtrikotde.com\/sk\/wp-json\/wp\/v2\/comments?post=21357"}],"wp:featuredmedia":[{"embeddable":true,"href":"https:\/\/www.billigtrikotde.com\/sk\/wp-json\/wp\/v2\/media\/21359"}],"wp:attachment":[{"href":"https:\/\/www.billigtrikotde.com\/sk\/wp-json\/wp\/v2\/media?parent=21357"}],"wp:term":[{"taxonomy":"product_brand","embeddable":true,"href":"https:\/\/www.billigtrikotde.com\/sk\/wp-json\/wp\/v2\/product_brand?post=21357"},{"taxonomy":"product_cat","embeddable":true,"href":"https:\/\/www.billigtrikotde.com\/sk\/wp-json\/wp\/v2\/product_cat?post=21357"},{"taxonomy":"product_tag","embeddable":true,"href":"https:\/\/www.billigtrikotde.com\/sk\/wp-json\/wp\/v2\/product_tag?post=21357"}],"curies":[{"name":"wp","href":"https:\/\/api.w.org\/{rel}","templated":true}]}}