{"id":21288,"date":"2025-03-17T15:03:50","date_gmt":"2025-03-17T14:03:50","guid":{"rendered":"https:\/\/www.billigtrikotde.com\/?post_type=product&#038;p=21288"},"modified":"2025-03-17T15:17:54","modified_gmt":"2025-03-17T14:17:54","slug":"kinder-arsenal-auswaertstrikot-2024-25-mit-aufdruck-mikel-merino-23","status":"publish","type":"product","link":"https:\/\/www.billigtrikotde.com\/sk\/kinder-arsenal-auswaertstrikot-2024-25-mit-aufdruck-mikel-merino-23\/","title":{"rendered":"Detsk\u00fd dres Arsenal 2024-25 s potla\u010dou Mikel Merino 23"},"content":{"rendered":"<p>Toto je najnov\u0161\u00ed dres Arsenal 2024-25. Jedine\u010dnos\u0165 tohto dresu Arsenalu spo\u010d\u00edva v jeho \u017eiarivej \u010diernej, \u010dervenej a zelenej farbe, ktor\u00e1 odr\u00e1\u017ea \u0161t\u00fdl panafrickej vlajky. Okrem toho by si mal ka\u017ed\u00fd pozrie\u0165 vzor tohto futbalov\u00e9ho dresu Arsenalu, preto\u017ee je celkom p\u00fatav\u00fd. \u0160ortky maj\u00fa po stran\u00e1ch biely cik-cak vzor, ktor\u00fd sa \u010dasto pou\u017e\u00edva v africk\u00fdch vzoroch na zn\u00e1zornenie mu\u0161l\u00ed.<\/p>\n<p>Tipy na tla\u010d: Ak s\u00fa meno a \u010d\u00edslo na obr\u00e1zku presne tak\u00e9, ak\u00e9 chcete, nemus\u00edte ich zad\u00e1va\u0165 znova. Ak nie, mali by ste zada\u0165 po\u017eadovan\u00e9 meno a \u010d\u00edslo.<\/p>\n<p>Tipy na pranie: Odpor\u00fa\u010dame pra\u0165 futbalov\u00e9 tri\u010dk\u00e1 v ruke. Ak chcete pou\u017ei\u0165 pr\u00e1\u010dku, nezabudnite futbalov\u00e9 tri\u010dk\u00e1 oto\u010di\u0165 naruby a potom ich vypra\u0165. Napl\u0148te pr\u00e1\u010dku studenou vodou a pou\u017eite jemn\u00fd cyklus, aby ste lep\u0161ie ochr\u00e1nili farby.<\/p>","protected":false},"excerpt":{"rendered":"<p>Dies ist das neueste Ausw\u00e4rtstrikot von Arsenal 2024\u201325. Was dieses Arsenal-Trikot einzigartig macht, ist seine leuchtende Farbgebung in Schwarz, Rot und Gr\u00fcn, die den Stil der panafrikanischen Flagge widerspiegelt. Dar\u00fcber hinaus sollte jeder einen Blick auf das Muster dieses Arsenal-Fu\u00dfballtrikots werfen, da es ziemlich auff\u00e4llig ist. Die Shorts haben an den Seiten ein wei\u00dfes Zickzackmuster, [&hellip;]<\/p>","protected":false},"featured_media":21290,"comment_status":"open","ping_status":"closed","template":"","meta":[],"product_brand":[],"product_cat":[167],"product_tag":[851,1445,852,1263,20],"class_list":{"0":"post-21288","1":"product","2":"type-product","3":"status-publish","4":"has-post-thumbnail","6":"product_cat-arsenal-kindertrikot","7":"product_tag-arsenal-fussballtrikots-kinder","8":"product_tag-arsenal-fussballtrikots-kinder-mit-eigenem-namen","9":"product_tag-arsenal-trikot-fuer-kinder","10":"product_tag-arsenal-trikotsatz-fuer-kinder","11":"product_tag-coole-fussballtrikots","13":"first","14":"instock","15":"shipping-taxable","16":"purchasable","17":"product-type-variable"},"_links":{"self":[{"href":"https:\/\/www.billigtrikotde.com\/sk\/wp-json\/wp\/v2\/product\/21288","targetHints":{"allow":["GET"]}}],"collection":[{"href":"https:\/\/www.billigtrikotde.com\/sk\/wp-json\/wp\/v2\/product"}],"about":[{"href":"https:\/\/www.billigtrikotde.com\/sk\/wp-json\/wp\/v2\/types\/product"}],"replies":[{"embeddable":true,"href":"https:\/\/www.billigtrikotde.com\/sk\/wp-json\/wp\/v2\/comments?post=21288"}],"wp:featuredmedia":[{"embeddable":true,"href":"https:\/\/www.billigtrikotde.com\/sk\/wp-json\/wp\/v2\/media\/21290"}],"wp:attachment":[{"href":"https:\/\/www.billigtrikotde.com\/sk\/wp-json\/wp\/v2\/media?parent=21288"}],"wp:term":[{"taxonomy":"product_brand","embeddable":true,"href":"https:\/\/www.billigtrikotde.com\/sk\/wp-json\/wp\/v2\/product_brand?post=21288"},{"taxonomy":"product_cat","embeddable":true,"href":"https:\/\/www.billigtrikotde.com\/sk\/wp-json\/wp\/v2\/product_cat?post=21288"},{"taxonomy":"product_tag","embeddable":true,"href":"https:\/\/www.billigtrikotde.com\/sk\/wp-json\/wp\/v2\/product_tag?post=21288"}],"curies":[{"name":"wp","href":"https:\/\/api.w.org\/{rel}","templated":true}]}}