{"id":21257,"date":"2025-06-04T15:52:47","date_gmt":"2025-06-04T13:52:47","guid":{"rendered":"https:\/\/www.billigtrikotde.com\/?post_type=product&#038;p=21257"},"modified":"2025-06-11T13:56:50","modified_gmt":"2025-06-11T11:56:50","slug":"arsenal-fussballtrikots-set-takehiro-tomiyasu-18-heimtrikot-kinder-2024-25","status":"publish","type":"product","link":"https:\/\/www.billigtrikotde.com\/sk\/arsenal-fussballtrikots-set-takehiro-tomiyasu-18-heimtrikot-kinder-2024-25\/","title":{"rendered":"Arsenal Takehiro Tomiyasu #18 Dom\u00e1ce dresy pre deti 2024-25 Kr\u00e1tke ruk\u00e1vy (+ kr\u00e1tke nohavice)"},"content":{"rendered":"<h3>Arsenal futbalov\u00e9 dresy set Takehiro Tomiyasu #18 dom\u00e1ce dresy pre deti 2024-25<\/h3>\n<p>Dom\u00e1ce tri\u010dko Arsenal 2024-2025 kombinuje klasick\u00fa \u010derven\u00fa hlavn\u00fa farbu klubu s bielymi logami a tmavomodr\u00fdmi dizajnov\u00fdmi prvkami. Z h\u013eadiska dizajnu je dom\u00e1ce tri\u010dko Arsenal 2024-25 pomerne jednoduch\u00e9. Vych\u00e1dza z nov\u00e9ho vzoru 2024-25 a obsahuje jedine\u010dn\u00e9 bo\u010dn\u00e9 ozna\u010denia, v tomto pr\u00edpade v modrej farbe.<\/p>\n<p>Tipy na tla\u010d: Ak s\u00fa meno a \u010d\u00edslo na obr\u00e1zku presne tak\u00e9, ak\u00e9 chcete, nemus\u00edte ich zad\u00e1va\u0165 znova. Ak nie, mali by ste zada\u0165 po\u017eadovan\u00e9 meno a \u010d\u00edslo.<\/p>\n<p>Tipy na pranie: Odpor\u00fa\u010dame pra\u0165 futbalov\u00e9 tri\u010dk\u00e1 v ruke. Ak chcete pou\u017ei\u0165 pr\u00e1\u010dku, nezabudnite futbalov\u00e9 tri\u010dk\u00e1 oto\u010di\u0165 naruby a potom ich vypra\u0165. Napl\u0148te pr\u00e1\u010dku studenou vodou a pou\u017eite jemn\u00fd cyklus, aby ste lep\u0161ie ochr\u00e1nili farby.<\/p>","protected":false},"excerpt":{"rendered":"<p>Arsenal futbalov\u00e9 dresy set Takehiro Tomiyasu #18 Heimtrikot Diev\u010dat\u00e1 2024-25 Arsenal Heimtrikot 2024-2025 kombinuje tradi\u010dn\u00fa \u010derven\u00fa hlavn\u00fa farbu klubu s bielymi logami a tmavomodr\u00fdmi dizajnov\u00fdmi prvkami. \u010co sa t\u00fdka dizajnu, Arsenal 2024-25 Heimtrikot je celkom jednoduch\u00fd. Vych\u00e1dza z novej \u0161abl\u00f3ny 2024\u201325 a m\u00e1 jedine\u010dn\u00e9 bo\u010dn\u00e9 zna\u010dky, v tomto pr\u00edpade v modrej farbe. [\u2026]<\/p>","protected":false},"featured_media":21259,"comment_status":"open","ping_status":"closed","template":"","meta":[],"product_brand":[],"product_cat":[167],"product_tag":[1438,1437,1523],"class_list":{"0":"post-21257","1":"product","2":"type-product","3":"status-publish","4":"has-post-thumbnail","6":"product_cat-arsenal-kindertrikot","7":"product_tag-guenstige-takehiro-tomiyasu-trikot-kinder","8":"product_tag-takehiro-tomiyasu-trikot-kinder-kaufen","9":"product_tag-takehiro-tomiyasu-trikots","11":"first","12":"instock","13":"shipping-taxable","14":"purchasable","15":"product-type-variable"},"_links":{"self":[{"href":"https:\/\/www.billigtrikotde.com\/sk\/wp-json\/wp\/v2\/product\/21257","targetHints":{"allow":["GET"]}}],"collection":[{"href":"https:\/\/www.billigtrikotde.com\/sk\/wp-json\/wp\/v2\/product"}],"about":[{"href":"https:\/\/www.billigtrikotde.com\/sk\/wp-json\/wp\/v2\/types\/product"}],"replies":[{"embeddable":true,"href":"https:\/\/www.billigtrikotde.com\/sk\/wp-json\/wp\/v2\/comments?post=21257"}],"wp:featuredmedia":[{"embeddable":true,"href":"https:\/\/www.billigtrikotde.com\/sk\/wp-json\/wp\/v2\/media\/21259"}],"wp:attachment":[{"href":"https:\/\/www.billigtrikotde.com\/sk\/wp-json\/wp\/v2\/media?parent=21257"}],"wp:term":[{"taxonomy":"product_brand","embeddable":true,"href":"https:\/\/www.billigtrikotde.com\/sk\/wp-json\/wp\/v2\/product_brand?post=21257"},{"taxonomy":"product_cat","embeddable":true,"href":"https:\/\/www.billigtrikotde.com\/sk\/wp-json\/wp\/v2\/product_cat?post=21257"},{"taxonomy":"product_tag","embeddable":true,"href":"https:\/\/www.billigtrikotde.com\/sk\/wp-json\/wp\/v2\/product_tag?post=21257"}],"curies":[{"name":"wp","href":"https:\/\/api.w.org\/{rel}","templated":true}]}}