{"id":21240,"date":"2025-03-16T11:37:56","date_gmt":"2025-03-16T10:37:56","guid":{"rendered":"https:\/\/www.billigtrikotde.com\/?post_type=product&#038;p=21240"},"modified":"2025-03-16T11:37:57","modified_gmt":"2025-03-16T10:37:57","slug":"guenstige-fussballtrikots-kinder-arsenal-3rd-trikot-2024-25-leandro-trossard-19","status":"publish","type":"product","link":"https:\/\/www.billigtrikotde.com\/sk\/guenstige-fussballtrikots-kinder-arsenal-3rd-trikot-2024-25-leandro-trossard-19\/","title":{"rendered":"Lacn\u00e9 futbalov\u00e9 tri\u010dk\u00e1 Detsk\u00fd Arsenal 3. dres 2024-25 Leandro Trossard 19"},"content":{"rendered":"<p>Dres Arsenal 2024-25 je v\u00fdraznou kombin\u00e1ciou svetlomodrej, polno\u010dnej modrej a \u017eiarivo fialovej farby Veronica. Niektor\u00e9 grafick\u00e9 prvky s\u00fa vo fialovej farbe, ktor\u00e1 o\u017eivuje vzh\u013ead dresu Arsenal.<\/p>\n<p>Tipy na tla\u010d: Ak s\u00fa meno a \u010d\u00edslo na obr\u00e1zku presne tak\u00e9, ak\u00e9 chcete, nemus\u00edte ich zad\u00e1va\u0165 znova. Ak nie, mali by ste zada\u0165 po\u017eadovan\u00e9 meno a \u010d\u00edslo.<\/p>\n<p>Tipy na pranie: Odpor\u00fa\u010dame pra\u0165 futbalov\u00e9 tri\u010dk\u00e1 v ruke. Ak chcete pou\u017ei\u0165 pr\u00e1\u010dku, nezabudnite futbalov\u00e9 tri\u010dk\u00e1 oto\u010di\u0165 naruby a potom ich vypra\u0165. Napl\u0148te pr\u00e1\u010dku studenou vodou a pou\u017eite jemn\u00fd cyklus, aby ste lep\u0161ie ochr\u00e1nili farby.<\/p>","protected":false},"excerpt":{"rendered":"<p>Dres Arsenal 2024\u201325 sa sklad\u00e1 z v\u00fdraznej kombin\u00e1cie svetlomodrej, no\u010dene modrej a jasn\u00e9ho veronika-fialov\u00e9ho odtie\u0148a. Niektor\u00e9 grafiky s\u00fa fialov\u00e9, \u010do rozjas\u0148uje vzh\u013ead dresu Arsenal. Tipy k tla\u010deniu: Ak sa meno a \u010d\u00edslo na obr\u00e1zku presne zhoduj\u00fa s va\u0161imi po\u017eiadavkami, nemus\u00edte ich zad\u00e1va\u0165 znovu. Ak nie, mali by ste ich upravi\u0165 pod\u013ea potreby [\u2026]<\/p>","protected":false},"featured_media":21242,"comment_status":"open","ping_status":"closed","template":"","meta":[],"product_brand":[],"product_cat":[167],"product_tag":[851,1445,852,1263,20,1436,94,1435],"class_list":{"0":"post-21240","1":"product","2":"type-product","3":"status-publish","4":"has-post-thumbnail","6":"product_cat-arsenal-kindertrikot","7":"product_tag-arsenal-fussballtrikots-kinder","8":"product_tag-arsenal-fussballtrikots-kinder-mit-eigenem-namen","9":"product_tag-arsenal-trikot-fuer-kinder","10":"product_tag-arsenal-trikotsatz-fuer-kinder","11":"product_tag-coole-fussballtrikots","12":"product_tag-guenstige-leandro-trossard-trikot-kinder","13":"product_tag-kinder-fussball-trikotsatz","14":"product_tag-leandro-trossard-trikot-kinder-kaufen","16":"first","17":"instock","18":"shipping-taxable","19":"purchasable","20":"product-type-variable"},"_links":{"self":[{"href":"https:\/\/www.billigtrikotde.com\/sk\/wp-json\/wp\/v2\/product\/21240","targetHints":{"allow":["GET"]}}],"collection":[{"href":"https:\/\/www.billigtrikotde.com\/sk\/wp-json\/wp\/v2\/product"}],"about":[{"href":"https:\/\/www.billigtrikotde.com\/sk\/wp-json\/wp\/v2\/types\/product"}],"replies":[{"embeddable":true,"href":"https:\/\/www.billigtrikotde.com\/sk\/wp-json\/wp\/v2\/comments?post=21240"}],"wp:featuredmedia":[{"embeddable":true,"href":"https:\/\/www.billigtrikotde.com\/sk\/wp-json\/wp\/v2\/media\/21242"}],"wp:attachment":[{"href":"https:\/\/www.billigtrikotde.com\/sk\/wp-json\/wp\/v2\/media?parent=21240"}],"wp:term":[{"taxonomy":"product_brand","embeddable":true,"href":"https:\/\/www.billigtrikotde.com\/sk\/wp-json\/wp\/v2\/product_brand?post=21240"},{"taxonomy":"product_cat","embeddable":true,"href":"https:\/\/www.billigtrikotde.com\/sk\/wp-json\/wp\/v2\/product_cat?post=21240"},{"taxonomy":"product_tag","embeddable":true,"href":"https:\/\/www.billigtrikotde.com\/sk\/wp-json\/wp\/v2\/product_tag?post=21240"}],"curies":[{"name":"wp","href":"https:\/\/api.w.org\/{rel}","templated":true}]}}