{"id":21030,"date":"2025-03-10T14:21:32","date_gmt":"2025-03-10T13:21:32","guid":{"rendered":"https:\/\/www.billigtrikotde.com\/?post_type=product&#038;p=21030"},"modified":"2025-03-10T14:21:34","modified_gmt":"2025-03-10T13:21:34","slug":"kinder-ac-milan-heimtrikot-2024-25-trikotsatz-kit-mit-namen-fikayo-tomori-23","status":"publish","type":"product","link":"https:\/\/www.billigtrikotde.com\/sk\/kinder-ac-milan-heimtrikot-2024-25-trikotsatz-kit-mit-namen-fikayo-tomori-23\/","title":{"rendered":"Detsk\u00fd dom\u00e1ci dres AC Milan 2024-25 Kit s menom Fikayo Tomori 23"},"content":{"rendered":"<p>Po experiment\u00e1lnom dizajne dresov z minulej sez\u00f3ny sa nov\u00fd dom\u00e1ci dres AC Mil\u00e1no 24-25 vracia ku klasick\u00e9mu dizajnu. Na drese s\u00fa \u010derven\u00e9 a \u010dierne pruhy a biele logo klubu. V r\u00e1mci \u010derven\u00e9ho pruhu je ve\u013emi jemn\u00fd dizajn, ktor\u00fd by mohol s\u00favisie\u0165 so 125. v\u00fdro\u010d\u00edm zalo\u017eenia klubu. Mil\u00e1no bolo zalo\u017een\u00e9 v roku 1899, teda pred 125 rokmi.<\/p>\n<p>Tipy na tla\u010d: Ak s\u00fa meno a \u010d\u00edslo na obr\u00e1zku presne tak\u00e9, ak\u00e9 chcete, nemus\u00edte ich zad\u00e1va\u0165 znova. Ak nie, mali by ste zada\u0165 po\u017eadovan\u00e9 meno a \u010d\u00edslo.<\/p>\n<p>Tipy na pranie: Odpor\u00fa\u010dame pra\u0165 futbalov\u00e9 tri\u010dk\u00e1 v ruke. Ak chcete pou\u017ei\u0165 pr\u00e1\u010dku, nezabudnite futbalov\u00e9 tri\u010dk\u00e1 oto\u010di\u0165 naruby a potom ich vypra\u0165. Napl\u0148te pr\u00e1\u010dku studenou vodou a pou\u017eite jemn\u00fd cyklus, aby ste lep\u0161ie ochr\u00e1nili farby.<\/p>","protected":false},"excerpt":{"rendered":"<p>Nach dem experimentellen Trikotdesign der letzten Saison kehrt das neue AC Mailand 24-25 Heimtrikot zu einem klassischen Design zur\u00fcck. Das Trikot weist die roten und schwarzen Streifen und das wei\u00dfe Logo des Vereins auf. Innerhalb des roten Streifens befindet sich ein sehr dezentes Design, das mit dem 125-j\u00e4hrigen Jubil\u00e4um des Clubs in Verbindung stehen k\u00f6nnte. [&hellip;]<\/p>","protected":false},"featured_media":21032,"comment_status":"open","ping_status":"closed","template":"","meta":[],"product_brand":[],"product_cat":[92],"product_tag":[630,631,93,20,1422,574,1415,24,1416,94],"class_list":{"0":"post-21030","1":"product","2":"type-product","3":"status-publish","4":"has-post-thumbnail","6":"product_cat-ac-mailand-kindertrikot","7":"product_tag-ac-milan-fussballtrikots-kinder","8":"product_tag-ac-milan-trikot-fuer-kinder","9":"product_tag-ac-milan-trikotsatz-fuer-kinder","10":"product_tag-coole-fussballtrikots","11":"product_tag-fikayo-tomori-trikot","12":"product_tag-fussballtrikot-deutschland","13":"product_tag-fussballtrikots-set","14":"product_tag-guenstiges-fussballtrikot","15":"product_tag-kinder-ac-milan-trikot","16":"product_tag-kinder-fussball-trikotsatz","18":"first","19":"instock","20":"shipping-taxable","21":"purchasable","22":"product-type-variable"},"_links":{"self":[{"href":"https:\/\/www.billigtrikotde.com\/sk\/wp-json\/wp\/v2\/product\/21030","targetHints":{"allow":["GET"]}}],"collection":[{"href":"https:\/\/www.billigtrikotde.com\/sk\/wp-json\/wp\/v2\/product"}],"about":[{"href":"https:\/\/www.billigtrikotde.com\/sk\/wp-json\/wp\/v2\/types\/product"}],"replies":[{"embeddable":true,"href":"https:\/\/www.billigtrikotde.com\/sk\/wp-json\/wp\/v2\/comments?post=21030"}],"wp:featuredmedia":[{"embeddable":true,"href":"https:\/\/www.billigtrikotde.com\/sk\/wp-json\/wp\/v2\/media\/21032"}],"wp:attachment":[{"href":"https:\/\/www.billigtrikotde.com\/sk\/wp-json\/wp\/v2\/media?parent=21030"}],"wp:term":[{"taxonomy":"product_brand","embeddable":true,"href":"https:\/\/www.billigtrikotde.com\/sk\/wp-json\/wp\/v2\/product_brand?post=21030"},{"taxonomy":"product_cat","embeddable":true,"href":"https:\/\/www.billigtrikotde.com\/sk\/wp-json\/wp\/v2\/product_cat?post=21030"},{"taxonomy":"product_tag","embeddable":true,"href":"https:\/\/www.billigtrikotde.com\/sk\/wp-json\/wp\/v2\/product_tag?post=21030"}],"curies":[{"name":"wp","href":"https:\/\/api.w.org\/{rel}","templated":true}]}}