{"id":20997,"date":"2025-11-04T15:49:59","date_gmt":"2025-11-04T14:49:59","guid":{"rendered":"https:\/\/www.billigtrikotde.com\/?post_type=product&#038;p=20997"},"modified":"2025-11-04T15:50:01","modified_gmt":"2025-11-04T14:50:01","slug":"manchester-city-erling-haaland-9-heimtrikot-kinder-2024-25-kurzarm-kurze-hosen-3","status":"publish","type":"product","link":"https:\/\/www.billigtrikotde.com\/sk\/manchester-city-erling-haaland-9-heimtrikot-kinder-2024-25-kurzarm-kurze-hosen-3\/","title":{"rendered":"Manchester City Erling Haaland #9 Detsk\u00e9 dom\u00e1ce tri\u010dko 2024-25 s kr\u00e1tkym ruk\u00e1vom (+ \u0161ortky)"},"content":{"rendered":"<p>Detsk\u00e9 futbalov\u00e9 tri\u010dk\u00e1 Manchester City tipy na tla\u010d: Ak s\u00fa meno a \u010d\u00edslo na obr\u00e1zku presne tak\u00e9, ak\u00e9 chcete, nemus\u00edte ich zad\u00e1va\u0165 znova. Ak nie, mali by ste zada\u0165 po\u017eadovan\u00e9 meno a \u010d\u00edslo.<\/p>\n<p>Tipy na pranie: Odpor\u00fa\u010dame pra\u0165 futbalov\u00e9 tri\u010dk\u00e1 v ruke. Ak chcete pou\u017ei\u0165 pr\u00e1\u010dku, nezabudnite futbalov\u00e9 tri\u010dk\u00e1 oto\u010di\u0165 naruby a potom ich vypra\u0165. Napl\u0148te pr\u00e1\u010dku studenou vodou a pou\u017eite jemn\u00fd cyklus, aby ste lep\u0161ie ochr\u00e1nili farby.<\/p>","protected":false},"excerpt":{"rendered":"<p>Manchester City-futbalov\u00e9 dresy-deti-Tipy na tla\u010d: Ak sa meno a \u010d\u00edslo na obr\u00e1zku presne zhoduj\u00fa s va\u0161imi po\u017eiadavkami, nemus\u00edte ich znova zad\u00e1va\u0165. Ak nie, zadajte po\u017eadovan\u00e9 meno a \u010d\u00edslo. Tipy na pranie: Odpor\u00fa\u010da sa ru\u010dn\u00e9 pranie futbalov\u00fdch dresov. Ak chcete pou\u017ei\u0165 pr\u00e1\u010dku, nezabudnite na futbalov\u00e9 dresy [\u2026]<\/p>","protected":false},"featured_media":20999,"comment_status":"open","ping_status":"closed","template":"","meta":[],"product_brand":[],"product_cat":[144],"product_tag":[1428,1429],"class_list":{"0":"post-20997","1":"product","2":"type-product","3":"status-publish","4":"has-post-thumbnail","6":"product_cat-manchester-city-kindertrikot","7":"product_tag-erling-haaland-trikot-kinder-kaufen","8":"product_tag-guenstige-erling-haaland-trikot-kinder","10":"first","11":"instock","12":"shipping-taxable","13":"purchasable","14":"product-type-variable"},"_links":{"self":[{"href":"https:\/\/www.billigtrikotde.com\/sk\/wp-json\/wp\/v2\/product\/20997","targetHints":{"allow":["GET"]}}],"collection":[{"href":"https:\/\/www.billigtrikotde.com\/sk\/wp-json\/wp\/v2\/product"}],"about":[{"href":"https:\/\/www.billigtrikotde.com\/sk\/wp-json\/wp\/v2\/types\/product"}],"replies":[{"embeddable":true,"href":"https:\/\/www.billigtrikotde.com\/sk\/wp-json\/wp\/v2\/comments?post=20997"}],"wp:featuredmedia":[{"embeddable":true,"href":"https:\/\/www.billigtrikotde.com\/sk\/wp-json\/wp\/v2\/media\/20999"}],"wp:attachment":[{"href":"https:\/\/www.billigtrikotde.com\/sk\/wp-json\/wp\/v2\/media?parent=20997"}],"wp:term":[{"taxonomy":"product_brand","embeddable":true,"href":"https:\/\/www.billigtrikotde.com\/sk\/wp-json\/wp\/v2\/product_brand?post=20997"},{"taxonomy":"product_cat","embeddable":true,"href":"https:\/\/www.billigtrikotde.com\/sk\/wp-json\/wp\/v2\/product_cat?post=20997"},{"taxonomy":"product_tag","embeddable":true,"href":"https:\/\/www.billigtrikotde.com\/sk\/wp-json\/wp\/v2\/product_tag?post=20997"}],"curies":[{"name":"wp","href":"https:\/\/api.w.org\/{rel}","templated":true}]}}