{"id":20901,"date":"2025-03-06T14:30:41","date_gmt":"2025-03-06T13:30:41","guid":{"rendered":"https:\/\/www.billigtrikotde.com\/?post_type=product&#038;p=20901"},"modified":"2025-03-06T14:52:19","modified_gmt":"2025-03-06T13:52:19","slug":"billige-trikots-kinder-ac-milan-auswaerts-trikotsatz-2024-25-malick-thiaw-28","status":"publish","type":"product","link":"https:\/\/www.billigtrikotde.com\/sk\/billige-trikots-kinder-ac-milan-auswaerts-trikotsatz-2024-25-malick-thiaw-28\/","title":{"rendered":"Lacn\u00e9 detsk\u00e9 dresy AC Milan Away Kit 2024-25 Malick Thiaw 28"},"content":{"rendered":"<p>Biela dom\u00e1ca vonkaj\u0161ia s\u00faprava sa dr\u017e\u00ed klasick\u00e9ho farebn\u00e9ho dizajnu AC Mil\u00e1no a predstavuje nov\u00fd vzh\u013ead pre sez\u00f3nu 24\/25. Biele tri\u010dko m\u00e1 decentn\u00fd vzor s vertik\u00e1lnymi pruhmi. Golier a man\u017eety s\u00fa zdoben\u00e9 \u010derven\u00fdmi a \u010diernymi ornamentmi a \u010dierne logo dop\u013a\u0148a dizajn. Je tu AC Mil\u00e1no emblem tla\u010den\u00fd silik\u00f3nom a dva teplo pren\u00e1\u0161an\u00e9 sponzorsk\u00e9 log\u00e1.<\/p>\n<p>Ide o kr\u00e1tke ruk\u00e1vy, prekladan\u00fd rol\u00e1k s v\u00fdstrihom do polovi\u010dky a vonkaj\u0161ie dresov\u00e9 tri\u010dko, ktor\u00e9 sa perfektne hod\u00ed na z\u00e1pasov\u00e9 dni AC Mil\u00e1no a na be\u017en\u00fd de\u0148. Tri\u010dko je k dispoz\u00edcii v ve\u013ekostiach pre dospel\u00fdch S\u20132XL a \u0161tandardne je navrhnut\u00e9 pre maxim\u00e1lne pohodlie na ihrisku aj mimo neho. Toto tri\u010dko z \u013eahk\u00e9ho polyesteru je priedu\u0161n\u00e9 a disponuje technol\u00f3giou odv\u00e1dzania potu Duracell, ktor\u00e1 v\u00e1s udr\u017e\u00ed v chlade a suchu.<\/p>\n<p>Tipy na tla\u010d: Ak s\u00fa meno a \u010d\u00edslo na obr\u00e1zku presne tak\u00e9, ak\u00e9 chcete, nemus\u00edte ich zad\u00e1va\u0165 znova. Ak nie, mali by ste zada\u0165 po\u017eadovan\u00e9 meno a \u010d\u00edslo.<\/p>\n<p>Tipy na pranie: Odpor\u00fa\u010dame pra\u0165 futbalov\u00e9 tri\u010dk\u00e1 v ruke. Ak chcete pou\u017ei\u0165 pr\u00e1\u010dku, nezabudnite futbalov\u00e9 tri\u010dk\u00e1 oto\u010di\u0165 naruby a potom ich vypra\u0165. Napl\u0148te pr\u00e1\u010dku studenou vodou a pou\u017eite jemn\u00fd cyklus, aby ste lep\u0161ie ochr\u00e1nili farby.<\/p>","protected":false},"excerpt":{"rendered":"<p>Das wei\u00dfe Ausw\u00e4rtstrikot greift das klassische Farbdesign des AC Mailand auf und pr\u00e4sentiert einen neuen Look f\u00fcr die Saison 24\/25. Das wei\u00dfe Trikot weist ein dezentes Muster mit vertikalen Streifen auf. Der Kragen und die Manschetten sind mit roten und schwarzen Verzierungen versehen, und ein schwarzes Logo rundet das Design ab. Es gibt ein mit [&hellip;]<\/p>","protected":false},"featured_media":20903,"comment_status":"open","ping_status":"closed","template":"","meta":[],"product_brand":[],"product_cat":[92],"product_tag":[630,631,93,20,574,1415,24,1416,94,1419],"class_list":{"0":"post-20901","1":"product","2":"type-product","3":"status-publish","4":"has-post-thumbnail","6":"product_cat-ac-mailand-kindertrikot","7":"product_tag-ac-milan-fussballtrikots-kinder","8":"product_tag-ac-milan-trikot-fuer-kinder","9":"product_tag-ac-milan-trikotsatz-fuer-kinder","10":"product_tag-coole-fussballtrikots","11":"product_tag-fussballtrikot-deutschland","12":"product_tag-fussballtrikots-set","13":"product_tag-guenstiges-fussballtrikot","14":"product_tag-kinder-ac-milan-trikot","15":"product_tag-kinder-fussball-trikotsatz","16":"product_tag-malick-thiaw-trikot","18":"first","19":"instock","20":"shipping-taxable","21":"purchasable","22":"product-type-variable"},"_links":{"self":[{"href":"https:\/\/www.billigtrikotde.com\/sk\/wp-json\/wp\/v2\/product\/20901","targetHints":{"allow":["GET"]}}],"collection":[{"href":"https:\/\/www.billigtrikotde.com\/sk\/wp-json\/wp\/v2\/product"}],"about":[{"href":"https:\/\/www.billigtrikotde.com\/sk\/wp-json\/wp\/v2\/types\/product"}],"replies":[{"embeddable":true,"href":"https:\/\/www.billigtrikotde.com\/sk\/wp-json\/wp\/v2\/comments?post=20901"}],"wp:featuredmedia":[{"embeddable":true,"href":"https:\/\/www.billigtrikotde.com\/sk\/wp-json\/wp\/v2\/media\/20903"}],"wp:attachment":[{"href":"https:\/\/www.billigtrikotde.com\/sk\/wp-json\/wp\/v2\/media?parent=20901"}],"wp:term":[{"taxonomy":"product_brand","embeddable":true,"href":"https:\/\/www.billigtrikotde.com\/sk\/wp-json\/wp\/v2\/product_brand?post=20901"},{"taxonomy":"product_cat","embeddable":true,"href":"https:\/\/www.billigtrikotde.com\/sk\/wp-json\/wp\/v2\/product_cat?post=20901"},{"taxonomy":"product_tag","embeddable":true,"href":"https:\/\/www.billigtrikotde.com\/sk\/wp-json\/wp\/v2\/product_tag?post=20901"}],"curies":[{"name":"wp","href":"https:\/\/api.w.org\/{rel}","templated":true}]}}