{"id":208,"date":"2024-10-23T12:09:38","date_gmt":"2024-10-23T10:09:38","guid":{"rendered":"http:\/\/billigtrikots.com\/?post_type=product&#038;p=208"},"modified":"2024-10-23T12:11:42","modified_gmt":"2024-10-23T10:11:42","slug":"fc-barcelona-heimtrikot-2021-22-herren-fussballtrikots-blau-mit-aufdruck-sergio-5","status":"publish","type":"product","link":"https:\/\/www.billigtrikotde.com\/sk\/fc-barcelona-heimtrikot-2021-22-herren-fussballtrikots-blau-mit-aufdruck-sergio-5\/","title":{"rendered":"FC Barcelona dom\u00e1ca s\u00faprava 2021\/22 p\u00e1nske futbalov\u00e9 tri\u010dk\u00e1 modr\u00e9 s potla\u010dou Sergio 5"},"content":{"rendered":"<p>Recyklovan\u00fd funk\u010dn\u00fd materi\u00e1l s Nike Dri-FIT technol\u00f3giou, ktor\u00fd je z 100 % recyklovan\u00fd, je mimoriadne priedu\u0161n\u00fd a zabezpe\u010duje chladiv\u00fd pocit pri nosen\u00ed. Autentick\u00e9 t\u00edmov\u00e9 detaily, ako je klubov\u00e1 erb, pod\u010diarkuj\u00fa va\u0161e nad\u0161enie pre Barca, \u010di u\u017e na ihrisku alebo na ulici.<\/p>\n<p>Tipy na tla\u010d: Ak s\u00fa meno a \u010d\u00edslo na obr\u00e1zku presne tak\u00e9, ak\u00e9 chcete, nemus\u00edte ich zad\u00e1va\u0165 znova. Ak nie, mali by ste zada\u0165 po\u017eadovan\u00e9 meno a \u010d\u00edslo.<\/p>\n<p>Tipy na pranie: Odpor\u00fa\u010dame pra\u0165 futbalov\u00e9 tri\u010dk\u00e1 v ruke. Ak chcete pou\u017ei\u0165 pr\u00e1\u010dku, nezabudnite futbalov\u00e9 tri\u010dk\u00e1 oto\u010di\u0165 naruby a potom ich vypra\u0165. Napl\u0148te pr\u00e1\u010dku studenou vodou a pou\u017eite jemn\u00fd cyklus, aby ste lep\u0161ie ochr\u00e1nili farby.<\/p>","protected":false},"excerpt":{"rendered":"<p>Das zu 100 % recycelte Funktionsmaterial mit Nike Dri-FIT-Technologie ist besonders atmungsaktiv und sorgt f\u00fcr ein k\u00fchles Tragegef\u00fchl. Authentische Teamdetails wie das Vereinswappen untermauern deine Begeisterung f\u00fcr Barca, egal ob auf dem Platz oder auf der Stra\u00dfe. Tipps zum Drucken: Wenn der Name und die Nummer auf dem Bild genau Ihren W\u00fcnschen entsprechen, m\u00fcssen Sie [&hellip;]<\/p>","protected":false},"featured_media":251,"comment_status":"open","ping_status":"closed","template":"","meta":[],"product_brand":[],"product_cat":[31],"product_tag":[32,20,33,21,22,23,24],"class_list":{"0":"post-208","1":"product","2":"type-product","3":"status-publish","4":"has-post-thumbnail","6":"product_cat-fc-barcelona","7":"product_tag-barcelona-heimtrikot","8":"product_tag-coole-fussballtrikots","9":"product_tag-fc-barcelona-trikots","10":"product_tag-fussballtrikot-fuer-herren","11":"product_tag-fussballtrikot-guenstig-kaufen","12":"product_tag-fussballtrikot-kurzarm","13":"product_tag-guenstiges-fussballtrikot","15":"first","16":"instock","17":"shipping-taxable","18":"purchasable","19":"product-type-variable"},"_links":{"self":[{"href":"https:\/\/www.billigtrikotde.com\/sk\/wp-json\/wp\/v2\/product\/208","targetHints":{"allow":["GET"]}}],"collection":[{"href":"https:\/\/www.billigtrikotde.com\/sk\/wp-json\/wp\/v2\/product"}],"about":[{"href":"https:\/\/www.billigtrikotde.com\/sk\/wp-json\/wp\/v2\/types\/product"}],"replies":[{"embeddable":true,"href":"https:\/\/www.billigtrikotde.com\/sk\/wp-json\/wp\/v2\/comments?post=208"}],"wp:featuredmedia":[{"embeddable":true,"href":"https:\/\/www.billigtrikotde.com\/sk\/wp-json\/wp\/v2\/media\/251"}],"wp:attachment":[{"href":"https:\/\/www.billigtrikotde.com\/sk\/wp-json\/wp\/v2\/media?parent=208"}],"wp:term":[{"taxonomy":"product_brand","embeddable":true,"href":"https:\/\/www.billigtrikotde.com\/sk\/wp-json\/wp\/v2\/product_brand?post=208"},{"taxonomy":"product_cat","embeddable":true,"href":"https:\/\/www.billigtrikotde.com\/sk\/wp-json\/wp\/v2\/product_cat?post=208"},{"taxonomy":"product_tag","embeddable":true,"href":"https:\/\/www.billigtrikotde.com\/sk\/wp-json\/wp\/v2\/product_tag?post=208"}],"curies":[{"name":"wp","href":"https:\/\/api.w.org\/{rel}","templated":true}]}}