{"id":2077,"date":"2024-10-23T13:58:49","date_gmt":"2024-10-23T11:58:49","guid":{"rendered":"http:\/\/billigtrikots.com\/?post_type=product&#038;p=2077"},"modified":"2024-10-23T14:00:51","modified_gmt":"2024-10-23T12:00:51","slug":"inter-mailand-stadium-auswaertstrikot-2022-weiss-blau-mit-aufdruck-moses-11","status":"publish","type":"product","link":"https:\/\/www.billigtrikotde.com\/sk\/inter-mailand-stadium-auswaertstrikot-2022-weiss-blau-mit-aufdruck-moses-11\/","title":{"rendered":"Inter Milan Stadium away kit 2022 biela\/modr\u00e1 s potla\u010dou Moses 11"},"content":{"rendered":"<p>Podporte Nerazzurri s Nike Inter Mil\u00e1no 21\/22 Stadium vonkaj\u0161ie triko pre fan\u00fa\u0161ikov, verziu dresu nosen\u00e9ho profesion\u00e1lmi, s o nie\u010do vo\u013enej\u0161\u00edm strihom.<\/p>\n<p>\u0160peci\u00e1lne pre fan\u00fa\u0161ikov navrhnut\u00e9 Nike Inter Mil\u00e1no 21\/22 Stadium vonkaj\u0161ie triko pozost\u00e1va z \u013eahk\u00e9ho materi\u00e1lu Nike Breathe, ktor\u00fd \u0165a udr\u017e\u00ed chladn\u00e9ho a pohodln\u00e9ho, \u010di sleduje\u0161 svojho hrdinu pri hre, alebo ich povzbudzuje\u0161 zo zadu.<\/p>\n<p>Dres vonkaj\u0161ej Ligue Inter Mil\u00e1no 21\/22 oslavuje nov\u00fa vizu\u00e1lnu identitu klubu a Okrem nov\u00e9ho dizajnovan\u00e9ho znaku \u201eIM\u201c obsahuje aj ru\u010dne kreslen\u00fa grafiku hada Biscione, ktor\u00e1 pripom\u00edna klasick\u00fd dres z rokov 10\/11 a zobrazuje prechod z jednej \u00e9ry do druhej.<\/p>\n<p>Tipy na tla\u010d: Ak s\u00fa meno a \u010d\u00edslo na obr\u00e1zku presne tak\u00e9, ak\u00e9 chcete, nemus\u00edte ich zad\u00e1va\u0165 znova. Ak nie, mali by ste zada\u0165 po\u017eadovan\u00e9 meno a \u010d\u00edslo.<\/p>\n<p>Tipy na pranie: Odpor\u00fa\u010dame pra\u0165 futbalov\u00e9 tri\u010dk\u00e1 v ruke. Ak chcete pou\u017ei\u0165 pr\u00e1\u010dku, nezabudnite futbalov\u00e9 tri\u010dk\u00e1 oto\u010di\u0165 naruby a potom ich vypra\u0165. Napl\u0148te pr\u00e1\u010dku studenou vodou a pou\u017eite jemn\u00fd cyklus, aby ste lep\u0161ie ochr\u00e1nili farby.<\/p>","protected":false},"excerpt":{"rendered":"<p>Podporte Nerazzurri s Nike Inter Mil\u00e1no 21\/22 Stadium vonkaj\u0161ie tri\u010dko, verziu dresu ur\u010den\u00fa fan\u00fa\u0161ikom, ktor\u00e1 m\u00e1 o nie\u010do vo\u013enej\u0161\u00ed strih. \u0160peci\u00e1lne pre fan\u00fa\u0161ikov navrhnut\u00e9 Nike Inter Mil\u00e1no 21\/22 Stadium vonkaj\u0161ie tri\u010dko je vyroben\u00e9 zo \u013eahk\u00e9ho materi\u00e1lu Nike Breathe, ktor\u00fd \u0165a udr\u017e\u00ed chladn\u00e9ho a pohodln\u00e9ho, nech u\u017e svojho hrdinu sleduje\u0161 pri [\u2026]<\/p>","protected":false},"featured_media":2107,"comment_status":"open","ping_status":"closed","template":"","meta":[],"product_brand":[],"product_cat":[77],"product_tag":[20,21,22,23,24,79,78],"class_list":{"0":"post-2077","1":"product","2":"type-product","3":"status-publish","4":"has-post-thumbnail","6":"product_cat-inter-milan","7":"product_tag-coole-fussballtrikots","8":"product_tag-fussballtrikot-fuer-herren","9":"product_tag-fussballtrikot-guenstig-kaufen","10":"product_tag-fussballtrikot-kurzarm","11":"product_tag-guenstiges-fussballtrikot","12":"product_tag-inter-milan-auswaertstrikot","13":"product_tag-inter-milan-trikots","15":"first","16":"instock","17":"shipping-taxable","18":"purchasable","19":"product-type-variable"},"_links":{"self":[{"href":"https:\/\/www.billigtrikotde.com\/sk\/wp-json\/wp\/v2\/product\/2077","targetHints":{"allow":["GET"]}}],"collection":[{"href":"https:\/\/www.billigtrikotde.com\/sk\/wp-json\/wp\/v2\/product"}],"about":[{"href":"https:\/\/www.billigtrikotde.com\/sk\/wp-json\/wp\/v2\/types\/product"}],"replies":[{"embeddable":true,"href":"https:\/\/www.billigtrikotde.com\/sk\/wp-json\/wp\/v2\/comments?post=2077"}],"wp:featuredmedia":[{"embeddable":true,"href":"https:\/\/www.billigtrikotde.com\/sk\/wp-json\/wp\/v2\/media\/2107"}],"wp:attachment":[{"href":"https:\/\/www.billigtrikotde.com\/sk\/wp-json\/wp\/v2\/media?parent=2077"}],"wp:term":[{"taxonomy":"product_brand","embeddable":true,"href":"https:\/\/www.billigtrikotde.com\/sk\/wp-json\/wp\/v2\/product_brand?post=2077"},{"taxonomy":"product_cat","embeddable":true,"href":"https:\/\/www.billigtrikotde.com\/sk\/wp-json\/wp\/v2\/product_cat?post=2077"},{"taxonomy":"product_tag","embeddable":true,"href":"https:\/\/www.billigtrikotde.com\/sk\/wp-json\/wp\/v2\/product_tag?post=2077"}],"curies":[{"name":"wp","href":"https:\/\/api.w.org\/{rel}","templated":true}]}}