{"id":20748,"date":"2025-02-08T14:34:45","date_gmt":"2025-02-08T13:34:45","guid":{"rendered":"https:\/\/www.billigtrikotde.com\/?post_type=product&#038;p=20748"},"modified":"2025-03-01T09:17:39","modified_gmt":"2025-03-01T08:17:39","slug":"guenstige-chelsea-fussballtrikots-kinder-auswaerts-trikotsatz-2024-25","status":"publish","type":"product","link":"https:\/\/www.billigtrikotde.com\/sk\/guenstige-chelsea-fussballtrikots-kinder-auswaerts-trikotsatz-2024-25\/","title":{"rendered":"Lacn\u00e9 futbalov\u00e9 tri\u010dk\u00e1 Chelsea Kids Away Kit 2024-25"},"content":{"rendered":"<p>Mot\u00edv \"Blue Blame\" tohto dom\u00e1ceho dresu FC Chelsea 24\/25 je reprodukovan\u00fd aj na drese pre host\u00ed, \u010d\u00edm sa zd\u00f4raz\u0148uj\u00fa spolo\u010dn\u00e9 amb\u00edcie klubu, horiaca v\u00e1\u0161e\u0148 a odhodlanie uspie\u0165. V\u00fdrazn\u00e1 oran\u017eov\u00e1 farba akcentu symbolizuje ohe\u0148 a predstavuje spolo\u010dn\u00fa snahu v\u0161etk\u00fdch, ktor\u00ed s\u00fa spojen\u00ed s Chelsea, a to na ihrisku aj mimo neho. Slogan \"Together, We Burn Blue\" (Spolo\u010dne hor\u00edme modrou) vystihuje tento \u00e9tos a odr\u00e1\u017ea jednotu a intenzitu, ktor\u00fa chce klub vnies\u0165 do novej sez\u00f3ny.V\u00fdjazdov\u00e1 s\u00faprava Chelsea 2024\/25 obsahuje prisp\u00f4soben\u00fd erb, ktor\u00fd modern\u00fdm sp\u00f4sobom zv\u00fdraz\u0148uje oran\u017eov\u00e9 t\u00f3ny predch\u00e1dzaj\u00facich s\u00faprav klubu. Tento na mieru \u0161it\u00fd prvok zd\u00f4raz\u0148uje z\u00e1v\u00e4zok klubu k inov\u00e1ci\u00e1m a \u00factu k jeho dedi\u010dstvu.<\/p>\n<p>Tipy na tla\u010d: Ak s\u00fa meno a \u010d\u00edslo na obr\u00e1zku presne tak\u00e9, ak\u00e9 chcete, nemus\u00edte ich zad\u00e1va\u0165 znova. Ak nie, mali by ste zada\u0165 po\u017eadovan\u00e9 meno a \u010d\u00edslo.<\/p>\n<p>Tipy na pranie: Odpor\u00fa\u010dame pra\u0165 futbalov\u00e9 tri\u010dk\u00e1 v ruke. Ak chcete pou\u017ei\u0165 pr\u00e1\u010dku, nezabudnite futbalov\u00e9 tri\u010dk\u00e1 oto\u010di\u0165 naruby a potom ich vypra\u0165. Napl\u0148te pr\u00e1\u010dku studenou vodou a pou\u017eite jemn\u00fd cyklus, aby ste lep\u0161ie ochr\u00e1nili farby.<\/p>","protected":false},"excerpt":{"rendered":"<p>Das \u201eBlue Blame\u201c-Thema dieses Heimtrikots 24\/25 des FC Chelsea wird auch auf dem Ausw\u00e4rtstrikot wiedergegeben und unterstreicht den gemeinsamen Ehrgeiz, die brennende Leidenschaft und die Entschlossenheit des Vereins, erfolgreich zu sein. Die auff\u00e4llige orange Akzentfarbe symbolisiert Feuer und repr\u00e4sentiert den gemeinsamen Antrieb aller, die mit Chelsea verbunden sind, sowohl auf als auch neben dem Spielfeld. [&hellip;]<\/p>","protected":false},"featured_media":20750,"comment_status":"open","ping_status":"closed","template":"","meta":[],"product_brand":[],"product_cat":[162],"product_tag":[20,1280,831,832,163,24,94],"class_list":{"0":"post-20748","1":"product","2":"type-product","3":"status-publish","4":"has-post-thumbnail","6":"product_cat-chelsea-kindertrikot","7":"product_tag-coole-fussballtrikots","8":"product_tag-chelsea-fc-24-25-trikot","9":"product_tag-chelsea-fussballtrikots-kinder","10":"product_tag-chelsea-trikot-fuer-kinder","11":"product_tag-chelsea-trikotsatz-fuer-kinder","12":"product_tag-guenstiges-fussballtrikot","13":"product_tag-kinder-fussball-trikotsatz","15":"first","16":"instock","17":"shipping-taxable","18":"purchasable","19":"product-type-variable"},"_links":{"self":[{"href":"https:\/\/www.billigtrikotde.com\/sk\/wp-json\/wp\/v2\/product\/20748","targetHints":{"allow":["GET"]}}],"collection":[{"href":"https:\/\/www.billigtrikotde.com\/sk\/wp-json\/wp\/v2\/product"}],"about":[{"href":"https:\/\/www.billigtrikotde.com\/sk\/wp-json\/wp\/v2\/types\/product"}],"replies":[{"embeddable":true,"href":"https:\/\/www.billigtrikotde.com\/sk\/wp-json\/wp\/v2\/comments?post=20748"}],"wp:featuredmedia":[{"embeddable":true,"href":"https:\/\/www.billigtrikotde.com\/sk\/wp-json\/wp\/v2\/media\/20750"}],"wp:attachment":[{"href":"https:\/\/www.billigtrikotde.com\/sk\/wp-json\/wp\/v2\/media?parent=20748"}],"wp:term":[{"taxonomy":"product_brand","embeddable":true,"href":"https:\/\/www.billigtrikotde.com\/sk\/wp-json\/wp\/v2\/product_brand?post=20748"},{"taxonomy":"product_cat","embeddable":true,"href":"https:\/\/www.billigtrikotde.com\/sk\/wp-json\/wp\/v2\/product_cat?post=20748"},{"taxonomy":"product_tag","embeddable":true,"href":"https:\/\/www.billigtrikotde.com\/sk\/wp-json\/wp\/v2\/product_tag?post=20748"}],"curies":[{"name":"wp","href":"https:\/\/api.w.org\/{rel}","templated":true}]}}