{"id":20721,"date":"2025-01-29T05:48:39","date_gmt":"2025-01-29T04:48:39","guid":{"rendered":"https:\/\/www.billigtrikotde.com\/?post_type=product&#038;p=20721"},"modified":"2025-03-01T09:23:07","modified_gmt":"2025-03-01T08:23:07","slug":"kinder-trikot-billig-tottenham-hotspur-ausweich-trikotsatz-2024-25","status":"publish","type":"product","link":"https:\/\/www.billigtrikotde.com\/sk\/kinder-trikot-billig-tottenham-hotspur-ausweich-trikotsatz-2024-25\/","title":{"rendered":"Detsk\u00fd dres Tottenham Hotspur 2024-25"},"content":{"rendered":"<p>Dizajn tretieho dresu detsk\u00e9ho dresu Tottenham Hotspur v\u00fdmenn\u00e9ho setu je nen\u00e1padne in\u0161pirovan\u00fd siedmimi javormi, ktor\u00e9 stoja u\u017e cel\u00e9 st\u00e1ro\u010dia v South Tottenham. Tieto stromy fascinuju obyvate\u013eov u\u017e gener\u00e1cie a s\u00fa hlboko zakorenen\u00e9 v folkl\u00f3re. Pod\u013ea legendy boli p\u00f4vodn\u00e9 javorov\u00e9 stromy zasaden\u00e9 v 14. storo\u010d\u00ed siedmimi sestrami zo miestnej rodiny, \u010do dod\u00e1va pr\u00edbehu regi\u00f3nu mystick\u00fa pozn\u00e1mku.<\/p>\n<p>Integr\u00e1ciou prvkov tejto miestnej legendy do dizajnu dresu Tottenham Hotspur chce uk\u00e1za\u0165, \u017ee sa zav\u00e4zuje udr\u017eiava\u0165 svoje vz\u0165ahy s komunitou. Vzor na zelenom materi\u00e1li sl\u00fa\u017ei ako vizu\u00e1lne zobrazenie hlboko zakorenen\u00e9ho spojenia klubu so svojim PS\u010c N17 a okolie, ktor\u00e9 je u\u017e viac ako storo\u010die jeho domovom.<\/p>","protected":false},"excerpt":{"rendered":"<p>Das Design des dritten Trikots der Kinder Trikot Billig Tottenham Hotspur ist subtil inspiriert von den sieben Ulmen, die seit Jahrhunderten in South Tottenham stehen. Diese B\u00e4ume faszinieren die Anwohner seit Generationen und sind tief in der Folklore verwurzelt. Der Legende nach wurden die urspr\u00fcnglichen Ulmen im 14. Jahrhundert von sieben Schwestern einer einheimischen Familie [&hellip;]<\/p>","protected":false},"featured_media":20723,"comment_status":"open","ping_status":"closed","template":"","meta":[],"product_brand":[],"product_cat":[102],"product_tag":[20,574,24,94,1404,652,104,105],"class_list":{"0":"post-20721","1":"product","2":"type-product","3":"status-publish","4":"has-post-thumbnail","6":"product_cat-tottenham-hotspur-kindertrikot","7":"product_tag-coole-fussballtrikots","8":"product_tag-fussballtrikot-deutschland","9":"product_tag-guenstiges-fussballtrikot","10":"product_tag-kinder-fussball-trikotsatz","11":"product_tag-kinder-trikot-billig-tottenham-hotspur","12":"product_tag-tottenham-hotspur-fussballtrikot","13":"product_tag-tottenham-hotspur-trikots","14":"product_tag-tottenham-hotspur-trikotsatz-fuer-kinder","16":"first","17":"instock","18":"shipping-taxable","19":"purchasable","20":"product-type-variable"},"_links":{"self":[{"href":"https:\/\/www.billigtrikotde.com\/sk\/wp-json\/wp\/v2\/product\/20721","targetHints":{"allow":["GET"]}}],"collection":[{"href":"https:\/\/www.billigtrikotde.com\/sk\/wp-json\/wp\/v2\/product"}],"about":[{"href":"https:\/\/www.billigtrikotde.com\/sk\/wp-json\/wp\/v2\/types\/product"}],"replies":[{"embeddable":true,"href":"https:\/\/www.billigtrikotde.com\/sk\/wp-json\/wp\/v2\/comments?post=20721"}],"wp:featuredmedia":[{"embeddable":true,"href":"https:\/\/www.billigtrikotde.com\/sk\/wp-json\/wp\/v2\/media\/20723"}],"wp:attachment":[{"href":"https:\/\/www.billigtrikotde.com\/sk\/wp-json\/wp\/v2\/media?parent=20721"}],"wp:term":[{"taxonomy":"product_brand","embeddable":true,"href":"https:\/\/www.billigtrikotde.com\/sk\/wp-json\/wp\/v2\/product_brand?post=20721"},{"taxonomy":"product_cat","embeddable":true,"href":"https:\/\/www.billigtrikotde.com\/sk\/wp-json\/wp\/v2\/product_cat?post=20721"},{"taxonomy":"product_tag","embeddable":true,"href":"https:\/\/www.billigtrikotde.com\/sk\/wp-json\/wp\/v2\/product_tag?post=20721"}],"curies":[{"name":"wp","href":"https:\/\/api.w.org\/{rel}","templated":true}]}}