{"id":20715,"date":"2025-01-29T05:27:56","date_gmt":"2025-01-29T04:27:56","guid":{"rendered":"https:\/\/www.billigtrikotde.com\/?post_type=product&#038;p=20715"},"modified":"2025-03-01T05:56:38","modified_gmt":"2025-03-01T04:56:38","slug":"tottenham-hotspur-auswaerts-trikotsatz-2024-25-fuer-kinder-cristian-romero-17","status":"publish","type":"product","link":"https:\/\/www.billigtrikotde.com\/sk\/tottenham-hotspur-auswaerts-trikotsatz-2024-25-fuer-kinder-cristian-romero-17\/","title":{"rendered":"Tottenham Hotspur Away Kit 2024-25 pre deti Cristian Romero 17"},"content":{"rendered":"<p>Odv\u00e1\u017enym odklonom od tradi\u010dn\u00e9ho dizajnu dresov Tottenhamu Hotspur je klubov\u00fd erb, ktor\u00fd je v centre pozornosti na s\u00faprave Tottenham Hotspur 24\/25. Toto inovat\u00edvne umiestnenie dod\u00e1va klasick\u00e9mu dizajnu modern\u00fd n\u00e1dych, \u010d\u00edm preklenuje priepas\u0165 medzi bohatou hist\u00f3riou Tottenhamu a jeho perspekt\u00edvnymi amb\u00edciami. Ruk\u00e1vy a v\u00fdstrih zdob\u00ed \u017elto-biely p\u00e1s, dizajnov\u00fd prvok, ktor\u00fd sa v bud\u00facej sez\u00f3ne objav\u00ed na v\u0161etk\u00fdch klubov\u00fdch s\u00faprav\u00e1ch.<\/p>\n<p>Tipy na tla\u010d: Ak s\u00fa meno a \u010d\u00edslo na obr\u00e1zku presne tak\u00e9, ak\u00e9 chcete, nemus\u00edte ich zad\u00e1va\u0165 znova. Ak nie, mali by ste zada\u0165 po\u017eadovan\u00e9 meno a \u010d\u00edslo.<\/p>\n<p>Tipy na pranie: Odpor\u00fa\u010dame pra\u0165 futbalov\u00e9 tri\u010dk\u00e1 v ruke. Ak chcete pou\u017ei\u0165 pr\u00e1\u010dku, nezabudnite futbalov\u00e9 tri\u010dk\u00e1 oto\u010di\u0165 naruby a potom ich vypra\u0165. Napl\u0148te pr\u00e1\u010dku studenou vodou a pou\u017eite jemn\u00fd cyklus, aby ste lep\u0161ie ochr\u00e1nili farby.<\/p>","protected":false},"excerpt":{"rendered":"<p>In einer mutigen Abkehr vom traditionellen Trikotdesign von Tottenham Hotspur steht das Vereinswappen auf dem Tottenham Hotspur 24\/25-Ausw\u00e4rtstrikot im Mittelpunkt. Diese innovative Platzierung verleiht dem klassischen Design eine moderne Note und \u00fcberbr\u00fcckt die L\u00fccke zwischen Tottenhams reicher Geschichte und seinen zukunftsweisenden Ambitionen. Die \u00c4rmel und der Ausschnitt sind mit einem gelb-wei\u00dfen Band verziert, einem Designelement, [&hellip;]<\/p>","protected":false},"featured_media":20717,"comment_status":"open","ping_status":"closed","template":"","meta":[],"product_brand":[],"product_cat":[102],"product_tag":[20,1403,574,24,94,652,104,105],"class_list":{"0":"post-20715","1":"product","2":"type-product","3":"status-publish","4":"has-post-thumbnail","6":"product_cat-tottenham-hotspur-kindertrikot","7":"product_tag-coole-fussballtrikots","8":"product_tag-cristian-romero-trikots","9":"product_tag-fussballtrikot-deutschland","10":"product_tag-guenstiges-fussballtrikot","11":"product_tag-kinder-fussball-trikotsatz","12":"product_tag-tottenham-hotspur-fussballtrikot","13":"product_tag-tottenham-hotspur-trikots","14":"product_tag-tottenham-hotspur-trikotsatz-fuer-kinder","16":"first","17":"instock","18":"shipping-taxable","19":"purchasable","20":"product-type-variable"},"_links":{"self":[{"href":"https:\/\/www.billigtrikotde.com\/sk\/wp-json\/wp\/v2\/product\/20715","targetHints":{"allow":["GET"]}}],"collection":[{"href":"https:\/\/www.billigtrikotde.com\/sk\/wp-json\/wp\/v2\/product"}],"about":[{"href":"https:\/\/www.billigtrikotde.com\/sk\/wp-json\/wp\/v2\/types\/product"}],"replies":[{"embeddable":true,"href":"https:\/\/www.billigtrikotde.com\/sk\/wp-json\/wp\/v2\/comments?post=20715"}],"wp:featuredmedia":[{"embeddable":true,"href":"https:\/\/www.billigtrikotde.com\/sk\/wp-json\/wp\/v2\/media\/20717"}],"wp:attachment":[{"href":"https:\/\/www.billigtrikotde.com\/sk\/wp-json\/wp\/v2\/media?parent=20715"}],"wp:term":[{"taxonomy":"product_brand","embeddable":true,"href":"https:\/\/www.billigtrikotde.com\/sk\/wp-json\/wp\/v2\/product_brand?post=20715"},{"taxonomy":"product_cat","embeddable":true,"href":"https:\/\/www.billigtrikotde.com\/sk\/wp-json\/wp\/v2\/product_cat?post=20715"},{"taxonomy":"product_tag","embeddable":true,"href":"https:\/\/www.billigtrikotde.com\/sk\/wp-json\/wp\/v2\/product_tag?post=20715"}],"curies":[{"name":"wp","href":"https:\/\/api.w.org\/{rel}","templated":true}]}}