{"id":20692,"date":"2025-01-26T08:43:43","date_gmt":"2025-01-26T07:43:43","guid":{"rendered":"https:\/\/www.billigtrikotde.com\/?post_type=product&#038;p=20692"},"modified":"2025-02-01T16:00:43","modified_gmt":"2025-02-01T15:00:43","slug":"kindertrikot-personalisierbar-real-madrid-ausweich-trikotsatz-2024-25","status":"publish","type":"product","link":"https:\/\/www.billigtrikotde.com\/sk\/kindertrikot-personalisierbar-real-madrid-ausweich-trikotsatz-2024-25\/","title":{"rendered":"Detsk\u00fd dres Real Madrid 2024-25"},"content":{"rendered":"<p>Cenovo dostupn\u00fd tret\u00ed dres Realu Madrid 2024\/25 m\u00e1 prepracovan\u00fa tmavosiv\u00fa farebn\u00fa sch\u00e9mu, ktor\u00e1 sa ve\u013emi l\u00ed\u0161i od predch\u00e1dzaj\u00facich n\u00e1vrhov. V\u00fdrazn\u00fdm prvkom nov\u00e9ho dresu Realu Madrid je zlo\u017eit\u00fd vzor s inici\u00e1lami klubu \"RMCF\", jedine\u010dn\u00fd dizajnov\u00fd prvok in\u0161pirovan\u00fd tradi\u010dn\u00fdmi madridsk\u00fdmi pouli\u010dn\u00fdmi n\u00e1pismi, ktor\u00fd vytv\u00e1ra siln\u00e9 spojenie medzi t\u00edmom a jeho domovsk\u00fdm mestom. Monogram, ktor\u00fd sa opakuje na celom drese, dod\u00e1va najnov\u0161iemu dresu Real Madrid 2024\/25 h\u013abku a charakter, pri\u010dom do dizajnu tretieho dresu Realu Madrid 24\/25 je zakomponovan\u00fdch nieko\u013eko pozoruhodn\u00fdch detailov. Dres m\u00e1 ploch\u00fd pleten\u00fd polo golier a zap\u00ednanie na gomb\u00edky, ktor\u00e9 dod\u00e1va celkovej estetike n\u00e1dych elegancie.<\/p>\n<p>Tipy na tla\u010d: Ak s\u00fa meno a \u010d\u00edslo na obr\u00e1zku presne tak\u00e9, ak\u00e9 chcete, nemus\u00edte ich zad\u00e1va\u0165 znova. Ak nie, mali by ste zada\u0165 po\u017eadovan\u00e9 meno a \u010d\u00edslo.<\/p>\n<p>Tipy na pranie: Odpor\u00fa\u010dame pra\u0165 futbalov\u00e9 tri\u010dk\u00e1 v ruke. Ak chcete pou\u017ei\u0165 pr\u00e1\u010dku, nezabudnite futbalov\u00e9 tri\u010dk\u00e1 oto\u010di\u0165 naruby a potom ich vypra\u0165. Napl\u0148te pr\u00e1\u010dku studenou vodou a pou\u017eite jemn\u00fd cyklus, aby ste lep\u0161ie ochr\u00e1nili farby.<\/p>","protected":false},"excerpt":{"rendered":"<p>Das g\u00fcnstige dritte Trikot von Real Madrid 2024\/25 zeichnet sich durch ein raffiniertes dunkelgraues Farbschema aus, das sich deutlich von fr\u00fcheren Designs unterscheidet. Das herausragende Merkmal des neuen Trikots von Real Madrid ist ein kompliziertes Muster mit den Initialen des Vereins \u201eRMCF\u201c.Dieses einzigartige Designelement ist von traditionellen Madrider Stra\u00dfenschildern inspiriert und schafft eine starke Verbindung [&hellip;]<\/p>","protected":false},"featured_media":20694,"comment_status":"open","ping_status":"closed","template":"","meta":[],"product_brand":[],"product_cat":[165],"product_tag":[20,574,24,94,879,880,47,166],"class_list":{"0":"post-20692","1":"product","2":"type-product","3":"status-publish","4":"has-post-thumbnail","6":"product_cat-real-madrid-kindertrikot","7":"product_tag-coole-fussballtrikots","8":"product_tag-fussballtrikot-deutschland","9":"product_tag-guenstiges-fussballtrikot","10":"product_tag-kinder-fussball-trikotsatz","11":"product_tag-real-madrid-fussballtrikots-kinder","12":"product_tag-real-madrid-trikot-fuer-kinder","13":"product_tag-real-madrid-trikots","14":"product_tag-real-madrid-trikotsatz-fuer-kinder","16":"first","17":"instock","18":"shipping-taxable","19":"purchasable","20":"product-type-variable"},"_links":{"self":[{"href":"https:\/\/www.billigtrikotde.com\/sk\/wp-json\/wp\/v2\/product\/20692","targetHints":{"allow":["GET"]}}],"collection":[{"href":"https:\/\/www.billigtrikotde.com\/sk\/wp-json\/wp\/v2\/product"}],"about":[{"href":"https:\/\/www.billigtrikotde.com\/sk\/wp-json\/wp\/v2\/types\/product"}],"replies":[{"embeddable":true,"href":"https:\/\/www.billigtrikotde.com\/sk\/wp-json\/wp\/v2\/comments?post=20692"}],"wp:featuredmedia":[{"embeddable":true,"href":"https:\/\/www.billigtrikotde.com\/sk\/wp-json\/wp\/v2\/media\/20694"}],"wp:attachment":[{"href":"https:\/\/www.billigtrikotde.com\/sk\/wp-json\/wp\/v2\/media?parent=20692"}],"wp:term":[{"taxonomy":"product_brand","embeddable":true,"href":"https:\/\/www.billigtrikotde.com\/sk\/wp-json\/wp\/v2\/product_brand?post=20692"},{"taxonomy":"product_cat","embeddable":true,"href":"https:\/\/www.billigtrikotde.com\/sk\/wp-json\/wp\/v2\/product_cat?post=20692"},{"taxonomy":"product_tag","embeddable":true,"href":"https:\/\/www.billigtrikotde.com\/sk\/wp-json\/wp\/v2\/product_tag?post=20692"}],"curies":[{"name":"wp","href":"https:\/\/api.w.org\/{rel}","templated":true}]}}