{"id":20662,"date":"2025-01-24T08:36:18","date_gmt":"2025-01-24T07:36:18","guid":{"rendered":"https:\/\/www.billigtrikotde.com\/?post_type=product&#038;p=20662"},"modified":"2025-03-01T09:14:12","modified_gmt":"2025-03-01T08:14:12","slug":"fc-barcelona-ausweich-trikotsatz-2024-25-fussballtrikots-fuer-kinder","status":"publish","type":"product","link":"https:\/\/www.billigtrikotde.com\/sk\/fc-barcelona-ausweich-trikotsatz-2024-25-fussballtrikots-fuer-kinder\/","title":{"rendered":"Futbalov\u00e1 s\u00faprava FC Barcelona 2024-25 pre deti"},"content":{"rendered":"<p>Cenovo dostupn\u00fd tret\u00ed dres Bar\u00e7a 2024-25 zaujme svojou modernou farebnou sch\u00e9mou. Kombinuje jasn\u00fa voltov\u00fa farbu s modrou farbou loga a aplik\u00e1ci\u00ed. Ofici\u00e1lne farby s\u00fa \"Barely Volt \/ Old Royal\" a tret\u00ed dres Bar\u00e7a 2024-2025 je navrhnut\u00fd so symbolom \u017eensk\u00e9ho pohlavia - hermafroditom, kruhom nad kr\u00ed\u017eom.<\/p>\n<p>Rovnako ako v\u0161etky ostatn\u00e9 dresy na sez\u00f3nu 2024-2025 m\u00e1 aj dres Barcelona 24-25 na hlave n\u00e1pis swoosh. Erb je na \u013eavej strane v jednofarebnej voltovej verzii s modr\u00fdm lemovan\u00edm.<\/p>\n<p>Tipy na tla\u010d: Ak s\u00fa meno a \u010d\u00edslo na obr\u00e1zku presne tak\u00e9, ak\u00e9 chcete, nemus\u00edte ich zad\u00e1va\u0165 znova. Ak nie, mali by ste zada\u0165 po\u017eadovan\u00e9 meno a \u010d\u00edslo.<\/p>\n<p>Tipy na pranie: Odpor\u00fa\u010dame pra\u0165 futbalov\u00e9 tri\u010dk\u00e1 v ruke. Ak chcete pou\u017ei\u0165 pr\u00e1\u010dku, nezabudnite futbalov\u00e9 tri\u010dk\u00e1 oto\u010di\u0165 naruby a potom ich vypra\u0165. Napl\u0148te pr\u00e1\u010dku studenou vodou a pou\u017eite jemn\u00fd cyklus, aby ste lep\u0161ie ochr\u00e1nili farby.<\/p>","protected":false},"excerpt":{"rendered":"<p>Lacn\u00e9 tretie dres Barcy z roku 2024-25 zauj\u00edma modern\u00fdm farebn\u00fdm sch\u00e9matom. Kombinuje svetl\u00fa \u017elt\u00fa s modrou pre log\u00e1 a appli\u00e1cie. Ofici\u00e1lne s\u00fa farby \u201eBarely Volt \/ Old Royal\u201c. Tret\u00ed dres Barcy z roku 2024-2025 je navrhnut\u00fd so symbolom \u017eensk\u00e9ho pohlavia \u2013 zvy\u0161ok, kruh nad kr\u00ed\u017eom. Ako v\u0161etky ostatn\u00e9 dresy tejto sez\u00f3ny [\u2026]<\/p>","protected":false},"featured_media":20664,"comment_status":"open","ping_status":"closed","template":"","meta":[],"product_brand":[],"product_cat":[146],"product_tag":[20,33,1261,22,24],"class_list":{"0":"post-20662","1":"product","2":"type-product","3":"status-publish","4":"has-post-thumbnail","6":"product_cat-barcelona-kindertrikot","7":"product_tag-coole-fussballtrikots","8":"product_tag-fc-barcelona-trikots","9":"product_tag-fussballtrikot-fuer-kinder","10":"product_tag-fussballtrikot-guenstig-kaufen","11":"product_tag-guenstiges-fussballtrikot","13":"first","14":"instock","15":"shipping-taxable","16":"purchasable","17":"product-type-variable"},"_links":{"self":[{"href":"https:\/\/www.billigtrikotde.com\/sk\/wp-json\/wp\/v2\/product\/20662","targetHints":{"allow":["GET"]}}],"collection":[{"href":"https:\/\/www.billigtrikotde.com\/sk\/wp-json\/wp\/v2\/product"}],"about":[{"href":"https:\/\/www.billigtrikotde.com\/sk\/wp-json\/wp\/v2\/types\/product"}],"replies":[{"embeddable":true,"href":"https:\/\/www.billigtrikotde.com\/sk\/wp-json\/wp\/v2\/comments?post=20662"}],"wp:featuredmedia":[{"embeddable":true,"href":"https:\/\/www.billigtrikotde.com\/sk\/wp-json\/wp\/v2\/media\/20664"}],"wp:attachment":[{"href":"https:\/\/www.billigtrikotde.com\/sk\/wp-json\/wp\/v2\/media?parent=20662"}],"wp:term":[{"taxonomy":"product_brand","embeddable":true,"href":"https:\/\/www.billigtrikotde.com\/sk\/wp-json\/wp\/v2\/product_brand?post=20662"},{"taxonomy":"product_cat","embeddable":true,"href":"https:\/\/www.billigtrikotde.com\/sk\/wp-json\/wp\/v2\/product_cat?post=20662"},{"taxonomy":"product_tag","embeddable":true,"href":"https:\/\/www.billigtrikotde.com\/sk\/wp-json\/wp\/v2\/product_tag?post=20662"}],"curies":[{"name":"wp","href":"https:\/\/api.w.org\/{rel}","templated":true}]}}