{"id":20628,"date":"2025-01-20T15:08:33","date_gmt":"2025-01-20T14:08:33","guid":{"rendered":"https:\/\/www.billigtrikotde.com\/?post_type=product&#038;p=20628"},"modified":"2025-03-01T09:19:57","modified_gmt":"2025-03-01T08:19:57","slug":"guenstige-trikots-kinder-fc-barcelona-heimtrikot-2024-25-raphinha-belloli-11","status":"publish","type":"product","link":"https:\/\/www.billigtrikotde.com\/sk\/guenstige-trikots-kinder-fc-barcelona-heimtrikot-2024-25-raphinha-belloli-11\/","title":{"rendered":"Lacn\u00e9 dresy Detsk\u00e9 FC Barcelona dom\u00e1ce tri\u010dko 2024-25 Raphinha Belloli 11"},"content":{"rendered":"<p>Cenovo dostupn\u00fd dres FC Barcelona 2024-25 m\u00e1 s\u013eubn\u00fa farebn\u00fa kombin\u00e1ciu a dizajn. Dres Barcelona 2024-25 kombinuje kr\u00e1\u013eovsk\u00fa modr\u00fa, n\u00e1morn\u00edcku modr\u00fa a \u010derven\u00fa farbu so zlat\u00fdmi logami. \u010co sa t\u00fdka dizajnu, dres Barcelona 24-25 m\u00e1 vzh\u013ead pol na pol v modrej a bordovej farbe. Log\u00e1 swoosh a Spotify s\u00fa zlat\u00e9, zatia\u013e \u010do erb je v \u0161tandardn\u00fdch farb\u00e1ch. Golier a man\u017eety s\u00fa tmavomodr\u00e9. Farebn\u00e1 kombin\u00e1cia a dizajn pripom\u00ednaj\u00fa dres k 100. v\u00fdro\u010diu Barcelony.<\/p>\n<p>Tipy na tla\u010d: Ak s\u00fa meno a \u010d\u00edslo na obr\u00e1zku presne tak\u00e9, ak\u00e9 chcete, nemus\u00edte ich zad\u00e1va\u0165 znova. Ak nie, mali by ste zada\u0165 po\u017eadovan\u00e9 meno a \u010d\u00edslo.<\/p>\n<p>Tipy na pranie: Odpor\u00fa\u010dame pra\u0165 futbalov\u00e9 tri\u010dk\u00e1 v ruke. Ak chcete pou\u017ei\u0165 pr\u00e1\u010dku, nezabudnite futbalov\u00e9 tri\u010dk\u00e1 oto\u010di\u0165 naruby a potom ich vypra\u0165. Napl\u0148te pr\u00e1\u010dku studenou vodou a pou\u017eite jemn\u00fd cyklus, aby ste lep\u0161ie ochr\u00e1nili farby.<\/p>","protected":false},"excerpt":{"rendered":"<p>Das g\u00fcnstige FC Barcelona 2024-25 Trikot hat eine vielversprechende Farbkombination und Design. Das Barcelona 2024-25 Trikot kombiniert K\u00f6nigsblau, Marineblau und Rot mit goldenen Logos. Was das Design angeht, so hat das Barcelona 24-25 Trikot einen Halb-und-Halb-Look in Blau und Kastanienbraun. Der Swoosh und die Spotify-Logos sind goldfarben, w\u00e4hrend das Wappen in den Standardfarben gehalten ist. [&hellip;]<\/p>","protected":false},"featured_media":20630,"comment_status":"open","ping_status":"closed","template":"","meta":[],"product_brand":[],"product_cat":[146],"product_tag":[20,33,1261,22,24,1295],"class_list":{"0":"post-20628","1":"product","2":"type-product","3":"status-publish","4":"has-post-thumbnail","6":"product_cat-barcelona-kindertrikot","7":"product_tag-coole-fussballtrikots","8":"product_tag-fc-barcelona-trikots","9":"product_tag-fussballtrikot-fuer-kinder","10":"product_tag-fussballtrikot-guenstig-kaufen","11":"product_tag-guenstiges-fussballtrikot","12":"product_tag-raphinha-belloli-trikots","14":"first","15":"instock","16":"shipping-taxable","17":"purchasable","18":"product-type-variable"},"_links":{"self":[{"href":"https:\/\/www.billigtrikotde.com\/sk\/wp-json\/wp\/v2\/product\/20628","targetHints":{"allow":["GET"]}}],"collection":[{"href":"https:\/\/www.billigtrikotde.com\/sk\/wp-json\/wp\/v2\/product"}],"about":[{"href":"https:\/\/www.billigtrikotde.com\/sk\/wp-json\/wp\/v2\/types\/product"}],"replies":[{"embeddable":true,"href":"https:\/\/www.billigtrikotde.com\/sk\/wp-json\/wp\/v2\/comments?post=20628"}],"wp:featuredmedia":[{"embeddable":true,"href":"https:\/\/www.billigtrikotde.com\/sk\/wp-json\/wp\/v2\/media\/20630"}],"wp:attachment":[{"href":"https:\/\/www.billigtrikotde.com\/sk\/wp-json\/wp\/v2\/media?parent=20628"}],"wp:term":[{"taxonomy":"product_brand","embeddable":true,"href":"https:\/\/www.billigtrikotde.com\/sk\/wp-json\/wp\/v2\/product_brand?post=20628"},{"taxonomy":"product_cat","embeddable":true,"href":"https:\/\/www.billigtrikotde.com\/sk\/wp-json\/wp\/v2\/product_cat?post=20628"},{"taxonomy":"product_tag","embeddable":true,"href":"https:\/\/www.billigtrikotde.com\/sk\/wp-json\/wp\/v2\/product_tag?post=20628"}],"curies":[{"name":"wp","href":"https:\/\/api.w.org\/{rel}","templated":true}]}}