{"id":20535,"date":"2025-01-07T09:02:43","date_gmt":"2025-01-07T08:02:43","guid":{"rendered":"https:\/\/www.billigtrikotde.com\/?post_type=product&#038;p=20535"},"modified":"2025-02-01T15:57:37","modified_gmt":"2025-02-01T14:57:37","slug":"kinder-rb-leipzig-ausweich-trikotsatz-2024-25-gruen-fussballtrikots-benjamin-sesko-30","status":"publish","type":"product","link":"https:\/\/www.billigtrikotde.com\/sk\/kinder-rb-leipzig-ausweich-trikotsatz-2024-25-gruen-fussballtrikots-benjamin-sesko-30\/","title":{"rendered":"Detsk\u00e9 futbalov\u00e9 tri\u010dko RB Leipzig 2024-25 Green Benjamin Sesko 30"},"content":{"rendered":"<p>Rasen Ballsport RB Leipzig 2024-25 tretie futbalov\u00e9 tri\u010dko je preva\u017ene tmavomodr\u00e9 s futuristick\u00fdmi grafikami, ktor\u00e9 oslavuj\u00fa \u00fastup vpred a \u010fal\u0161iu gener\u00e1ciu klubu. Hlbok\u00fd V-\u010drt a man\u017eety s\u00fa v m\u00e4tej zelenej odtieni, zatia\u013e \u010do znak klubu a RB Leipzig s\u00fa biele.<\/p>\n<p>Tipy na tla\u010d: Ak s\u00fa meno a \u010d\u00edslo na obr\u00e1zku presne tak\u00e9, ak\u00e9 chcete, nemus\u00edte ich zad\u00e1va\u0165 znova. Ak nie, mali by ste zada\u0165 po\u017eadovan\u00e9 meno a \u010d\u00edslo.<\/p>\n<p>Tipy na pranie: Odpor\u00fa\u010dame pra\u0165 futbalov\u00e9 tri\u010dk\u00e1 v ruke. Ak chcete pou\u017ei\u0165 pr\u00e1\u010dku, nezabudnite futbalov\u00e9 tri\u010dk\u00e1 oto\u010di\u0165 naruby a potom ich vypra\u0165. Napl\u0148te pr\u00e1\u010dku studenou vodou a pou\u017eite jemn\u00fd cyklus, aby ste lep\u0161ie ochr\u00e1nili farby.<\/p>","protected":false},"excerpt":{"rendered":"<p>Das Rasen Ballsport RB Leipzig 2024-25 tretie futbalov\u00e9 tri\u010dko je preva\u017ene tmavomodr\u00e9 s futuristick\u00fdmi grafikami, ktor\u00e9 oslavuj\u00fa snahu vpred a \u010fal\u0161iu gener\u00e1ciu klubu. Hlbok\u00fd V v\u00fdstrih a man\u017eety s\u00fa v m\u00e4tovej farbe, zatia\u013e \u010do rod\u00e1k klubu a RB Leipzig s\u00fa v bielom. Tipy na tla\u010d: Ak sa meno a \u010d\u00edslo nach\u00e1dzaj\u00fa na obr\u00e1zku [\u2026]<\/p>","protected":false},"featured_media":20537,"comment_status":"open","ping_status":"closed","template":"","meta":[],"product_brand":[],"product_cat":[1330],"product_tag":[1335,20,574,24,94,1331,1332,1333,187,1334],"class_list":{"0":"post-20535","1":"product","2":"type-product","3":"status-publish","4":"has-post-thumbnail","6":"product_cat-rb-leipzig-kindertrikot","7":"product_tag-benjamin-sesko-trikots","8":"product_tag-coole-fussballtrikots","9":"product_tag-fussballtrikot-deutschland","10":"product_tag-guenstiges-fussballtrikot","11":"product_tag-kinder-fussball-trikotsatz","12":"product_tag-rb-leipzig-fussballtrikots-kinder","13":"product_tag-rb-leipzig-kinder-trikot-set","14":"product_tag-rb-leipzig-trikot-fuer-kinder","15":"product_tag-rb-leipzig-trikots","16":"product_tag-rb-leipzig-trikotsatz-fuer-kinder","18":"first","19":"instock","20":"shipping-taxable","21":"purchasable","22":"product-type-variable"},"_links":{"self":[{"href":"https:\/\/www.billigtrikotde.com\/sk\/wp-json\/wp\/v2\/product\/20535","targetHints":{"allow":["GET"]}}],"collection":[{"href":"https:\/\/www.billigtrikotde.com\/sk\/wp-json\/wp\/v2\/product"}],"about":[{"href":"https:\/\/www.billigtrikotde.com\/sk\/wp-json\/wp\/v2\/types\/product"}],"replies":[{"embeddable":true,"href":"https:\/\/www.billigtrikotde.com\/sk\/wp-json\/wp\/v2\/comments?post=20535"}],"wp:featuredmedia":[{"embeddable":true,"href":"https:\/\/www.billigtrikotde.com\/sk\/wp-json\/wp\/v2\/media\/20537"}],"wp:attachment":[{"href":"https:\/\/www.billigtrikotde.com\/sk\/wp-json\/wp\/v2\/media?parent=20535"}],"wp:term":[{"taxonomy":"product_brand","embeddable":true,"href":"https:\/\/www.billigtrikotde.com\/sk\/wp-json\/wp\/v2\/product_brand?post=20535"},{"taxonomy":"product_cat","embeddable":true,"href":"https:\/\/www.billigtrikotde.com\/sk\/wp-json\/wp\/v2\/product_cat?post=20535"},{"taxonomy":"product_tag","embeddable":true,"href":"https:\/\/www.billigtrikotde.com\/sk\/wp-json\/wp\/v2\/product_tag?post=20535"}],"curies":[{"name":"wp","href":"https:\/\/api.w.org\/{rel}","templated":true}]}}