{"id":20517,"date":"2025-01-04T11:39:46","date_gmt":"2025-01-04T10:39:46","guid":{"rendered":"https:\/\/www.billigtrikotde.com\/?post_type=product&#038;p=20517"},"modified":"2025-02-01T15:57:24","modified_gmt":"2025-02-01T14:57:24","slug":"kinder-rb-leipzig-auswaertstrikot-2024-25-rot-fussballtrikots-kaufen","status":"publish","type":"product","link":"https:\/\/www.billigtrikotde.com\/sk\/kinder-rb-leipzig-auswaertstrikot-2024-25-rot-fussballtrikots-kaufen\/","title":{"rendered":"Detsk\u00e9 tri\u010dko RB Leipzig Away 2024-25 Red Futbalov\u00e9 tri\u010dk\u00e1 K\u00fapi\u0165"},"content":{"rendered":"<p>Lacn\u00fd dres RB Leipzig 2024-25 m\u00e1 \u0161t\u00fdlov\u00fd dizajn pre klub, ktor\u00fd vlastn\u00ed Red Bulls. Kombin\u00e1cia dvoch odtie\u0148ov \u010dervenej farby v jedine\u010dnom vzorovanom dizajne so v\u0161etk\u00fdmi logami v bielej farbe symbolizuje klub \"Unstoppable\". klubov\u00fd znak na drese RB Leipzig 2024-25 je biely na bordovom pozad\u00ed, vyroben\u00fd z kvalitn\u00e9ho TPU s 3D efektom. Golier je svetlo\u010derven\u00fd a na prednej strane m\u00e1 bordov\u00fa vlo\u017eku.<\/p>\n<p>Tipy na tla\u010d: Ak s\u00fa meno a \u010d\u00edslo na obr\u00e1zku presne tak\u00e9, ak\u00e9 chcete, nemus\u00edte ich zad\u00e1va\u0165 znova. Ak nie, mali by ste zada\u0165 po\u017eadovan\u00e9 meno a \u010d\u00edslo.<\/p>\n<p>Tipy na pranie: Odpor\u00fa\u010dame pra\u0165 futbalov\u00e9 tri\u010dk\u00e1 v ruke. Ak chcete pou\u017ei\u0165 pr\u00e1\u010dku, nezabudnite futbalov\u00e9 tri\u010dk\u00e1 oto\u010di\u0165 naruby a potom ich vypra\u0165. Napl\u0148te pr\u00e1\u010dku studenou vodou a pou\u017eite jemn\u00fd cyklus, aby ste lep\u0161ie ochr\u00e1nili farby.<\/p>","protected":false},"excerpt":{"rendered":"<p>Das RB Leipzig 2024-25 Ausw\u00e4rtstrikot hat ein stylisches Design f\u00fcr den Verein im Besitz der Roten Bullen. Es kombiniert zwei Rott\u00f6ne in einem einzigartigen Musterdesign mit allen Logos in Wei\u00df.Das Design des Leipzig 24-25 Ausw\u00e4rtstrikots symbolisiert den &#8222;Unstoppable&#8220; Club.Das Vereinswappen des RB Leipzig 2024-25 Ausw\u00e4rtstrikots ist wei\u00df auf rotbraunem Grund, hergestellt aus hochwertigem TPU mit [&hellip;]<\/p>","protected":false},"featured_media":20519,"comment_status":"open","ping_status":"closed","template":"","meta":[],"product_brand":[],"product_cat":[1330],"product_tag":[],"class_list":{"0":"post-20517","1":"product","2":"type-product","3":"status-publish","4":"has-post-thumbnail","6":"product_cat-rb-leipzig-kindertrikot","8":"first","9":"instock","10":"shipping-taxable","11":"purchasable","12":"product-type-variable"},"_links":{"self":[{"href":"https:\/\/www.billigtrikotde.com\/sk\/wp-json\/wp\/v2\/product\/20517","targetHints":{"allow":["GET"]}}],"collection":[{"href":"https:\/\/www.billigtrikotde.com\/sk\/wp-json\/wp\/v2\/product"}],"about":[{"href":"https:\/\/www.billigtrikotde.com\/sk\/wp-json\/wp\/v2\/types\/product"}],"replies":[{"embeddable":true,"href":"https:\/\/www.billigtrikotde.com\/sk\/wp-json\/wp\/v2\/comments?post=20517"}],"wp:featuredmedia":[{"embeddable":true,"href":"https:\/\/www.billigtrikotde.com\/sk\/wp-json\/wp\/v2\/media\/20519"}],"wp:attachment":[{"href":"https:\/\/www.billigtrikotde.com\/sk\/wp-json\/wp\/v2\/media?parent=20517"}],"wp:term":[{"taxonomy":"product_brand","embeddable":true,"href":"https:\/\/www.billigtrikotde.com\/sk\/wp-json\/wp\/v2\/product_brand?post=20517"},{"taxonomy":"product_cat","embeddable":true,"href":"https:\/\/www.billigtrikotde.com\/sk\/wp-json\/wp\/v2\/product_cat?post=20517"},{"taxonomy":"product_tag","embeddable":true,"href":"https:\/\/www.billigtrikotde.com\/sk\/wp-json\/wp\/v2\/product_tag?post=20517"}],"curies":[{"name":"wp","href":"https:\/\/api.w.org\/{rel}","templated":true}]}}