{"id":2025,"date":"2024-10-23T13:56:31","date_gmt":"2024-10-23T11:56:31","guid":{"rendered":"http:\/\/billigtrikots.com\/?post_type=product&#038;p=2025"},"modified":"2024-10-23T13:58:08","modified_gmt":"2024-10-23T11:58:08","slug":"fussball-trikotsatz-chelsea-fc-stadium-2022-auswaertstrikot-gelb-schwarz-ziyech-22","status":"publish","type":"product","link":"https:\/\/www.billigtrikotde.com\/sk\/fussball-trikotsatz-chelsea-fc-stadium-2022-auswaertstrikot-gelb-schwarz-ziyech-22\/","title":{"rendered":"Chelsea FC Stadium 2022 hos\u0165uj\u00faca s\u00faprava \u017elt\u00e1\/\u010dierna Ziyech 22"},"content":{"rendered":"<p>Reprezentuj svoj t\u00edm v Chelsea FC Stadium Away Triku. Extr\u00e9mne priedu\u0161n\u00fd materi\u00e1l odv\u00e1dza pot od poko\u017eky a zabezpe\u010duje chladn\u00fd komfort nosenia \u2013 \u010di u\u017e na ihrisku alebo na trib\u00fane.<\/p>\n<p>Technol\u00f3gia Nike Dri-FIT odv\u00e1dza pot od poko\u017eky, \u010d\u00edm sa r\u00fdchlo odparuje, a umo\u017e\u0148uje tak such\u00fd komfort nosenia.<\/p>\n<p>Materi\u00e1l Nike Breathe je obzvl\u00e1\u0161\u0165 priedu\u0161n\u00fd a zabezpe\u010duje chladn\u00fd pocit pri nosen\u00ed.<\/p>\n<p>Autentick\u00fd dizajn je zalo\u017een\u00fd na z\u00e1pasov\u00fdch dresoch profesion\u00e1lov.<\/p>\n<p>Tipy na tla\u010d: Ak s\u00fa meno a \u010d\u00edslo na obr\u00e1zku presne tak\u00e9, ak\u00e9 chcete, nemus\u00edte ich zad\u00e1va\u0165 znova. Ak nie, mali by ste zada\u0165 po\u017eadovan\u00e9 meno a \u010d\u00edslo.<\/p>\n<p>Tipy na pranie: Odpor\u00fa\u010dame pra\u0165 futbalov\u00e9 tri\u010dk\u00e1 v ruke. Ak chcete pou\u017ei\u0165 pr\u00e1\u010dku, nezabudnite futbalov\u00e9 tri\u010dk\u00e1 oto\u010di\u0165 naruby a potom ich vypra\u0165. Napl\u0148te pr\u00e1\u010dku studenou vodou a pou\u017eite jemn\u00fd cyklus, aby ste lep\u0161ie ochr\u00e1nili farby.<\/p>","protected":false},"excerpt":{"rendered":"<p>Repr\u00e4sentiere dein Team im Chelsea FC Stadium Away Trikot. Das \u00e4u\u00dferst atmungsaktive Material leitet den Schwei\u00df von der Haut ab und sorgt damit f\u00fcr k\u00fchlen Tragekomfort \u2013 egal, ob auf dem Spielfeld oder der Trib\u00fcne. Die Nike Dri-FIT-Technologie leitet Schwei\u00df von der Haut ab, wodurch er schnell verdunstet, und erm\u00f6glicht so trockenen Tragekomfort. Das Nike [&hellip;]<\/p>","protected":false},"featured_media":2056,"comment_status":"open","ping_status":"closed","template":"","meta":[],"product_brand":[],"product_cat":[72],"product_tag":[20,76,73,21,22,23,24],"class_list":{"0":"post-2025","1":"product","2":"type-product","3":"status-publish","4":"has-post-thumbnail","6":"product_cat-chelsea","7":"product_tag-coole-fussballtrikots","8":"product_tag-chelsea-auswaertstrikot","9":"product_tag-chelsea-trikots","10":"product_tag-fussballtrikot-fuer-herren","11":"product_tag-fussballtrikot-guenstig-kaufen","12":"product_tag-fussballtrikot-kurzarm","13":"product_tag-guenstiges-fussballtrikot","15":"first","16":"instock","17":"shipping-taxable","18":"purchasable","19":"product-type-variable"},"_links":{"self":[{"href":"https:\/\/www.billigtrikotde.com\/sk\/wp-json\/wp\/v2\/product\/2025","targetHints":{"allow":["GET"]}}],"collection":[{"href":"https:\/\/www.billigtrikotde.com\/sk\/wp-json\/wp\/v2\/product"}],"about":[{"href":"https:\/\/www.billigtrikotde.com\/sk\/wp-json\/wp\/v2\/types\/product"}],"replies":[{"embeddable":true,"href":"https:\/\/www.billigtrikotde.com\/sk\/wp-json\/wp\/v2\/comments?post=2025"}],"wp:featuredmedia":[{"embeddable":true,"href":"https:\/\/www.billigtrikotde.com\/sk\/wp-json\/wp\/v2\/media\/2056"}],"wp:attachment":[{"href":"https:\/\/www.billigtrikotde.com\/sk\/wp-json\/wp\/v2\/media?parent=2025"}],"wp:term":[{"taxonomy":"product_brand","embeddable":true,"href":"https:\/\/www.billigtrikotde.com\/sk\/wp-json\/wp\/v2\/product_brand?post=2025"},{"taxonomy":"product_cat","embeddable":true,"href":"https:\/\/www.billigtrikotde.com\/sk\/wp-json\/wp\/v2\/product_cat?post=2025"},{"taxonomy":"product_tag","embeddable":true,"href":"https:\/\/www.billigtrikotde.com\/sk\/wp-json\/wp\/v2\/product_tag?post=2025"}],"curies":[{"name":"wp","href":"https:\/\/api.w.org\/{rel}","templated":true}]}}