{"id":1977,"date":"2024-10-23T13:54:21","date_gmt":"2024-10-23T11:54:21","guid":{"rendered":"http:\/\/billigtrikots.com\/?post_type=product&#038;p=1977"},"modified":"2024-10-23T13:56:24","modified_gmt":"2024-10-23T11:56:24","slug":"chelsea-fc-2022-stadium-third-herren-fan-trikots-mit-aufdruck-havertz-29","status":"publish","type":"product","link":"https:\/\/www.billigtrikotde.com\/sk\/chelsea-fc-2022-stadium-third-herren-fan-trikots-mit-aufdruck-havertz-29\/","title":{"rendered":"Chelsea FC 2022 Stadium Tret\u00ed p\u00e1nsky fan\u00fa\u0161ikovsk\u00fd dres s potla\u010dou Havertz 29"},"content":{"rendered":"<p>Dres Chelsea FC Stadium Ausweichtrikot zaujme t\u00edmov\u00fdmi detailmi a v\u010faka mimoriadne priedu\u0161n\u00e9mu materi\u00e1lu poskytuje chladn\u00fd, such\u00fd komfort nosenia na ihrisku alebo na trib\u00fane pri povzbudzovan\u00ed v\u00e1\u0161ho t\u00edmu.<br \/>\nTechnol\u00f3gia Nike Dri-FIT zabezpe\u010duje chladiv\u00fd, such\u00fd komfort pri nosen\u00ed.<br \/>\nAutentick\u00fd dizajn je zalo\u017een\u00fd na z\u00e1pasov\u00fdch dresoch profesion\u00e1lov.<\/p>\n<p>Tipy na tla\u010d: Ak s\u00fa meno a \u010d\u00edslo na obr\u00e1zku presne tak\u00e9, ak\u00e9 chcete, nemus\u00edte ich zad\u00e1va\u0165 znova. Ak nie, mali by ste zada\u0165 po\u017eadovan\u00e9 meno a \u010d\u00edslo.<\/p>\n<p>Tipy na pranie: Odpor\u00fa\u010dame pra\u0165 futbalov\u00e9 tri\u010dk\u00e1 v ruke. Ak chcete pou\u017ei\u0165 pr\u00e1\u010dku, nezabudnite futbalov\u00e9 tri\u010dk\u00e1 oto\u010di\u0165 naruby a potom ich vypra\u0165. Napl\u0148te pr\u00e1\u010dku studenou vodou a pou\u017eite jemn\u00fd cyklus, aby ste lep\u0161ie ochr\u00e1nili farby.<\/p>","protected":false},"excerpt":{"rendered":"<p>Das Chelsea FC Stadium Ausweichtrikot besticht mit Teamdetails und sorgt mit h\u00f6chst atmungsaktivem Material f\u00fcr k\u00fchlen, trockenen Tragekomfort auf dem Spielfeld oder der Trib\u00fcne beim Anfeuern deines Teams. Die atmungsaktive Nike Dri-FIT-Technologie gew\u00e4hrleistet k\u00fchlen, trockenen Tragekomfort. Das authentische Design basiert auf den Spieltrikots der Profis. Tipps zum Drucken: Wenn der Name und die Nummer auf [\u2026]<\/p>","protected":false},"featured_media":2007,"comment_status":"open","ping_status":"closed","template":"","meta":[],"product_brand":[],"product_cat":[72],"product_tag":[20,74,73,21,22,23,24],"class_list":{"0":"post-1977","1":"product","2":"type-product","3":"status-publish","4":"has-post-thumbnail","6":"product_cat-chelsea","7":"product_tag-coole-fussballtrikots","8":"product_tag-chelsea-ausweichtrikot","9":"product_tag-chelsea-trikots","10":"product_tag-fussballtrikot-fuer-herren","11":"product_tag-fussballtrikot-guenstig-kaufen","12":"product_tag-fussballtrikot-kurzarm","13":"product_tag-guenstiges-fussballtrikot","15":"first","16":"instock","17":"shipping-taxable","18":"purchasable","19":"product-type-variable"},"_links":{"self":[{"href":"https:\/\/www.billigtrikotde.com\/sk\/wp-json\/wp\/v2\/product\/1977","targetHints":{"allow":["GET"]}}],"collection":[{"href":"https:\/\/www.billigtrikotde.com\/sk\/wp-json\/wp\/v2\/product"}],"about":[{"href":"https:\/\/www.billigtrikotde.com\/sk\/wp-json\/wp\/v2\/types\/product"}],"replies":[{"embeddable":true,"href":"https:\/\/www.billigtrikotde.com\/sk\/wp-json\/wp\/v2\/comments?post=1977"}],"wp:featuredmedia":[{"embeddable":true,"href":"https:\/\/www.billigtrikotde.com\/sk\/wp-json\/wp\/v2\/media\/2007"}],"wp:attachment":[{"href":"https:\/\/www.billigtrikotde.com\/sk\/wp-json\/wp\/v2\/media?parent=1977"}],"wp:term":[{"taxonomy":"product_brand","embeddable":true,"href":"https:\/\/www.billigtrikotde.com\/sk\/wp-json\/wp\/v2\/product_brand?post=1977"},{"taxonomy":"product_cat","embeddable":true,"href":"https:\/\/www.billigtrikotde.com\/sk\/wp-json\/wp\/v2\/product_cat?post=1977"},{"taxonomy":"product_tag","embeddable":true,"href":"https:\/\/www.billigtrikotde.com\/sk\/wp-json\/wp\/v2\/product_tag?post=1977"}],"curies":[{"name":"wp","href":"https:\/\/api.w.org\/{rel}","templated":true}]}}