{"id":1965,"date":"2024-10-23T13:53:48","date_gmt":"2024-10-23T11:53:48","guid":{"rendered":"http:\/\/billigtrikots.com\/?post_type=product&#038;p=1965"},"modified":"2024-10-23T13:55:51","modified_gmt":"2024-10-23T11:55:51","slug":"chelsea-stadium-2022-heim-mateo-kovacic-17-fussball-trikot","status":"publish","type":"product","link":"https:\/\/www.billigtrikotde.com\/sk\/chelsea-stadium-2022-heim-mateo-kovacic-17-fussball-trikot\/","title":{"rendered":"Chelsea Stadium 2022 Dom\u00e1ce futbalov\u00e9 tri\u010dko Mateo Kovacic 17#"},"content":{"rendered":"<p>Nike uv\u00e1dza na trh modr\u00e9 tri\u010dko, s ktor\u00fdm m\u00f4\u017eete podpori\u0165 svoj ob\u013e\u00faben\u00fd klub v dobrom aj zlom srdcom a oddanos\u0165ou. Ako skuto\u010dn\u00fd fan\u00fa\u0161ik FC Chelsea London potrebujete toto dom\u00e1ce tri\u010dko, ktor\u00e9 nosia hr\u00e1\u010di v Premier League. Odpor\u00fa\u010dame tento model odv\u00e1dzaj\u00faci pot, \u013eahk\u00fd, pohodln\u00fd a priedu\u0161n\u00fd s pr\u00edjemn\u00fdm pocitom pri nosen\u00ed. Poskytuje vysok\u00fa odolnos\u0165. Skvel\u00fd vzh\u013ead tohto \u0161portov\u00e9ho tri\u010dka pod\u010diarkuje klubov\u00e1 erb na hrudi. S t\u00fdmto \u0161portov\u00fdm tri\u010dkom ste ide\u00e1lne oble\u010den\u00ed na ka\u017ed\u00fa tr\u00e9ningov\u00fa jednotku.<\/p>\n<p>Tipy na tla\u010d: Ak s\u00fa meno a \u010d\u00edslo na obr\u00e1zku presne tak\u00e9, ak\u00e9 chcete, nemus\u00edte ich zad\u00e1va\u0165 znova. Ak nie, mali by ste zada\u0165 po\u017eadovan\u00e9 meno a \u010d\u00edslo.<\/p>\n<p>Tipy na pranie: Odpor\u00fa\u010dame pra\u0165 futbalov\u00e9 tri\u010dk\u00e1 v ruke. Ak chcete pou\u017ei\u0165 pr\u00e1\u010dku, nezabudnite futbalov\u00e9 tri\u010dk\u00e1 oto\u010di\u0165 naruby a potom ich vypra\u0165. Napl\u0148te pr\u00e1\u010dku studenou vodou a pou\u017eite jemn\u00fd cyklus, aby ste lep\u0161ie ochr\u00e1nili farby.<\/p>","protected":false},"excerpt":{"rendered":"<p>Nike bringt mit dem Trikot in Blau ein Produkt heraus, mit dem du deinen Lieblingsverein in guten wie in schlechten Zeiten mit Herzblut und Hingabe unterst\u00fctzen kannst. Als echter FC Chelsea London-Fan brauchst du dieses Heim-Trikot, das die Spieler in der Premier League tragen. Wir empfehlen dieses schwei\u00dfableitende, leichte, bequeme und atmungsaktive Modell mit dem [&hellip;]<\/p>","protected":false},"featured_media":1995,"comment_status":"open","ping_status":"closed","template":"","meta":[],"product_brand":[],"product_cat":[72],"product_tag":[20,73,21,23,24],"class_list":{"0":"post-1965","1":"product","2":"type-product","3":"status-publish","4":"has-post-thumbnail","6":"product_cat-chelsea","7":"product_tag-coole-fussballtrikots","8":"product_tag-chelsea-trikots","9":"product_tag-fussballtrikot-fuer-herren","10":"product_tag-fussballtrikot-kurzarm","11":"product_tag-guenstiges-fussballtrikot","13":"first","14":"instock","15":"shipping-taxable","16":"purchasable","17":"product-type-variable"},"_links":{"self":[{"href":"https:\/\/www.billigtrikotde.com\/sk\/wp-json\/wp\/v2\/product\/1965","targetHints":{"allow":["GET"]}}],"collection":[{"href":"https:\/\/www.billigtrikotde.com\/sk\/wp-json\/wp\/v2\/product"}],"about":[{"href":"https:\/\/www.billigtrikotde.com\/sk\/wp-json\/wp\/v2\/types\/product"}],"replies":[{"embeddable":true,"href":"https:\/\/www.billigtrikotde.com\/sk\/wp-json\/wp\/v2\/comments?post=1965"}],"wp:featuredmedia":[{"embeddable":true,"href":"https:\/\/www.billigtrikotde.com\/sk\/wp-json\/wp\/v2\/media\/1995"}],"wp:attachment":[{"href":"https:\/\/www.billigtrikotde.com\/sk\/wp-json\/wp\/v2\/media?parent=1965"}],"wp:term":[{"taxonomy":"product_brand","embeddable":true,"href":"https:\/\/www.billigtrikotde.com\/sk\/wp-json\/wp\/v2\/product_brand?post=1965"},{"taxonomy":"product_cat","embeddable":true,"href":"https:\/\/www.billigtrikotde.com\/sk\/wp-json\/wp\/v2\/product_cat?post=1965"},{"taxonomy":"product_tag","embeddable":true,"href":"https:\/\/www.billigtrikotde.com\/sk\/wp-json\/wp\/v2\/product_tag?post=1965"}],"curies":[{"name":"wp","href":"https:\/\/api.w.org\/{rel}","templated":true}]}}