{"id":19571,"date":"2024-10-24T11:36:57","date_gmt":"2024-10-24T09:36:57","guid":{"rendered":"http:\/\/billigtrikots.com\/?post_type=product&#038;p=19571"},"modified":"2025-03-13T01:18:58","modified_gmt":"2025-03-13T00:18:58","slug":"herren-fussballtrikot-rb-leipzig-heim-trikotsatz-2024-25-mit-namen-openda-11","status":"publish","type":"product","link":"https:\/\/www.billigtrikotde.com\/sk\/herren-fussballtrikot-rb-leipzig-heim-trikotsatz-2024-25-mit-namen-openda-11\/","title":{"rendered":"P\u00e1nsky futbalov\u00fd dres RB Leipzig 2024-25 s n\u00e1zvom Openda 11"},"content":{"rendered":"<p>Dres RB Leipzig 2024-2025 m\u00e1 modern\u00fd dizajn v klubov\u00fdch farb\u00e1ch bielej a \u010dervenej. To, \u010d\u00edm dres RB Leipzig 2024-2025 vynik\u00e1, je dizajn na prednej strane. 44. Dres RB Leipzig 24-25 m\u00e1 jedine\u010dn\u00fd \u010derven\u00fd grafick\u00fd dizajn. Vzor je in\u0161pirovan\u00fd univerzitou v Lipsku. L\u00edmec aj man\u017eety dom\u00e1ceho dresu Rasenballsports Leipzig 24-25 s\u00fa \u010derven\u00e9.<\/p>\n<p>Tipy na tla\u010d: Ak s\u00fa meno a \u010d\u00edslo na obr\u00e1zku presne tak\u00e9, ak\u00e9 chcete, nemus\u00edte ich zad\u00e1va\u0165 znova. Ak nie, mali by ste zada\u0165 po\u017eadovan\u00e9 meno a \u010d\u00edslo.<\/p>\n<p>Tipy na pranie: Odpor\u00fa\u010dame pra\u0165 futbalov\u00e9 tri\u010dk\u00e1 v ruke. Ak chcete pou\u017ei\u0165 pr\u00e1\u010dku, nezabudnite futbalov\u00e9 tri\u010dk\u00e1 oto\u010di\u0165 naruby a potom ich vypra\u0165. Napl\u0148te pr\u00e1\u010dku studenou vodou a pou\u017eite jemn\u00fd cyklus, aby ste lep\u0161ie ochr\u00e1nili farby.<\/p>","protected":false},"excerpt":{"rendered":"<p>Dres RB Leipzig 2024-2025 m\u00e1 modern\u00fd dizajn v klubov\u00fdch farb\u00e1ch bielej a \u010dervenej. To, \u010d\u00edm dres RB Leipzig 2024-2025 vynik\u00e1, je dizajn na prednej strane. 44. Dres RB Leipzig 24-25 m\u00e1 jedine\u010dn\u00fd \u010derven\u00fd grafick\u00fd dizajn. Vzor je in\u0161pirovan\u00fd univerzitou v Lipsku a golier aj man\u017eety dom\u00e1ceho dresu Rasenballsports Leipzig 24-25 s\u00fa \u010derven\u00e9.<\/p>","protected":false},"featured_media":19613,"comment_status":"open","ping_status":"closed","template":"","meta":[],"product_brand":[],"product_cat":[185],"product_tag":[20,574,21,22,23,24,94,752,1331,1332,187],"class_list":{"0":"post-19571","1":"product","2":"type-product","3":"status-publish","4":"has-post-thumbnail","6":"product_cat-rb-leipzig","7":"product_tag-coole-fussballtrikots","8":"product_tag-fussballtrikot-deutschland","9":"product_tag-fussballtrikot-fuer-herren","10":"product_tag-fussballtrikot-guenstig-kaufen","11":"product_tag-fussballtrikot-kurzarm","12":"product_tag-guenstiges-fussballtrikot","13":"product_tag-kinder-fussball-trikotsatz","14":"product_tag-rb-leipzig-fussballtrikot","15":"product_tag-rb-leipzig-fussballtrikots-kinder","16":"product_tag-rb-leipzig-kinder-trikot-set","17":"product_tag-rb-leipzig-trikots","19":"first","20":"instock","21":"shipping-taxable","22":"purchasable","23":"product-type-variable"},"_links":{"self":[{"href":"https:\/\/www.billigtrikotde.com\/sk\/wp-json\/wp\/v2\/product\/19571","targetHints":{"allow":["GET"]}}],"collection":[{"href":"https:\/\/www.billigtrikotde.com\/sk\/wp-json\/wp\/v2\/product"}],"about":[{"href":"https:\/\/www.billigtrikotde.com\/sk\/wp-json\/wp\/v2\/types\/product"}],"replies":[{"embeddable":true,"href":"https:\/\/www.billigtrikotde.com\/sk\/wp-json\/wp\/v2\/comments?post=19571"}],"wp:featuredmedia":[{"embeddable":true,"href":"https:\/\/www.billigtrikotde.com\/sk\/wp-json\/wp\/v2\/media\/19613"}],"wp:attachment":[{"href":"https:\/\/www.billigtrikotde.com\/sk\/wp-json\/wp\/v2\/media?parent=19571"}],"wp:term":[{"taxonomy":"product_brand","embeddable":true,"href":"https:\/\/www.billigtrikotde.com\/sk\/wp-json\/wp\/v2\/product_brand?post=19571"},{"taxonomy":"product_cat","embeddable":true,"href":"https:\/\/www.billigtrikotde.com\/sk\/wp-json\/wp\/v2\/product_cat?post=19571"},{"taxonomy":"product_tag","embeddable":true,"href":"https:\/\/www.billigtrikotde.com\/sk\/wp-json\/wp\/v2\/product_tag?post=19571"}],"curies":[{"name":"wp","href":"https:\/\/api.w.org\/{rel}","templated":true}]}}