{"id":19549,"date":"2024-10-24T11:35:44","date_gmt":"2024-10-24T09:35:44","guid":{"rendered":"http:\/\/billigtrikots.com\/?post_type=product&#038;p=19549"},"modified":"2024-10-24T11:38:37","modified_gmt":"2024-10-24T09:38:37","slug":"kaufe-neue-fussballtrikots-liverpool-2024-25-auswaerts-trikotsatz","status":"publish","type":"product","link":"https:\/\/www.billigtrikotde.com\/sk\/kaufe-neue-fussballtrikots-liverpool-2024-25-auswaerts-trikotsatz\/","title":{"rendered":"K\u00fapi\u0165 nov\u00e9 futbalov\u00e9 s\u00fapravy Liverpool 2024-25 Away"},"content":{"rendered":"<p>Dres Liverpool 2024-2025 kombinuje tmav\u00fa antracitov\u00fa z\u00e1kladn\u00fa farbu (takmer \u010diernu) so svetl\u00fdmi tyrkysov\u00fdmi a svetlej\u0161\u00edmi antracitov\u00fdmi aplik\u00e1ciami. Log\u00e1 s\u00fa kr\u00e9movej farby. Ofici\u00e1lne farby s\u00fa \"Night Forest\/Anthracite\/Washed Teal\/Sail\". \u010co sa t\u00fdka dizajnu, dres Liverpool Football Club 24-25 je ve\u013emi jednoduch\u00fd. Nem\u00e1 \u017eiadny vzor ani grafick\u00fd dizajn.<\/p>\n<p>Tipy na tla\u010d: Ak s\u00fa meno a \u010d\u00edslo na obr\u00e1zku presne tak\u00e9, ak\u00e9 chcete, nemus\u00edte ich zad\u00e1va\u0165 znova. Ak nie, mali by ste zada\u0165 po\u017eadovan\u00e9 meno a \u010d\u00edslo.<\/p>\n<p>Tipy na pranie: Odpor\u00fa\u010dame pra\u0165 futbalov\u00e9 tri\u010dk\u00e1 v ruke. Ak chcete pou\u017ei\u0165 pr\u00e1\u010dku, nezabudnite futbalov\u00e9 tri\u010dk\u00e1 oto\u010di\u0165 naruby a potom ich vypra\u0165. Napl\u0148te pr\u00e1\u010dku studenou vodou a pou\u017eite jemn\u00fd cyklus, aby ste lep\u0161ie ochr\u00e1nili farby.<\/p>","protected":false},"excerpt":{"rendered":"<p>Liverpoolsk\u00e1 vonkaj\u0161ia s\u00faprava 2024-2025 kombinuje tmav\u00fa antracitov\u00fa z\u00e1kladn\u00fa farbu (t\u00e9mou takmer \u010dierna) s svetlo tyrkysov\u00fdmi a svetlej\u0161\u00edmi antracitov\u00fdmi aplik\u00e1ciami. Log\u00e1 s\u00fa kr\u00e9movej farby. Ofici\u00e1lne farby s\u00fa \u201eNight Forest\/Anthracite\/Washed Teal\/Sail\u201c. Z dizajnu je Liverpool Football Club 24-25 vonkaj\u0161ia s\u00faprava ve\u013emi jednoduch\u00e1. Nem\u00e1 vzory ani grafick\u00fd dizajn. Tipy na tla\u010d: Ak sa nach\u00e1dza meno a \u2026<\/p>","protected":false},"featured_media":19591,"comment_status":"open","ping_status":"closed","template":"","meta":[],"product_brand":[],"product_cat":[176],"product_tag":[20,574,21,23,24,1190,601,153],"class_list":{"0":"post-19549","1":"product","2":"type-product","3":"status-publish","4":"has-post-thumbnail","6":"product_cat-liverpool-fc","7":"product_tag-coole-fussballtrikots","8":"product_tag-fussballtrikot-deutschland","9":"product_tag-fussballtrikot-fuer-herren","10":"product_tag-fussballtrikot-kurzarm","11":"product_tag-guenstiges-fussballtrikot","12":"product_tag-liverpool-24-25-trikot","13":"product_tag-liverpool-fussballtrikot","14":"product_tag-liverpool-trikots","16":"first","17":"instock","18":"shipping-taxable","19":"purchasable","20":"product-type-variable"},"_links":{"self":[{"href":"https:\/\/www.billigtrikotde.com\/sk\/wp-json\/wp\/v2\/product\/19549","targetHints":{"allow":["GET"]}}],"collection":[{"href":"https:\/\/www.billigtrikotde.com\/sk\/wp-json\/wp\/v2\/product"}],"about":[{"href":"https:\/\/www.billigtrikotde.com\/sk\/wp-json\/wp\/v2\/types\/product"}],"replies":[{"embeddable":true,"href":"https:\/\/www.billigtrikotde.com\/sk\/wp-json\/wp\/v2\/comments?post=19549"}],"wp:featuredmedia":[{"embeddable":true,"href":"https:\/\/www.billigtrikotde.com\/sk\/wp-json\/wp\/v2\/media\/19591"}],"wp:attachment":[{"href":"https:\/\/www.billigtrikotde.com\/sk\/wp-json\/wp\/v2\/media?parent=19549"}],"wp:term":[{"taxonomy":"product_brand","embeddable":true,"href":"https:\/\/www.billigtrikotde.com\/sk\/wp-json\/wp\/v2\/product_brand?post=19549"},{"taxonomy":"product_cat","embeddable":true,"href":"https:\/\/www.billigtrikotde.com\/sk\/wp-json\/wp\/v2\/product_cat?post=19549"},{"taxonomy":"product_tag","embeddable":true,"href":"https:\/\/www.billigtrikotde.com\/sk\/wp-json\/wp\/v2\/product_tag?post=19549"}],"curies":[{"name":"wp","href":"https:\/\/api.w.org\/{rel}","templated":true}]}}